{"id":2735,"date":"2022-11-26T14:56:37","date_gmt":"2022-11-26T14:56:37","guid":{"rendered":"https:\/\/mameko.es\/?post_type=product&#038;p=2735"},"modified":"2022-11-28T21:10:51","modified_gmt":"2022-11-28T21:10:51","slug":"coussinets-dallaitement-mameko-copy-2","status":"publish","type":"product","link":"https:\/\/mameko.es\/fr\/boutique\/pack-noel\/coussinets-dallaitement-mameko-copy-2","title":{"rendered":"PACK EKO ALLAITEMENT + Pochette Cadeau"},"content":{"rendered":"<p>[et_pb_section fb_built=&#8221;1&#8243; _builder_version=&#8221;4.16&#8243; custom_padding=&#8221;0px||||false|false&#8221; global_colors_info=&#8221;{}&#8221;][et_pb_row _builder_version=&#8221;4.16&#8243; background_size=&#8221;initial&#8221; background_position=&#8221;top_left&#8221; background_repeat=&#8221;repeat&#8221; width=&#8221;100%&#8221; custom_padding=&#8221;0px||0px||false|false&#8221; global_colors_info=&#8221;{}&#8221;][et_pb_column type=&#8221;4_4&#8243; _builder_version=&#8221;4.16&#8243; custom_padding=&#8221;|||&#8221; global_colors_info=&#8221;{}&#8221; custom_padding__hover=&#8221;|||&#8221;][et_pb_wc_breadcrumb _builder_version=&#8221;4.16&#8243; global_colors_info=&#8221;{}&#8221;][\/et_pb_wc_breadcrumb][et_pb_wc_cart_notice _builder_version=&#8221;4.17.1&#8243; global_colors_info=&#8221;{}&#8221;][\/et_pb_wc_cart_notice][\/et_pb_column][\/et_pb_row][et_pb_row column_structure=&#8221;1_2,1_2&#8243; _builder_version=&#8221;4.16&#8243; background_size=&#8221;initial&#8221; background_position=&#8221;top_left&#8221; background_repeat=&#8221;repeat&#8221; width=&#8221;100%&#8221; custom_padding=&#8221;0px||||false|false&#8221; global_colors_info=&#8221;{}&#8221;][et_pb_column type=&#8221;1_2&#8243; _builder_version=&#8221;4.16&#8243; custom_padding=&#8221;|||&#8221; global_colors_info=&#8221;{}&#8221; custom_padding__hover=&#8221;|||&#8221;][et_pb_wc_images _builder_version=&#8221;4.16&#8243; global_colors_info=&#8221;{}&#8221;][\/et_pb_wc_images][\/et_pb_column][et_pb_column type=&#8221;1_2&#8243; _builder_version=&#8221;4.16&#8243; custom_padding=&#8221;|||&#8221; global_colors_info=&#8221;{}&#8221; custom_padding__hover=&#8221;|||&#8221;][et_pb_wc_title _builder_version=&#8221;4.16&#8243; global_colors_info=&#8221;{}&#8221;][\/et_pb_wc_title][et_pb_wc_rating _builder_version=&#8221;4.16&#8243; global_colors_info=&#8221;{}&#8221;][\/et_pb_wc_rating][et_pb_wc_price _builder_version=&#8221;4.16&#8243; global_colors_info=&#8221;{}&#8221;][\/et_pb_wc_price][et_pb_wc_description _builder_version=&#8221;4.17.1&#8243; body_font=&#8221;Comfortaa||||||||&#8221; global_colors_info=&#8221;{}&#8221;][\/et_pb_wc_description][et_pb_wc_add_to_cart _builder_version=&#8221;4.16&#8243; global_colors_info=&#8221;{}&#8221;][\/et_pb_wc_add_to_cart][et_pb_wc_meta _builder_version=&#8221;4.16&#8243; global_colors_info=&#8221;{}&#8221;][\/et_pb_wc_meta][\/et_pb_column][\/et_pb_row][et_pb_row _builder_version=&#8221;4.16&#8243; background_size=&#8221;initial&#8221; background_position=&#8221;top_left&#8221; background_repeat=&#8221;repeat&#8221; width=&#8221;100%&#8221; global_colors_info=&#8221;{}&#8221;][et_pb_column type=&#8221;4_4&#8243; _builder_version=&#8221;4.16&#8243; custom_padding=&#8221;|||&#8221; global_colors_info=&#8221;{}&#8221; custom_padding__hover=&#8221;|||&#8221;][et_pb_wc_tabs _builder_version=&#8221;4.16&#8243; global_colors_info=&#8221;{}&#8221;]\t\t\t\t\t[\/et_pb_wc_tabs][et_pb_wc_upsells _builder_version=&#8221;4.16&#8243; global_colors_info=&#8221;{}&#8221;][\/et_pb_wc_upsells][et_pb_wc_related_products _builder_version=&#8221;4.16&#8243; global_colors_info=&#8221;{}&#8221;][\/et_pb_wc_related_products][\/et_pb_column][\/et_pb_row][\/et_pb_section]<\/p>\n","protected":false},"excerpt":{"rendered":"<p>PACK DISPONIBLE SEULEMENT POUR NO\u00cbL<\/p>\n<p><span class=\"JsGRdQ\">2 Paires de coussinets d&#8217;allaitement <\/span><span class=\"JsGRdQ\">+ Pochette Cadeau<br \/>\nCoussinets lavables et r\u00e9utilisables<\/span><br \/>\nSe place \u00e0 l&#8217;int\u00e9rieur du soutien-gorge. Elles sont absorbantes, imperm\u00e9ables et respirantes.<br \/>\nInclut 4 coussinets d&#8217;allaitement identiques avec des points dor\u00e9s + une pochette Mameko en coton organique comme cadeau gratuit.<br \/>\nTissu \u00e9ponge hypoallerg\u00e9nique et tr\u00e8s doux de couleur \u00e9crue<\/p>\n<p>Confection artisanale \u00e0 Barcelone<\/p>\n<p>Id\u00e9al pour :<br \/>\n\u2013 prot\u00e9ger les mamelons contre les frottements des sous-v\u00eatements<br \/>\n\u2013 pr\u00e9venir les \u00e9ventuelles allergies et\/ou infections du mamelon<br \/>\n\u2013 \u00e9viter de salir les sous-v\u00eatements apr\u00e8s l&#8217;allaitement<\/p>\n<p>Conseil : il est recommand\u00e9 d&#8217;avoir 4 paires pour la routine de nettoyage<\/p>\n<p>Composition : trois couches<br \/>\nDoublure : tissu \u00e9ponge 100% coton organique*<br \/>\nInterm\u00e9diaire : lamelle imperm\u00e9able et respirante<br \/>\nExt\u00e9rieur : Tissu \u00e0 pois 100% coton organique*<br \/>\n**Certifi\u00e9s Global Organic Textil Standard<br \/>\nDimensions du coussinet : largeur 12 cm x hauteur 13 cm<br \/>\nColeurs : Beige \/ \u00c9cru \/ Pois dor\u00e9s<br \/>\nLavable en machine \u00e0 40\u00b0<\/p>\n","protected":false},"featured_media":2741,"comment_status":"open","ping_status":"closed","template":"","meta":{"_et_pb_use_builder":"on","_et_pb_old_content":"","_et_gb_content_width":"","inline_featured_image":false},"product_brand":[],"product_cat":[128],"product_tag":[79,129,130,83],"class_list":{"0":"post-2735","1":"product","2":"type-product","3":"status-publish","4":"has-post-thumbnail","6":"product_cat-pack-noel","7":"product_tag-mousseline","8":"product_tag-noel","9":"product_tag-offerte","10":"product_tag-produits-mameko","12":"first","13":"instock","14":"taxable","15":"shipping-taxable","16":"purchasable","17":"product-type-simple"},"yoast_head":"<!-- This site is optimized with the Yoast SEO plugin v26.3 - https:\/\/yoast.com\/wordpress\/plugins\/seo\/ -->\n<title>PACK EKO ALLAITEMENT + Pochette Cadeau | Mameko<\/title>\n<meta name=\"robots\" content=\"index, follow, max-snippet:-1, max-image-preview:large, max-video-preview:-1\" \/>\n<link rel=\"canonical\" href=\"https:\/\/mameko.es\/fr\/boutique\/pack-noel\/coussinets-dallaitement-mameko-copy-2\" \/>\n<meta property=\"og:locale\" content=\"fr_FR\" \/>\n<meta property=\"og:type\" content=\"article\" \/>\n<meta property=\"og:title\" content=\"PACK EKO ALLAITEMENT + Pochette Cadeau | Mameko\" \/>\n<meta property=\"og:description\" content=\"PACK DISPONIBLE SEULEMENT POUR NO\u00cbL  2 Paires de coussinets d&#039;allaitement + Pochette Cadeau Coussinets lavables et r\u00e9utilisables Se place \u00e0 l&#039;int\u00e9rieur du soutien-gorge. Elles sont absorbantes, imperm\u00e9ables et respirantes. Inclut 4 coussinets d&#039;allaitement identiques avec des points dor\u00e9s + une pochette Mameko en coton organique comme cadeau gratuit. Tissu \u00e9ponge hypoallerg\u00e9nique et tr\u00e8s doux de couleur \u00e9crue  Confection artisanale \u00e0 Barcelone  Id\u00e9al pour : \u2013 prot\u00e9ger les mamelons contre les frottements des sous-v\u00eatements \u2013 pr\u00e9venir les \u00e9ventuelles allergies et\/ou infections du mamelon \u2013 \u00e9viter de salir les sous-v\u00eatements apr\u00e8s l&#039;allaitement  Conseil : il est recommand\u00e9 d&#039;avoir 4 paires pour la routine de nettoyage  Composition : trois couches Doublure : tissu \u00e9ponge 100% coton organique* Interm\u00e9diaire : lamelle imperm\u00e9able et respirante Ext\u00e9rieur : Tissu \u00e0 pois 100% coton organique* **Certifi\u00e9s Global Organic Textil Standard Dimensions du coussinet : largeur 12 cm x hauteur 13 cm Coleurs : Beige \/ \u00c9cru \/ Pois dor\u00e9s Lavable en machine \u00e0 40\u00b0\" \/>\n<meta property=\"og:url\" content=\"https:\/\/mameko.es\/fr\/boutique\/pack-noel\/coussinets-dallaitement-mameko-copy-2\" \/>\n<meta property=\"og:site_name\" content=\"Mameko\" \/>\n<meta property=\"article:modified_time\" content=\"2022-11-28T21:10:51+00:00\" \/>\n<meta property=\"og:image\" content=\"https:\/\/mameko.es\/wp-content\/uploads\/2022\/11\/1.png\" \/>\n\t<meta property=\"og:image:width\" content=\"900\" \/>\n\t<meta property=\"og:image:height\" content=\"900\" \/>\n\t<meta property=\"og:image:type\" content=\"image\/png\" \/>\n<meta name=\"twitter:card\" content=\"summary_large_image\" \/>\n<meta name=\"twitter:label1\" content=\"Dur\u00e9e de lecture estim\u00e9e\" \/>\n\t<meta name=\"twitter:data1\" content=\"2 minutes\" \/>\n<script type=\"application\/ld+json\" class=\"yoast-schema-graph\">{\"@context\":\"https:\/\/schema.org\",\"@graph\":[{\"@type\":\"WebPage\",\"@id\":\"https:\/\/mameko.es\/fr\/boutique\/pack-noel\/coussinets-dallaitement-mameko-copy-2\",\"url\":\"https:\/\/mameko.es\/fr\/boutique\/pack-noel\/coussinets-dallaitement-mameko-copy-2\",\"name\":\"PACK EKO ALLAITEMENT + Pochette Cadeau | Mameko\",\"isPartOf\":{\"@id\":\"https:\/\/mameko.es\/fr#website\"},\"primaryImageOfPage\":{\"@id\":\"https:\/\/mameko.es\/fr\/boutique\/pack-noel\/coussinets-dallaitement-mameko-copy-2#primaryimage\"},\"image\":{\"@id\":\"https:\/\/mameko.es\/fr\/boutique\/pack-noel\/coussinets-dallaitement-mameko-copy-2#primaryimage\"},\"thumbnailUrl\":\"https:\/\/mameko.es\/wp-content\/uploads\/2022\/11\/1.png\",\"datePublished\":\"2022-11-26T14:56:37+00:00\",\"dateModified\":\"2022-11-28T21:10:51+00:00\",\"breadcrumb\":{\"@id\":\"https:\/\/mameko.es\/fr\/boutique\/pack-noel\/coussinets-dallaitement-mameko-copy-2#breadcrumb\"},\"inLanguage\":\"fr-FR\",\"potentialAction\":[{\"@type\":\"ReadAction\",\"target\":[\"https:\/\/mameko.es\/fr\/boutique\/pack-noel\/coussinets-dallaitement-mameko-copy-2\"]}]},{\"@type\":\"ImageObject\",\"inLanguage\":\"fr-FR\",\"@id\":\"https:\/\/mameko.es\/fr\/boutique\/pack-noel\/coussinets-dallaitement-mameko-copy-2#primaryimage\",\"url\":\"https:\/\/mameko.es\/wp-content\/uploads\/2022\/11\/1.png\",\"contentUrl\":\"https:\/\/mameko.es\/wp-content\/uploads\/2022\/11\/1.png\",\"width\":900,\"height\":900},{\"@type\":\"BreadcrumbList\",\"@id\":\"https:\/\/mameko.es\/fr\/boutique\/pack-noel\/coussinets-dallaitement-mameko-copy-2#breadcrumb\",\"itemListElement\":[{\"@type\":\"ListItem\",\"position\":1,\"name\":\"Portada\",\"item\":\"https:\/\/mameko.es\/fr\"},{\"@type\":\"ListItem\",\"position\":2,\"name\":\"Boutique\",\"item\":\"https:\/\/mameko.es\/fr\/boutique\"},{\"@type\":\"ListItem\",\"position\":3,\"name\":\"PACK EKO ALLAITEMENT + Pochette Cadeau\"}]},{\"@type\":\"WebSite\",\"@id\":\"https:\/\/mameko.es\/fr#website\",\"url\":\"https:\/\/mameko.es\/fr\",\"name\":\"Mameko\",\"description\":\"S\u00e9lection \u00e9coresponsable de produits et de services pour les femmes enceintes\",\"publisher\":{\"@id\":\"https:\/\/mameko.es\/fr#organization\"},\"potentialAction\":[{\"@type\":\"SearchAction\",\"target\":{\"@type\":\"EntryPoint\",\"urlTemplate\":\"https:\/\/mameko.es\/fr?s={search_term_string}\"},\"query-input\":{\"@type\":\"PropertyValueSpecification\",\"valueRequired\":true,\"valueName\":\"search_term_string\"}}],\"inLanguage\":\"fr-FR\"},{\"@type\":\"Organization\",\"@id\":\"https:\/\/mameko.es\/fr#organization\",\"name\":\"MAMEKO\",\"url\":\"https:\/\/mameko.es\/fr\",\"logo\":{\"@type\":\"ImageObject\",\"inLanguage\":\"fr-FR\",\"@id\":\"https:\/\/mameko.es\/fr#\/schema\/logo\/image\/\",\"url\":\"https:\/\/mameko.es\/wp-content\/uploads\/2020\/12\/D-Mameko-Logo512.png\",\"contentUrl\":\"https:\/\/mameko.es\/wp-content\/uploads\/2020\/12\/D-Mameko-Logo512.png\",\"width\":497,\"height\":512,\"caption\":\"MAMEKO\"},\"image\":{\"@id\":\"https:\/\/mameko.es\/fr#\/schema\/logo\/image\/\"}}]}<\/script>\n<!-- \/ Yoast SEO plugin. -->","yoast_head_json":{"title":"PACK EKO ALLAITEMENT + Pochette Cadeau | Mameko","robots":{"index":"index","follow":"follow","max-snippet":"max-snippet:-1","max-image-preview":"max-image-preview:large","max-video-preview":"max-video-preview:-1"},"canonical":"https:\/\/mameko.es\/fr\/boutique\/pack-noel\/coussinets-dallaitement-mameko-copy-2","og_locale":"fr_FR","og_type":"article","og_title":"PACK EKO ALLAITEMENT + Pochette Cadeau | Mameko","og_description":"PACK DISPONIBLE SEULEMENT POUR NO\u00cbL  2 Paires de coussinets d'allaitement + Pochette Cadeau Coussinets lavables et r\u00e9utilisables Se place \u00e0 l'int\u00e9rieur du soutien-gorge. Elles sont absorbantes, imperm\u00e9ables et respirantes. Inclut 4 coussinets d'allaitement identiques avec des points dor\u00e9s + une pochette Mameko en coton organique comme cadeau gratuit. Tissu \u00e9ponge hypoallerg\u00e9nique et tr\u00e8s doux de couleur \u00e9crue  Confection artisanale \u00e0 Barcelone  Id\u00e9al pour : \u2013 prot\u00e9ger les mamelons contre les frottements des sous-v\u00eatements \u2013 pr\u00e9venir les \u00e9ventuelles allergies et\/ou infections du mamelon \u2013 \u00e9viter de salir les sous-v\u00eatements apr\u00e8s l'allaitement  Conseil : il est recommand\u00e9 d'avoir 4 paires pour la routine de nettoyage  Composition : trois couches Doublure : tissu \u00e9ponge 100% coton organique* Interm\u00e9diaire : lamelle imperm\u00e9able et respirante Ext\u00e9rieur : Tissu \u00e0 pois 100% coton organique* **Certifi\u00e9s Global Organic Textil Standard Dimensions du coussinet : largeur 12 cm x hauteur 13 cm Coleurs : Beige \/ \u00c9cru \/ Pois dor\u00e9s Lavable en machine \u00e0 40\u00b0","og_url":"https:\/\/mameko.es\/fr\/boutique\/pack-noel\/coussinets-dallaitement-mameko-copy-2","og_site_name":"Mameko","article_modified_time":"2022-11-28T21:10:51+00:00","og_image":[{"width":900,"height":900,"url":"https:\/\/mameko.es\/wp-content\/uploads\/2022\/11\/1.png","type":"image\/png"}],"twitter_card":"summary_large_image","twitter_misc":{"Dur\u00e9e de lecture estim\u00e9e":"2 minutes"},"schema":{"@context":"https:\/\/schema.org","@graph":[{"@type":"WebPage","@id":"https:\/\/mameko.es\/fr\/boutique\/pack-noel\/coussinets-dallaitement-mameko-copy-2","url":"https:\/\/mameko.es\/fr\/boutique\/pack-noel\/coussinets-dallaitement-mameko-copy-2","name":"PACK EKO ALLAITEMENT + Pochette Cadeau | Mameko","isPartOf":{"@id":"https:\/\/mameko.es\/fr#website"},"primaryImageOfPage":{"@id":"https:\/\/mameko.es\/fr\/boutique\/pack-noel\/coussinets-dallaitement-mameko-copy-2#primaryimage"},"image":{"@id":"https:\/\/mameko.es\/fr\/boutique\/pack-noel\/coussinets-dallaitement-mameko-copy-2#primaryimage"},"thumbnailUrl":"https:\/\/mameko.es\/wp-content\/uploads\/2022\/11\/1.png","datePublished":"2022-11-26T14:56:37+00:00","dateModified":"2022-11-28T21:10:51+00:00","breadcrumb":{"@id":"https:\/\/mameko.es\/fr\/boutique\/pack-noel\/coussinets-dallaitement-mameko-copy-2#breadcrumb"},"inLanguage":"fr-FR","potentialAction":[{"@type":"ReadAction","target":["https:\/\/mameko.es\/fr\/boutique\/pack-noel\/coussinets-dallaitement-mameko-copy-2"]}]},{"@type":"ImageObject","inLanguage":"fr-FR","@id":"https:\/\/mameko.es\/fr\/boutique\/pack-noel\/coussinets-dallaitement-mameko-copy-2#primaryimage","url":"https:\/\/mameko.es\/wp-content\/uploads\/2022\/11\/1.png","contentUrl":"https:\/\/mameko.es\/wp-content\/uploads\/2022\/11\/1.png","width":900,"height":900},{"@type":"BreadcrumbList","@id":"https:\/\/mameko.es\/fr\/boutique\/pack-noel\/coussinets-dallaitement-mameko-copy-2#breadcrumb","itemListElement":[{"@type":"ListItem","position":1,"name":"Portada","item":"https:\/\/mameko.es\/fr"},{"@type":"ListItem","position":2,"name":"Boutique","item":"https:\/\/mameko.es\/fr\/boutique"},{"@type":"ListItem","position":3,"name":"PACK EKO ALLAITEMENT + Pochette Cadeau"}]},{"@type":"WebSite","@id":"https:\/\/mameko.es\/fr#website","url":"https:\/\/mameko.es\/fr","name":"Mameko","description":"S\u00e9lection \u00e9coresponsable de produits et de services pour les femmes enceintes","publisher":{"@id":"https:\/\/mameko.es\/fr#organization"},"potentialAction":[{"@type":"SearchAction","target":{"@type":"EntryPoint","urlTemplate":"https:\/\/mameko.es\/fr?s={search_term_string}"},"query-input":{"@type":"PropertyValueSpecification","valueRequired":true,"valueName":"search_term_string"}}],"inLanguage":"fr-FR"},{"@type":"Organization","@id":"https:\/\/mameko.es\/fr#organization","name":"MAMEKO","url":"https:\/\/mameko.es\/fr","logo":{"@type":"ImageObject","inLanguage":"fr-FR","@id":"https:\/\/mameko.es\/fr#\/schema\/logo\/image\/","url":"https:\/\/mameko.es\/wp-content\/uploads\/2020\/12\/D-Mameko-Logo512.png","contentUrl":"https:\/\/mameko.es\/wp-content\/uploads\/2020\/12\/D-Mameko-Logo512.png","width":497,"height":512,"caption":"MAMEKO"},"image":{"@id":"https:\/\/mameko.es\/fr#\/schema\/logo\/image\/"}}]}},"_links":{"self":[{"href":"https:\/\/mameko.es\/fr\/wp-json\/wp\/v2\/product\/2735","targetHints":{"allow":["GET"]}}],"collection":[{"href":"https:\/\/mameko.es\/fr\/wp-json\/wp\/v2\/product"}],"about":[{"href":"https:\/\/mameko.es\/fr\/wp-json\/wp\/v2\/types\/product"}],"replies":[{"embeddable":true,"href":"https:\/\/mameko.es\/fr\/wp-json\/wp\/v2\/comments?post=2735"}],"wp:featuredmedia":[{"embeddable":true,"href":"https:\/\/mameko.es\/fr\/wp-json\/wp\/v2\/media\/2741"}],"wp:attachment":[{"href":"https:\/\/mameko.es\/fr\/wp-json\/wp\/v2\/media?parent=2735"}],"wp:term":[{"taxonomy":"product_brand","embeddable":true,"href":"https:\/\/mameko.es\/fr\/wp-json\/wp\/v2\/product_brand?post=2735"},{"taxonomy":"product_cat","embeddable":true,"href":"https:\/\/mameko.es\/fr\/wp-json\/wp\/v2\/product_cat?post=2735"},{"taxonomy":"product_tag","embeddable":true,"href":"https:\/\/mameko.es\/fr\/wp-json\/wp\/v2\/product_tag?post=2735"}],"curies":[{"name":"wp","href":"https:\/\/api.w.org\/{rel}","templated":true}]}}