{"id":2691,"date":"2022-11-24T10:47:08","date_gmt":"2022-11-24T10:47:08","guid":{"rendered":"https:\/\/mameko.es\/?post_type=product&#038;p=2691"},"modified":"2023-04-07T18:16:00","modified_gmt":"2023-04-07T18:16:00","slug":"seance-additionnelle-de-sophrologie","status":"publish","type":"product","link":"https:\/\/mameko.es\/fr\/boutique\/coaching-fr\/plan-mameko-fr\/plan-individuel-mameko\/seance-additionnelle-de-sophrologie","title":{"rendered":"S\u00e9ance additionnelle de Sophrologie"},"content":{"rendered":"<p>[et_pb_section fb_built=&#8221;1&#8243; _builder_version=&#8221;4.16&#8243; custom_padding=&#8221;0px||||false|false&#8221; global_colors_info=&#8221;{}&#8221;][et_pb_row _builder_version=&#8221;4.16&#8243; background_size=&#8221;initial&#8221; background_position=&#8221;top_left&#8221; background_repeat=&#8221;repeat&#8221; width=&#8221;100%&#8221; custom_padding=&#8221;0px||0px||false|false&#8221; global_colors_info=&#8221;{}&#8221;][et_pb_column type=&#8221;4_4&#8243; _builder_version=&#8221;4.16&#8243; custom_padding=&#8221;|||&#8221; global_colors_info=&#8221;{}&#8221; custom_padding__hover=&#8221;|||&#8221;][et_pb_wc_breadcrumb _builder_version=&#8221;4.16&#8243; global_colors_info=&#8221;{}&#8221;][\/et_pb_wc_breadcrumb][et_pb_wc_cart_notice _builder_version=&#8221;4.16&#8243; global_colors_info=&#8221;{}&#8221;][\/et_pb_wc_cart_notice][\/et_pb_column][\/et_pb_row][et_pb_row column_structure=&#8221;1_2,1_2&#8243; _builder_version=&#8221;4.16&#8243; background_size=&#8221;initial&#8221; background_position=&#8221;top_left&#8221; background_repeat=&#8221;repeat&#8221; width=&#8221;100%&#8221; custom_padding=&#8221;0px||||false|false&#8221; global_colors_info=&#8221;{}&#8221;][et_pb_column type=&#8221;1_2&#8243; _builder_version=&#8221;4.16&#8243; custom_padding=&#8221;|||&#8221; global_colors_info=&#8221;{}&#8221; custom_padding__hover=&#8221;|||&#8221;][et_pb_wc_images _builder_version=&#8221;4.16&#8243; global_colors_info=&#8221;{}&#8221;][\/et_pb_wc_images][\/et_pb_column][et_pb_column type=&#8221;1_2&#8243; _builder_version=&#8221;4.16&#8243; custom_padding=&#8221;|||&#8221; global_colors_info=&#8221;{}&#8221; custom_padding__hover=&#8221;|||&#8221;][et_pb_wc_title _builder_version=&#8221;4.17.6&#8243; header_font_size=&#8221;22px&#8221; global_colors_info=&#8221;{}&#8221;][\/et_pb_wc_title][et_pb_wc_rating _builder_version=&#8221;4.16&#8243; global_colors_info=&#8221;{}&#8221;][\/et_pb_wc_rating][et_pb_wc_price _builder_version=&#8221;4.16&#8243; global_colors_info=&#8221;{}&#8221;][\/et_pb_wc_price][et_pb_wc_description _builder_version=&#8221;4.17.1&#8243; body_font=&#8221;Comfortaa||||||||&#8221; global_colors_info=&#8221;{}&#8221;][\/et_pb_wc_description][et_pb_wc_add_to_cart _builder_version=&#8221;4.16&#8243; global_colors_info=&#8221;{}&#8221;][\/et_pb_wc_add_to_cart][et_pb_wc_meta _builder_version=&#8221;4.16&#8243; global_colors_info=&#8221;{}&#8221;][\/et_pb_wc_meta][\/et_pb_column][\/et_pb_row][et_pb_row _builder_version=&#8221;4.16&#8243; background_size=&#8221;initial&#8221; background_position=&#8221;top_left&#8221; background_repeat=&#8221;repeat&#8221; width=&#8221;100%&#8221; global_colors_info=&#8221;{}&#8221;][et_pb_column type=&#8221;4_4&#8243; _builder_version=&#8221;4.16&#8243; custom_padding=&#8221;|||&#8221; global_colors_info=&#8221;{}&#8221; custom_padding__hover=&#8221;|||&#8221;][et_pb_wc_tabs _builder_version=&#8221;4.19.1&#8243; body_font=&#8221;Comfortaa||||||||&#8221; global_colors_info=&#8221;{}&#8221;]\t\t\t\t\t[\/et_pb_wc_tabs][et_pb_wc_upsells _builder_version=&#8221;4.16&#8243; global_colors_info=&#8221;{}&#8221;][\/et_pb_wc_upsells][et_pb_wc_related_products _builder_version=&#8221;4.17.6&#8243; product_title_font_size=&#8221;15px&#8221; height=&#8221;1000px&#8221; max_height=&#8221;1000px&#8221; global_colors_info=&#8221;{}&#8221;][\/et_pb_wc_related_products][\/et_pb_column][\/et_pb_row][\/et_pb_section]<\/p>\n","protected":false},"excerpt":{"rendered":"<p align=\"LEFT\"><strong><span style=\"color: #807182;\"><span style=\"font-family: Comfortaa, sans-serif;\"><span style=\"font-size: small;\">Pour qui?<\/span><\/span><\/span><\/strong><span style=\"color: #807182;\"><span style=\"font-family: Comfortaa, sans-serif;\"><span style=\"font-size: small;\"> Femmes d\u00e9sirant un enfant*, enceintes ou en p\u00e9riode de postpartum + 1 accompagnant de ton choix<br \/>\n<\/span><\/span><\/span><strong><span style=\"color: #807182;\"><span style=\"font-family: Comfortaa, sans-serif;\"><span style=\"font-size: small;\">Quoi? <\/span><\/span><\/span><\/strong><span style=\"color: #807182;\">Tu as d\u00e9j\u00e0 eu un accompagnement en Sophrologie et tu souhaites r\u00e9aliser de nouveau une se\u00e1nce?<br \/>\n<\/span><span style=\"color: #807182;\">Si c&#8217;est le cas, Mameko vous propose d&#8217;acheter une s\u00e9ance suppl\u00e9mentaire avec notre expert Clarisse.<br \/>\n<\/span><span style=\"color: #807182;\"><strong>Comment? <\/strong>Rendez-vous online avec l&#8217;expert selon vos disponibilit\u00e9s respectives<br \/>\n<\/span><\/p>\n<p align=\"JUSTIFY\"><span style=\"color: #807182;\">Valable uniquement pour les clients qui ont d\u00e9j\u00e0 achet\u00e9 un accompagnement individuel ou en groupe avec cet expert.<br \/>\n<\/span><span style=\"color: #807182;\"><span style=\"font-family: Comfortaa, sans-serif;\"><span style=\"font-size: small;\">*Les s\u00e9ances ne peuvent pas promettre r\u00e9sultat quand au souhait d&#8217;\u00eatre enceinte.<\/span><\/span><\/span><\/p>\n<p><span style=\"color: #807182;\"><span style=\"font-family: Comfortaa, sans-serif;\"><span style=\"font-size: small;\">Dur\u00e9e\u00a0: 60 minutes<\/span><\/span><\/span><\/p>\n","protected":false},"featured_media":2982,"comment_status":"open","ping_status":"closed","template":"","meta":{"_et_pb_use_builder":"on","_et_pb_old_content":"","_et_gb_content_width":"","inline_featured_image":false},"product_brand":[],"product_cat":[118,119,136,137,66,138,67],"product_tag":[109,113,114,121,81,101,110,120],"class_list":{"0":"post-2691","1":"product","2":"type-product","3":"status-publish","4":"has-post-thumbnail","6":"product_cat-accompagnement","7":"product_cat-clarisse-mercier","8":"product_cat-conception","9":"product_cat-grossesse","10":"product_cat-plan-individuel-mameko","11":"product_cat-postpartum","12":"product_cat-rendez-vous-visio","13":"product_tag-accompagnement","14":"product_tag-conception","15":"product_tag-grossesse","16":"product_tag-online","17":"product_tag-pack-fr","18":"product_tag-postpartum","19":"product_tag-rendez-vous","20":"product_tag-sophrologie","22":"first","23":"instock","24":"virtual","25":"taxable","26":"purchasable","27":"product-type-simple"},"yoast_head":"<!-- This site is optimized with the Yoast SEO plugin v26.3 - https:\/\/yoast.com\/wordpress\/plugins\/seo\/ -->\n<title>S\u00e9ance additionnelle de Sophrologie | Mameko<\/title>\n<meta name=\"description\" content=\"-1220\" \/>\n<meta name=\"robots\" content=\"index, follow, max-snippet:-1, max-image-preview:large, max-video-preview:-1\" \/>\n<link rel=\"canonical\" href=\"https:\/\/mameko.es\/fr\/boutique\/coaching-fr\/plan-mameko-fr\/plan-individuel-mameko\/seance-additionnelle-de-sophrologie\" \/>\n<meta property=\"og:locale\" content=\"fr_FR\" \/>\n<meta property=\"og:type\" content=\"article\" \/>\n<meta property=\"og:title\" content=\"S\u00e9ance additionnelle de Sophrologie | Mameko\" \/>\n<meta property=\"og:description\" content=\"-1220\" \/>\n<meta property=\"og:url\" content=\"https:\/\/mameko.es\/fr\/boutique\/coaching-fr\/plan-mameko-fr\/plan-individuel-mameko\/seance-additionnelle-de-sophrologie\" \/>\n<meta property=\"og:site_name\" content=\"Mameko\" \/>\n<meta property=\"article:modified_time\" content=\"2023-04-07T18:16:00+00:00\" \/>\n<meta property=\"og:image\" content=\"https:\/\/mameko.es\/wp-content\/uploads\/2023\/03\/Sophrologie-1-new.png\" \/>\n\t<meta property=\"og:image:width\" content=\"900\" \/>\n\t<meta property=\"og:image:height\" content=\"900\" \/>\n\t<meta property=\"og:image:type\" content=\"image\/png\" \/>\n<meta name=\"twitter:card\" content=\"summary_large_image\" \/>\n<meta name=\"twitter:label1\" content=\"Dur\u00e9e de lecture estim\u00e9e\" \/>\n\t<meta name=\"twitter:data1\" content=\"2 minutes\" \/>\n<script type=\"application\/ld+json\" class=\"yoast-schema-graph\">{\"@context\":\"https:\/\/schema.org\",\"@graph\":[{\"@type\":\"WebPage\",\"@id\":\"https:\/\/mameko.es\/fr\/boutique\/coaching-fr\/plan-mameko-fr\/plan-individuel-mameko\/seance-additionnelle-de-sophrologie\",\"url\":\"https:\/\/mameko.es\/fr\/boutique\/coaching-fr\/plan-mameko-fr\/plan-individuel-mameko\/seance-additionnelle-de-sophrologie\",\"name\":\"S\u00e9ance additionnelle de Sophrologie | Mameko\",\"isPartOf\":{\"@id\":\"https:\/\/mameko.es\/fr#website\"},\"primaryImageOfPage\":{\"@id\":\"https:\/\/mameko.es\/fr\/boutique\/coaching-fr\/plan-mameko-fr\/plan-individuel-mameko\/seance-additionnelle-de-sophrologie#primaryimage\"},\"image\":{\"@id\":\"https:\/\/mameko.es\/fr\/boutique\/coaching-fr\/plan-mameko-fr\/plan-individuel-mameko\/seance-additionnelle-de-sophrologie#primaryimage\"},\"thumbnailUrl\":\"https:\/\/mameko.es\/wp-content\/uploads\/2023\/03\/Sophrologie-1-new.png\",\"datePublished\":\"2022-11-24T10:47:08+00:00\",\"dateModified\":\"2023-04-07T18:16:00+00:00\",\"description\":\"-1220\",\"breadcrumb\":{\"@id\":\"https:\/\/mameko.es\/fr\/boutique\/coaching-fr\/plan-mameko-fr\/plan-individuel-mameko\/seance-additionnelle-de-sophrologie#breadcrumb\"},\"inLanguage\":\"fr-FR\",\"potentialAction\":[{\"@type\":\"ReadAction\",\"target\":[\"https:\/\/mameko.es\/fr\/boutique\/coaching-fr\/plan-mameko-fr\/plan-individuel-mameko\/seance-additionnelle-de-sophrologie\"]}]},{\"@type\":\"ImageObject\",\"inLanguage\":\"fr-FR\",\"@id\":\"https:\/\/mameko.es\/fr\/boutique\/coaching-fr\/plan-mameko-fr\/plan-individuel-mameko\/seance-additionnelle-de-sophrologie#primaryimage\",\"url\":\"https:\/\/mameko.es\/wp-content\/uploads\/2023\/03\/Sophrologie-1-new.png\",\"contentUrl\":\"https:\/\/mameko.es\/wp-content\/uploads\/2023\/03\/Sophrologie-1-new.png\",\"width\":900,\"height\":900},{\"@type\":\"BreadcrumbList\",\"@id\":\"https:\/\/mameko.es\/fr\/boutique\/coaching-fr\/plan-mameko-fr\/plan-individuel-mameko\/seance-additionnelle-de-sophrologie#breadcrumb\",\"itemListElement\":[{\"@type\":\"ListItem\",\"position\":1,\"name\":\"Portada\",\"item\":\"https:\/\/mameko.es\/fr\"},{\"@type\":\"ListItem\",\"position\":2,\"name\":\"Boutique\",\"item\":\"https:\/\/mameko.es\/fr\/boutique\"},{\"@type\":\"ListItem\",\"position\":3,\"name\":\"S\u00e9ance additionnelle de Sophrologie\"}]},{\"@type\":\"WebSite\",\"@id\":\"https:\/\/mameko.es\/fr#website\",\"url\":\"https:\/\/mameko.es\/fr\",\"name\":\"Mameko\",\"description\":\"S\u00e9lection \u00e9coresponsable de produits et de services pour les femmes enceintes\",\"publisher\":{\"@id\":\"https:\/\/mameko.es\/fr#organization\"},\"potentialAction\":[{\"@type\":\"SearchAction\",\"target\":{\"@type\":\"EntryPoint\",\"urlTemplate\":\"https:\/\/mameko.es\/fr?s={search_term_string}\"},\"query-input\":{\"@type\":\"PropertyValueSpecification\",\"valueRequired\":true,\"valueName\":\"search_term_string\"}}],\"inLanguage\":\"fr-FR\"},{\"@type\":\"Organization\",\"@id\":\"https:\/\/mameko.es\/fr#organization\",\"name\":\"MAMEKO\",\"url\":\"https:\/\/mameko.es\/fr\",\"logo\":{\"@type\":\"ImageObject\",\"inLanguage\":\"fr-FR\",\"@id\":\"https:\/\/mameko.es\/fr#\/schema\/logo\/image\/\",\"url\":\"https:\/\/mameko.es\/wp-content\/uploads\/2020\/12\/D-Mameko-Logo512.png\",\"contentUrl\":\"https:\/\/mameko.es\/wp-content\/uploads\/2020\/12\/D-Mameko-Logo512.png\",\"width\":497,\"height\":512,\"caption\":\"MAMEKO\"},\"image\":{\"@id\":\"https:\/\/mameko.es\/fr#\/schema\/logo\/image\/\"}}]}<\/script>\n<!-- \/ Yoast SEO plugin. -->","yoast_head_json":{"title":"S\u00e9ance additionnelle de Sophrologie | Mameko","description":"-1220","robots":{"index":"index","follow":"follow","max-snippet":"max-snippet:-1","max-image-preview":"max-image-preview:large","max-video-preview":"max-video-preview:-1"},"canonical":"https:\/\/mameko.es\/fr\/boutique\/coaching-fr\/plan-mameko-fr\/plan-individuel-mameko\/seance-additionnelle-de-sophrologie","og_locale":"fr_FR","og_type":"article","og_title":"S\u00e9ance additionnelle de Sophrologie | Mameko","og_description":"-1220","og_url":"https:\/\/mameko.es\/fr\/boutique\/coaching-fr\/plan-mameko-fr\/plan-individuel-mameko\/seance-additionnelle-de-sophrologie","og_site_name":"Mameko","article_modified_time":"2023-04-07T18:16:00+00:00","og_image":[{"width":900,"height":900,"url":"https:\/\/mameko.es\/wp-content\/uploads\/2023\/03\/Sophrologie-1-new.png","type":"image\/png"}],"twitter_card":"summary_large_image","twitter_misc":{"Dur\u00e9e de lecture estim\u00e9e":"2 minutes"},"schema":{"@context":"https:\/\/schema.org","@graph":[{"@type":"WebPage","@id":"https:\/\/mameko.es\/fr\/boutique\/coaching-fr\/plan-mameko-fr\/plan-individuel-mameko\/seance-additionnelle-de-sophrologie","url":"https:\/\/mameko.es\/fr\/boutique\/coaching-fr\/plan-mameko-fr\/plan-individuel-mameko\/seance-additionnelle-de-sophrologie","name":"S\u00e9ance additionnelle de Sophrologie | Mameko","isPartOf":{"@id":"https:\/\/mameko.es\/fr#website"},"primaryImageOfPage":{"@id":"https:\/\/mameko.es\/fr\/boutique\/coaching-fr\/plan-mameko-fr\/plan-individuel-mameko\/seance-additionnelle-de-sophrologie#primaryimage"},"image":{"@id":"https:\/\/mameko.es\/fr\/boutique\/coaching-fr\/plan-mameko-fr\/plan-individuel-mameko\/seance-additionnelle-de-sophrologie#primaryimage"},"thumbnailUrl":"https:\/\/mameko.es\/wp-content\/uploads\/2023\/03\/Sophrologie-1-new.png","datePublished":"2022-11-24T10:47:08+00:00","dateModified":"2023-04-07T18:16:00+00:00","description":"-1220","breadcrumb":{"@id":"https:\/\/mameko.es\/fr\/boutique\/coaching-fr\/plan-mameko-fr\/plan-individuel-mameko\/seance-additionnelle-de-sophrologie#breadcrumb"},"inLanguage":"fr-FR","potentialAction":[{"@type":"ReadAction","target":["https:\/\/mameko.es\/fr\/boutique\/coaching-fr\/plan-mameko-fr\/plan-individuel-mameko\/seance-additionnelle-de-sophrologie"]}]},{"@type":"ImageObject","inLanguage":"fr-FR","@id":"https:\/\/mameko.es\/fr\/boutique\/coaching-fr\/plan-mameko-fr\/plan-individuel-mameko\/seance-additionnelle-de-sophrologie#primaryimage","url":"https:\/\/mameko.es\/wp-content\/uploads\/2023\/03\/Sophrologie-1-new.png","contentUrl":"https:\/\/mameko.es\/wp-content\/uploads\/2023\/03\/Sophrologie-1-new.png","width":900,"height":900},{"@type":"BreadcrumbList","@id":"https:\/\/mameko.es\/fr\/boutique\/coaching-fr\/plan-mameko-fr\/plan-individuel-mameko\/seance-additionnelle-de-sophrologie#breadcrumb","itemListElement":[{"@type":"ListItem","position":1,"name":"Portada","item":"https:\/\/mameko.es\/fr"},{"@type":"ListItem","position":2,"name":"Boutique","item":"https:\/\/mameko.es\/fr\/boutique"},{"@type":"ListItem","position":3,"name":"S\u00e9ance additionnelle de Sophrologie"}]},{"@type":"WebSite","@id":"https:\/\/mameko.es\/fr#website","url":"https:\/\/mameko.es\/fr","name":"Mameko","description":"S\u00e9lection \u00e9coresponsable de produits et de services pour les femmes enceintes","publisher":{"@id":"https:\/\/mameko.es\/fr#organization"},"potentialAction":[{"@type":"SearchAction","target":{"@type":"EntryPoint","urlTemplate":"https:\/\/mameko.es\/fr?s={search_term_string}"},"query-input":{"@type":"PropertyValueSpecification","valueRequired":true,"valueName":"search_term_string"}}],"inLanguage":"fr-FR"},{"@type":"Organization","@id":"https:\/\/mameko.es\/fr#organization","name":"MAMEKO","url":"https:\/\/mameko.es\/fr","logo":{"@type":"ImageObject","inLanguage":"fr-FR","@id":"https:\/\/mameko.es\/fr#\/schema\/logo\/image\/","url":"https:\/\/mameko.es\/wp-content\/uploads\/2020\/12\/D-Mameko-Logo512.png","contentUrl":"https:\/\/mameko.es\/wp-content\/uploads\/2020\/12\/D-Mameko-Logo512.png","width":497,"height":512,"caption":"MAMEKO"},"image":{"@id":"https:\/\/mameko.es\/fr#\/schema\/logo\/image\/"}}]}},"_links":{"self":[{"href":"https:\/\/mameko.es\/fr\/wp-json\/wp\/v2\/product\/2691","targetHints":{"allow":["GET"]}}],"collection":[{"href":"https:\/\/mameko.es\/fr\/wp-json\/wp\/v2\/product"}],"about":[{"href":"https:\/\/mameko.es\/fr\/wp-json\/wp\/v2\/types\/product"}],"replies":[{"embeddable":true,"href":"https:\/\/mameko.es\/fr\/wp-json\/wp\/v2\/comments?post=2691"}],"wp:featuredmedia":[{"embeddable":true,"href":"https:\/\/mameko.es\/fr\/wp-json\/wp\/v2\/media\/2982"}],"wp:attachment":[{"href":"https:\/\/mameko.es\/fr\/wp-json\/wp\/v2\/media?parent=2691"}],"wp:term":[{"taxonomy":"product_brand","embeddable":true,"href":"https:\/\/mameko.es\/fr\/wp-json\/wp\/v2\/product_brand?post=2691"},{"taxonomy":"product_cat","embeddable":true,"href":"https:\/\/mameko.es\/fr\/wp-json\/wp\/v2\/product_cat?post=2691"},{"taxonomy":"product_tag","embeddable":true,"href":"https:\/\/mameko.es\/fr\/wp-json\/wp\/v2\/product_tag?post=2691"}],"curies":[{"name":"wp","href":"https:\/\/api.w.org\/{rel}","templated":true}]}}