{"id":2427,"date":"2022-07-19T15:17:32","date_gmt":"2022-07-19T15:17:32","guid":{"rendered":"https:\/\/mameko.es\/?post_type=product&#038;p=2427"},"modified":"2023-04-06T12:49:51","modified_gmt":"2023-04-06T12:49:51","slug":"kinesiologie-conception-grossesse-postpartum","status":"publish","type":"product","link":"https:\/\/mameko.es\/fr\/boutique\/accompagnement\/kinesiologie-conception-grossesse-postpartum","title":{"rendered":"Kin\u00e9siologie Conception\/Grossesse\/Postpartum"},"content":{"rendered":"<p>[et_pb_section fb_built=&#8221;1&#8243; _builder_version=&#8221;4.16&#8243; custom_padding=&#8221;0px||||false|false&#8221; global_colors_info=&#8221;{}&#8221;][et_pb_row _builder_version=&#8221;4.16&#8243; background_size=&#8221;initial&#8221; background_position=&#8221;top_left&#8221; background_repeat=&#8221;repeat&#8221; width=&#8221;100%&#8221; custom_padding=&#8221;0px||0px||false|false&#8221; global_colors_info=&#8221;{}&#8221;][et_pb_column type=&#8221;4_4&#8243; _builder_version=&#8221;4.16&#8243; custom_padding=&#8221;|||&#8221; global_colors_info=&#8221;{}&#8221; custom_padding__hover=&#8221;|||&#8221;][et_pb_wc_breadcrumb _builder_version=&#8221;4.16&#8243; global_colors_info=&#8221;{}&#8221;][\/et_pb_wc_breadcrumb][et_pb_wc_cart_notice _builder_version=&#8221;4.16&#8243; global_colors_info=&#8221;{}&#8221;][\/et_pb_wc_cart_notice][\/et_pb_column][\/et_pb_row][et_pb_row column_structure=&#8221;1_2,1_2&#8243; _builder_version=&#8221;4.16&#8243; background_size=&#8221;initial&#8221; background_position=&#8221;top_left&#8221; background_repeat=&#8221;repeat&#8221; width=&#8221;100%&#8221; custom_padding=&#8221;0px||||false|false&#8221; global_colors_info=&#8221;{}&#8221;][et_pb_column type=&#8221;1_2&#8243; _builder_version=&#8221;4.16&#8243; custom_padding=&#8221;|||&#8221; global_colors_info=&#8221;{}&#8221; custom_padding__hover=&#8221;|||&#8221;][et_pb_wc_images _builder_version=&#8221;4.16&#8243; global_colors_info=&#8221;{}&#8221;][\/et_pb_wc_images][\/et_pb_column][et_pb_column type=&#8221;1_2&#8243; _builder_version=&#8221;4.16&#8243; custom_padding=&#8221;|||&#8221; global_colors_info=&#8221;{}&#8221; custom_padding__hover=&#8221;|||&#8221;][et_pb_wc_title _builder_version=&#8221;4.17.6&#8243; header_font_size=&#8221;22px&#8221; global_colors_info=&#8221;{}&#8221;][\/et_pb_wc_title][et_pb_wc_rating _builder_version=&#8221;4.16&#8243; global_colors_info=&#8221;{}&#8221;][\/et_pb_wc_rating][et_pb_wc_price _builder_version=&#8221;4.16&#8243; global_colors_info=&#8221;{}&#8221;][\/et_pb_wc_price][et_pb_wc_description _builder_version=&#8221;4.17.1&#8243; body_font=&#8221;Comfortaa||||||||&#8221; global_colors_info=&#8221;{}&#8221;][\/et_pb_wc_description][et_pb_wc_add_to_cart _builder_version=&#8221;4.16&#8243; global_colors_info=&#8221;{}&#8221;][\/et_pb_wc_add_to_cart][et_pb_wc_meta _builder_version=&#8221;4.16&#8243; global_colors_info=&#8221;{}&#8221;][\/et_pb_wc_meta][\/et_pb_column][\/et_pb_row][et_pb_row _builder_version=&#8221;4.16&#8243; background_size=&#8221;initial&#8221; background_position=&#8221;top_left&#8221; background_repeat=&#8221;repeat&#8221; width=&#8221;100%&#8221; global_colors_info=&#8221;{}&#8221;][et_pb_column type=&#8221;4_4&#8243; _builder_version=&#8221;4.16&#8243; custom_padding=&#8221;|||&#8221; global_colors_info=&#8221;{}&#8221; custom_padding__hover=&#8221;|||&#8221;][et_pb_wc_tabs _builder_version=&#8221;4.16&#8243; global_colors_info=&#8221;{}&#8221;]\t\t\t\t\t[\/et_pb_wc_tabs][et_pb_wc_upsells _builder_version=&#8221;4.16&#8243; global_colors_info=&#8221;{}&#8221;][\/et_pb_wc_upsells][et_pb_wc_related_products _builder_version=&#8221;4.17.6&#8243; product_title_font_size=&#8221;15px&#8221; height=&#8221;1000px&#8221; max_height=&#8221;1000px&#8221; global_colors_info=&#8221;{}&#8221;][\/et_pb_wc_related_products][\/et_pb_column][\/et_pb_row][\/et_pb_section]<\/p>\n","protected":false},"excerpt":{"rendered":"","protected":false},"featured_media":2429,"comment_status":"open","ping_status":"closed","template":"","meta":{"_et_pb_use_builder":"on","_et_pb_old_content":"<strong><span style=\"color: #807182;font-family: Comfortaa;font-size: 14px\">Quand?<\/span><\/strong><span style=\"color: #807182;font-family: Comfortaa;font-size: 14px\"> Lorsque tu ressens le besoin d'un changement \u00e9nerg\u00e9tique et\/ou emotionnel m\u00eame si tu n'en connais pas la cause<\/span>\r\n<strong><span style=\"color: #807182;font-family: Comfortaa;font-size: 14px\">O\u00fa?<\/span><\/strong><span style=\"color: #807182;font-family: Comfortaa;font-size: 14px\"> Barcelone, Calle Pelai 12<\/span>\r\n<strong><span style=\"color: #807182;font-family: Comfortaa;font-size: 14px\">Pour qui?<\/span><\/strong><span style=\"color: #807182;font-family: Comfortaa;font-size: 14px\"> Femmes d\u00e9sirant un enfant, enceintes ou en p\u00e9riode de postpartum<\/span>\r\n<strong><span style=\"color: #807182;font-family: Comfortaa;font-size: 14px\">Pourquoi?<\/span><\/strong><span style=\"color: #807182;font-family: Comfortaa;font-size: 14px\"> Th\u00e9rapie holistique qui permet de prendre conscience de l'origine des blocages dans le but de les r\u00e9soudre<\/span>\r\n<strong><span style=\"color: #807182;font-family: Comfortaa;font-size: 14px\">Quoi?<\/span><\/strong><span style=\"color: #807182;font-family: Comfortaa;font-size: 14px\"> Accompagnemement individuel pr\u00e9senciel bas\u00e9 sur le r\u00e9equilibrage \u00e9nergetique, \u00e9motionnel et techniques de liberation des tensions accumul\u00e9es\r\n<\/span>\r\n\r\n<strong><span style=\"color: #807182;font-family: Comfortaa;font-size: 14px\">Th\u00e9matiques abord\u00e9es:<\/span><\/strong>\r\n<span style=\"color: #807182;font-family: Comfortaa;font-size: 14px\">\r\n- Test musculaire pour d\u00e9tecter l'origine des blocages et les lib\u00e9rer\r\n- Techniques de lib\u00e9ration emotionnelles\r\n- Stimulation de point d'acupression\r\n- Hypnose\r\n- Exercices de Brain gym (m\u00e9moire)\u2028<\/span>\r\n\r\n<span style=\"color: #807182;font-family: Comfortaa;font-size: 14px\">Recommand\u00e9 de consulter son m\u00e9decin avant de prendre rendez-vous.<\/span>","_et_gb_content_width":"","inline_featured_image":false},"product_brand":[],"product_cat":[118,136,108,137,138],"product_tag":[109,113,114,112,101,110],"class_list":{"0":"post-2427","1":"product","2":"type-product","3":"status-publish","4":"has-post-thumbnail","6":"product_cat-accompagnement","7":"product_cat-conception","8":"product_cat-elise-ngom","9":"product_cat-grossesse","10":"product_cat-postpartum","11":"product_tag-accompagnement","12":"product_tag-conception","13":"product_tag-grossesse","14":"product_tag-kinesiologie","15":"product_tag-postpartum","16":"product_tag-rendez-vous","18":"first","19":"instock","20":"virtual","21":"taxable","22":"purchasable","23":"product-type-simple"},"yoast_head":"<!-- This site is optimized with the Yoast SEO plugin v26.3 - https:\/\/yoast.com\/wordpress\/plugins\/seo\/ -->\n<title>Kin\u00e9siologie Conception\/Grossesse\/Postpartum | Mameko<\/title>\n<meta name=\"description\" content=\"-1220\" \/>\n<meta name=\"robots\" content=\"index, follow, max-snippet:-1, max-image-preview:large, max-video-preview:-1\" \/>\n<link rel=\"canonical\" href=\"https:\/\/mameko.es\/fr\/boutique\/accompagnement\/kinesiologie-conception-grossesse-postpartum\" \/>\n<meta property=\"og:locale\" content=\"fr_FR\" \/>\n<meta property=\"og:type\" content=\"article\" \/>\n<meta property=\"og:title\" content=\"Kin\u00e9siologie Conception\/Grossesse\/Postpartum | Mameko\" \/>\n<meta property=\"og:description\" content=\"-1220\" \/>\n<meta property=\"og:url\" content=\"https:\/\/mameko.es\/fr\/boutique\/accompagnement\/kinesiologie-conception-grossesse-postpartum\" \/>\n<meta property=\"og:site_name\" content=\"Mameko\" \/>\n<meta property=\"article:modified_time\" content=\"2023-04-06T12:49:51+00:00\" \/>\n<meta property=\"og:image\" content=\"https:\/\/mameko.es\/wp-content\/uploads\/2022\/07\/Image-Kinesiologie-web.png\" \/>\n\t<meta property=\"og:image:width\" content=\"900\" \/>\n\t<meta property=\"og:image:height\" content=\"900\" \/>\n\t<meta property=\"og:image:type\" content=\"image\/png\" \/>\n<meta name=\"twitter:card\" content=\"summary_large_image\" \/>\n<meta name=\"twitter:label1\" content=\"Dur\u00e9e de lecture estim\u00e9e\" \/>\n\t<meta name=\"twitter:data1\" content=\"2 minutes\" \/>\n<script type=\"application\/ld+json\" class=\"yoast-schema-graph\">{\"@context\":\"https:\/\/schema.org\",\"@graph\":[{\"@type\":\"WebPage\",\"@id\":\"https:\/\/mameko.es\/fr\/boutique\/accompagnement\/kinesiologie-conception-grossesse-postpartum\",\"url\":\"https:\/\/mameko.es\/fr\/boutique\/accompagnement\/kinesiologie-conception-grossesse-postpartum\",\"name\":\"Kin\u00e9siologie Conception\/Grossesse\/Postpartum | Mameko\",\"isPartOf\":{\"@id\":\"https:\/\/mameko.es\/fr#website\"},\"primaryImageOfPage\":{\"@id\":\"https:\/\/mameko.es\/fr\/boutique\/accompagnement\/kinesiologie-conception-grossesse-postpartum#primaryimage\"},\"image\":{\"@id\":\"https:\/\/mameko.es\/fr\/boutique\/accompagnement\/kinesiologie-conception-grossesse-postpartum#primaryimage\"},\"thumbnailUrl\":\"https:\/\/mameko.es\/wp-content\/uploads\/2022\/07\/Image-Kinesiologie-web.png\",\"datePublished\":\"2022-07-19T15:17:32+00:00\",\"dateModified\":\"2023-04-06T12:49:51+00:00\",\"description\":\"-1220\",\"breadcrumb\":{\"@id\":\"https:\/\/mameko.es\/fr\/boutique\/accompagnement\/kinesiologie-conception-grossesse-postpartum#breadcrumb\"},\"inLanguage\":\"fr-FR\",\"potentialAction\":[{\"@type\":\"ReadAction\",\"target\":[\"https:\/\/mameko.es\/fr\/boutique\/accompagnement\/kinesiologie-conception-grossesse-postpartum\"]}]},{\"@type\":\"ImageObject\",\"inLanguage\":\"fr-FR\",\"@id\":\"https:\/\/mameko.es\/fr\/boutique\/accompagnement\/kinesiologie-conception-grossesse-postpartum#primaryimage\",\"url\":\"https:\/\/mameko.es\/wp-content\/uploads\/2022\/07\/Image-Kinesiologie-web.png\",\"contentUrl\":\"https:\/\/mameko.es\/wp-content\/uploads\/2022\/07\/Image-Kinesiologie-web.png\",\"width\":900,\"height\":900},{\"@type\":\"BreadcrumbList\",\"@id\":\"https:\/\/mameko.es\/fr\/boutique\/accompagnement\/kinesiologie-conception-grossesse-postpartum#breadcrumb\",\"itemListElement\":[{\"@type\":\"ListItem\",\"position\":1,\"name\":\"Portada\",\"item\":\"https:\/\/mameko.es\/fr\"},{\"@type\":\"ListItem\",\"position\":2,\"name\":\"Boutique\",\"item\":\"https:\/\/mameko.es\/fr\/boutique\"},{\"@type\":\"ListItem\",\"position\":3,\"name\":\"Kin\u00e9siologie Conception\/Grossesse\/Postpartum\"}]},{\"@type\":\"WebSite\",\"@id\":\"https:\/\/mameko.es\/fr#website\",\"url\":\"https:\/\/mameko.es\/fr\",\"name\":\"Mameko\",\"description\":\"S\u00e9lection \u00e9coresponsable de produits et de services pour les femmes enceintes\",\"publisher\":{\"@id\":\"https:\/\/mameko.es\/fr#organization\"},\"potentialAction\":[{\"@type\":\"SearchAction\",\"target\":{\"@type\":\"EntryPoint\",\"urlTemplate\":\"https:\/\/mameko.es\/fr?s={search_term_string}\"},\"query-input\":{\"@type\":\"PropertyValueSpecification\",\"valueRequired\":true,\"valueName\":\"search_term_string\"}}],\"inLanguage\":\"fr-FR\"},{\"@type\":\"Organization\",\"@id\":\"https:\/\/mameko.es\/fr#organization\",\"name\":\"MAMEKO\",\"url\":\"https:\/\/mameko.es\/fr\",\"logo\":{\"@type\":\"ImageObject\",\"inLanguage\":\"fr-FR\",\"@id\":\"https:\/\/mameko.es\/fr#\/schema\/logo\/image\/\",\"url\":\"https:\/\/mameko.es\/wp-content\/uploads\/2020\/12\/D-Mameko-Logo512.png\",\"contentUrl\":\"https:\/\/mameko.es\/wp-content\/uploads\/2020\/12\/D-Mameko-Logo512.png\",\"width\":497,\"height\":512,\"caption\":\"MAMEKO\"},\"image\":{\"@id\":\"https:\/\/mameko.es\/fr#\/schema\/logo\/image\/\"}}]}<\/script>\n<!-- \/ Yoast SEO plugin. -->","yoast_head_json":{"title":"Kin\u00e9siologie Conception\/Grossesse\/Postpartum | Mameko","description":"-1220","robots":{"index":"index","follow":"follow","max-snippet":"max-snippet:-1","max-image-preview":"max-image-preview:large","max-video-preview":"max-video-preview:-1"},"canonical":"https:\/\/mameko.es\/fr\/boutique\/accompagnement\/kinesiologie-conception-grossesse-postpartum","og_locale":"fr_FR","og_type":"article","og_title":"Kin\u00e9siologie Conception\/Grossesse\/Postpartum | Mameko","og_description":"-1220","og_url":"https:\/\/mameko.es\/fr\/boutique\/accompagnement\/kinesiologie-conception-grossesse-postpartum","og_site_name":"Mameko","article_modified_time":"2023-04-06T12:49:51+00:00","og_image":[{"width":900,"height":900,"url":"https:\/\/mameko.es\/wp-content\/uploads\/2022\/07\/Image-Kinesiologie-web.png","type":"image\/png"}],"twitter_card":"summary_large_image","twitter_misc":{"Dur\u00e9e de lecture estim\u00e9e":"2 minutes"},"schema":{"@context":"https:\/\/schema.org","@graph":[{"@type":"WebPage","@id":"https:\/\/mameko.es\/fr\/boutique\/accompagnement\/kinesiologie-conception-grossesse-postpartum","url":"https:\/\/mameko.es\/fr\/boutique\/accompagnement\/kinesiologie-conception-grossesse-postpartum","name":"Kin\u00e9siologie Conception\/Grossesse\/Postpartum | Mameko","isPartOf":{"@id":"https:\/\/mameko.es\/fr#website"},"primaryImageOfPage":{"@id":"https:\/\/mameko.es\/fr\/boutique\/accompagnement\/kinesiologie-conception-grossesse-postpartum#primaryimage"},"image":{"@id":"https:\/\/mameko.es\/fr\/boutique\/accompagnement\/kinesiologie-conception-grossesse-postpartum#primaryimage"},"thumbnailUrl":"https:\/\/mameko.es\/wp-content\/uploads\/2022\/07\/Image-Kinesiologie-web.png","datePublished":"2022-07-19T15:17:32+00:00","dateModified":"2023-04-06T12:49:51+00:00","description":"-1220","breadcrumb":{"@id":"https:\/\/mameko.es\/fr\/boutique\/accompagnement\/kinesiologie-conception-grossesse-postpartum#breadcrumb"},"inLanguage":"fr-FR","potentialAction":[{"@type":"ReadAction","target":["https:\/\/mameko.es\/fr\/boutique\/accompagnement\/kinesiologie-conception-grossesse-postpartum"]}]},{"@type":"ImageObject","inLanguage":"fr-FR","@id":"https:\/\/mameko.es\/fr\/boutique\/accompagnement\/kinesiologie-conception-grossesse-postpartum#primaryimage","url":"https:\/\/mameko.es\/wp-content\/uploads\/2022\/07\/Image-Kinesiologie-web.png","contentUrl":"https:\/\/mameko.es\/wp-content\/uploads\/2022\/07\/Image-Kinesiologie-web.png","width":900,"height":900},{"@type":"BreadcrumbList","@id":"https:\/\/mameko.es\/fr\/boutique\/accompagnement\/kinesiologie-conception-grossesse-postpartum#breadcrumb","itemListElement":[{"@type":"ListItem","position":1,"name":"Portada","item":"https:\/\/mameko.es\/fr"},{"@type":"ListItem","position":2,"name":"Boutique","item":"https:\/\/mameko.es\/fr\/boutique"},{"@type":"ListItem","position":3,"name":"Kin\u00e9siologie Conception\/Grossesse\/Postpartum"}]},{"@type":"WebSite","@id":"https:\/\/mameko.es\/fr#website","url":"https:\/\/mameko.es\/fr","name":"Mameko","description":"S\u00e9lection \u00e9coresponsable de produits et de services pour les femmes enceintes","publisher":{"@id":"https:\/\/mameko.es\/fr#organization"},"potentialAction":[{"@type":"SearchAction","target":{"@type":"EntryPoint","urlTemplate":"https:\/\/mameko.es\/fr?s={search_term_string}"},"query-input":{"@type":"PropertyValueSpecification","valueRequired":true,"valueName":"search_term_string"}}],"inLanguage":"fr-FR"},{"@type":"Organization","@id":"https:\/\/mameko.es\/fr#organization","name":"MAMEKO","url":"https:\/\/mameko.es\/fr","logo":{"@type":"ImageObject","inLanguage":"fr-FR","@id":"https:\/\/mameko.es\/fr#\/schema\/logo\/image\/","url":"https:\/\/mameko.es\/wp-content\/uploads\/2020\/12\/D-Mameko-Logo512.png","contentUrl":"https:\/\/mameko.es\/wp-content\/uploads\/2020\/12\/D-Mameko-Logo512.png","width":497,"height":512,"caption":"MAMEKO"},"image":{"@id":"https:\/\/mameko.es\/fr#\/schema\/logo\/image\/"}}]}},"_links":{"self":[{"href":"https:\/\/mameko.es\/fr\/wp-json\/wp\/v2\/product\/2427","targetHints":{"allow":["GET"]}}],"collection":[{"href":"https:\/\/mameko.es\/fr\/wp-json\/wp\/v2\/product"}],"about":[{"href":"https:\/\/mameko.es\/fr\/wp-json\/wp\/v2\/types\/product"}],"replies":[{"embeddable":true,"href":"https:\/\/mameko.es\/fr\/wp-json\/wp\/v2\/comments?post=2427"}],"wp:featuredmedia":[{"embeddable":true,"href":"https:\/\/mameko.es\/fr\/wp-json\/wp\/v2\/media\/2429"}],"wp:attachment":[{"href":"https:\/\/mameko.es\/fr\/wp-json\/wp\/v2\/media?parent=2427"}],"wp:term":[{"taxonomy":"product_brand","embeddable":true,"href":"https:\/\/mameko.es\/fr\/wp-json\/wp\/v2\/product_brand?post=2427"},{"taxonomy":"product_cat","embeddable":true,"href":"https:\/\/mameko.es\/fr\/wp-json\/wp\/v2\/product_cat?post=2427"},{"taxonomy":"product_tag","embeddable":true,"href":"https:\/\/mameko.es\/fr\/wp-json\/wp\/v2\/product_tag?post=2427"}],"curies":[{"name":"wp","href":"https:\/\/api.w.org\/{rel}","templated":true}]}}