{"id":2406,"date":"2022-07-19T10:42:28","date_gmt":"2022-07-19T10:42:28","guid":{"rendered":"https:\/\/mameko.es\/?post_type=product&#038;p=2406"},"modified":"2023-04-06T12:51:26","modified_gmt":"2023-04-06T12:51:26","slug":"reflexologie-grossesse-postpartum","status":"publish","type":"product","link":"https:\/\/mameko.es\/fr\/boutique\/elise-ngom\/reflexologie-grossesse-postpartum","title":{"rendered":"R\u00e9flexologie Grossesse\/Postpartum"},"content":{"rendered":"<p>[et_pb_section fb_built=&#8221;1&#8243; _builder_version=&#8221;4.16&#8243; custom_padding=&#8221;0px||||false|false&#8221; global_colors_info=&#8221;{}&#8221;][et_pb_row _builder_version=&#8221;4.16&#8243; background_size=&#8221;initial&#8221; background_position=&#8221;top_left&#8221; background_repeat=&#8221;repeat&#8221; width=&#8221;100%&#8221; custom_padding=&#8221;0px||0px||false|false&#8221; global_colors_info=&#8221;{}&#8221;][et_pb_column type=&#8221;4_4&#8243; _builder_version=&#8221;4.16&#8243; custom_padding=&#8221;|||&#8221; global_colors_info=&#8221;{}&#8221; custom_padding__hover=&#8221;|||&#8221;][et_pb_wc_breadcrumb _builder_version=&#8221;4.16&#8243; global_colors_info=&#8221;{}&#8221;][\/et_pb_wc_breadcrumb][et_pb_wc_cart_notice _builder_version=&#8221;4.16&#8243; global_colors_info=&#8221;{}&#8221;][\/et_pb_wc_cart_notice][\/et_pb_column][\/et_pb_row][et_pb_row column_structure=&#8221;1_2,1_2&#8243; _builder_version=&#8221;4.16&#8243; background_size=&#8221;initial&#8221; background_position=&#8221;top_left&#8221; background_repeat=&#8221;repeat&#8221; width=&#8221;100%&#8221; custom_padding=&#8221;0px||||false|false&#8221; global_colors_info=&#8221;{}&#8221;][et_pb_column type=&#8221;1_2&#8243; _builder_version=&#8221;4.16&#8243; custom_padding=&#8221;|||&#8221; global_colors_info=&#8221;{}&#8221; custom_padding__hover=&#8221;|||&#8221;][et_pb_wc_images _builder_version=&#8221;4.16&#8243; global_colors_info=&#8221;{}&#8221;][\/et_pb_wc_images][\/et_pb_column][et_pb_column type=&#8221;1_2&#8243; _builder_version=&#8221;4.16&#8243; custom_padding=&#8221;|||&#8221; global_colors_info=&#8221;{}&#8221; custom_padding__hover=&#8221;|||&#8221;][et_pb_wc_title _builder_version=&#8221;4.16&#8243; global_colors_info=&#8221;{}&#8221;][\/et_pb_wc_title][et_pb_wc_rating _builder_version=&#8221;4.16&#8243; global_colors_info=&#8221;{}&#8221;][\/et_pb_wc_rating][et_pb_wc_price _builder_version=&#8221;4.16&#8243; global_colors_info=&#8221;{}&#8221;][\/et_pb_wc_price][et_pb_wc_description _builder_version=&#8221;4.17.1&#8243; body_font=&#8221;Comfortaa||||||||&#8221; global_colors_info=&#8221;{}&#8221;][\/et_pb_wc_description][et_pb_wc_add_to_cart _builder_version=&#8221;4.16&#8243; global_colors_info=&#8221;{}&#8221;][\/et_pb_wc_add_to_cart][et_pb_wc_meta _builder_version=&#8221;4.16&#8243; global_colors_info=&#8221;{}&#8221;][\/et_pb_wc_meta][\/et_pb_column][\/et_pb_row][et_pb_row _builder_version=&#8221;4.16&#8243; background_size=&#8221;initial&#8221; background_position=&#8221;top_left&#8221; background_repeat=&#8221;repeat&#8221; width=&#8221;100%&#8221; global_colors_info=&#8221;{}&#8221;][et_pb_column type=&#8221;4_4&#8243; _builder_version=&#8221;4.16&#8243; custom_padding=&#8221;|||&#8221; global_colors_info=&#8221;{}&#8221; custom_padding__hover=&#8221;|||&#8221;][et_pb_wc_tabs _builder_version=&#8221;4.16&#8243; global_colors_info=&#8221;{}&#8221;]\t\t\t\t\t[\/et_pb_wc_tabs][et_pb_wc_upsells _builder_version=&#8221;4.16&#8243; global_colors_info=&#8221;{}&#8221;][\/et_pb_wc_upsells][et_pb_wc_related_products _builder_version=&#8221;4.16&#8243; global_colors_info=&#8221;{}&#8221;][\/et_pb_wc_related_products][\/et_pb_column][\/et_pb_row][\/et_pb_section]<\/p>\n","protected":false},"excerpt":{"rendered":"","protected":false},"featured_media":2407,"comment_status":"open","ping_status":"closed","template":"","meta":{"_et_pb_use_builder":"on","_et_pb_old_content":"<strong><span style=\"color: #807182;font-family: Comfortaa;font-size: 14px\">Quand?<\/span><\/strong><span style=\"color: #807182;font-family: Comfortaa;font-size: 14px\"> Lorsque tu souhaites soulager voire r\u00e9soudre des maux physiques et\/ou emotionnels<\/span>\r\n<strong><span style=\"color: #807182;font-family: Comfortaa;font-size: 14px\">O\u00fa?<\/span><\/strong><span style=\"color: #807182;font-family: Comfortaa;font-size: 14px\"> Barcelone, Calle Pelai 12<\/span>\r\n<strong><span style=\"color: #807182;font-family: Comfortaa;font-size: 14px\">Pour qui?<\/span><\/strong><span style=\"color: #807182;font-family: Comfortaa;font-size: 14px\"> Femmes enceintes (\u00e0 partir du 2\u00e8me Trimestre) ou en p\u00e9riode de postpartum<\/span>\r\n<strong><span style=\"color: #807182;font-family: Comfortaa;font-size: 14px\">Pourquoi?<\/span><\/strong><span style=\"color: #807182;font-family: Comfortaa;font-size: 14px\"> Favoriser l'hom\u00e9ostasie du corps, un processus de r\u00e9gularisation pour maintenir les constances biologiques de notre corps<\/span>\r\n<strong><span style=\"color: #807182;font-family: Comfortaa;font-size: 14px\">Quoi?<\/span><\/strong><span style=\"color: #807182;font-family: Comfortaa;font-size: 14px\"> Accompagnemement individuel pr\u00e9senciel bas\u00e9 sur l'activation des points d'acupression situ\u00e9s sous la vo\u00fbte plantaire<\/span>\r\n\r\n<strong><span style=\"color: #807182;font-family: Comfortaa;font-size: 14px\">Th\u00e9matiques abord\u00e9es:<\/span><\/strong>\r\n<span style=\"color: #807182;font-family: Comfortaa;font-size: 14px\">\r\nPr\u00e9conception:\r\n-Booster sa fertilit\u00e9 naturellement<\/span>\r\n\r\n2\u00e8me et 3\u00e8me trimestre de la grossesse:\r\n-Soulager les petits maux typiques de la femme enceinte (naus\u00e9es constipation, douleurs lombaires)\r\n-Am\u00e9liorer la circulation sanguine et lymphatique\r\n\r\nPostpartum:\r\n- Accompagner les muscles, le squelette et les organes dans un processus de retour vers son \u00e9tat initial\r\n\r\n<span style=\"color: #807182;font-family: Comfortaa;font-size: 14px\">Recommand\u00e9 de consulter son m\u00e9decin avant de prendre rendez-vous.<\/span>","_et_gb_content_width":"","inline_featured_image":false},"product_brand":[],"product_cat":[108,137,138],"product_tag":[109,111,110],"class_list":{"0":"post-2406","1":"product","2":"type-product","3":"status-publish","4":"has-post-thumbnail","6":"product_cat-elise-ngom","7":"product_cat-grossesse","8":"product_cat-postpartum","9":"product_tag-accompagnement","10":"product_tag-reflexologie","11":"product_tag-rendez-vous","13":"first","14":"instock","15":"virtual","16":"taxable","17":"purchasable","18":"product-type-simple"},"yoast_head":"<!-- This site is optimized with the Yoast SEO plugin v26.3 - https:\/\/yoast.com\/wordpress\/plugins\/seo\/ -->\n<title>R\u00e9flexologie Grossesse\/Postpartum | Mameko<\/title>\n<meta name=\"robots\" content=\"index, follow, max-snippet:-1, max-image-preview:large, max-video-preview:-1\" \/>\n<link rel=\"canonical\" href=\"https:\/\/mameko.es\/fr\/boutique\/elise-ngom\/reflexologie-grossesse-postpartum\" \/>\n<meta property=\"og:locale\" content=\"fr_FR\" \/>\n<meta property=\"og:type\" content=\"article\" \/>\n<meta property=\"og:title\" content=\"R\u00e9flexologie Grossesse\/Postpartum | Mameko\" \/>\n<meta property=\"og:url\" content=\"https:\/\/mameko.es\/fr\/boutique\/elise-ngom\/reflexologie-grossesse-postpartum\" \/>\n<meta property=\"og:site_name\" content=\"Mameko\" \/>\n<meta property=\"article:modified_time\" content=\"2023-04-06T12:51:26+00:00\" \/>\n<meta property=\"og:image\" content=\"https:\/\/mameko.es\/wp-content\/uploads\/2022\/07\/Image-reflexologie-web.png\" \/>\n\t<meta property=\"og:image:width\" content=\"900\" \/>\n\t<meta property=\"og:image:height\" content=\"900\" \/>\n\t<meta property=\"og:image:type\" content=\"image\/png\" \/>\n<meta name=\"twitter:card\" content=\"summary_large_image\" \/>\n<meta name=\"twitter:label1\" content=\"Dur\u00e9e de lecture estim\u00e9e\" \/>\n\t<meta name=\"twitter:data1\" content=\"2 minutes\" \/>\n<script type=\"application\/ld+json\" class=\"yoast-schema-graph\">{\"@context\":\"https:\/\/schema.org\",\"@graph\":[{\"@type\":\"WebPage\",\"@id\":\"https:\/\/mameko.es\/fr\/boutique\/elise-ngom\/reflexologie-grossesse-postpartum\",\"url\":\"https:\/\/mameko.es\/fr\/boutique\/elise-ngom\/reflexologie-grossesse-postpartum\",\"name\":\"R\u00e9flexologie Grossesse\/Postpartum | Mameko\",\"isPartOf\":{\"@id\":\"https:\/\/mameko.es\/fr#website\"},\"primaryImageOfPage\":{\"@id\":\"https:\/\/mameko.es\/fr\/boutique\/elise-ngom\/reflexologie-grossesse-postpartum#primaryimage\"},\"image\":{\"@id\":\"https:\/\/mameko.es\/fr\/boutique\/elise-ngom\/reflexologie-grossesse-postpartum#primaryimage\"},\"thumbnailUrl\":\"https:\/\/mameko.es\/wp-content\/uploads\/2022\/07\/Image-reflexologie-web.png\",\"datePublished\":\"2022-07-19T10:42:28+00:00\",\"dateModified\":\"2023-04-06T12:51:26+00:00\",\"breadcrumb\":{\"@id\":\"https:\/\/mameko.es\/fr\/boutique\/elise-ngom\/reflexologie-grossesse-postpartum#breadcrumb\"},\"inLanguage\":\"fr-FR\",\"potentialAction\":[{\"@type\":\"ReadAction\",\"target\":[\"https:\/\/mameko.es\/fr\/boutique\/elise-ngom\/reflexologie-grossesse-postpartum\"]}]},{\"@type\":\"ImageObject\",\"inLanguage\":\"fr-FR\",\"@id\":\"https:\/\/mameko.es\/fr\/boutique\/elise-ngom\/reflexologie-grossesse-postpartum#primaryimage\",\"url\":\"https:\/\/mameko.es\/wp-content\/uploads\/2022\/07\/Image-reflexologie-web.png\",\"contentUrl\":\"https:\/\/mameko.es\/wp-content\/uploads\/2022\/07\/Image-reflexologie-web.png\",\"width\":900,\"height\":900},{\"@type\":\"BreadcrumbList\",\"@id\":\"https:\/\/mameko.es\/fr\/boutique\/elise-ngom\/reflexologie-grossesse-postpartum#breadcrumb\",\"itemListElement\":[{\"@type\":\"ListItem\",\"position\":1,\"name\":\"Portada\",\"item\":\"https:\/\/mameko.es\/fr\"},{\"@type\":\"ListItem\",\"position\":2,\"name\":\"Boutique\",\"item\":\"https:\/\/mameko.es\/fr\/boutique\"},{\"@type\":\"ListItem\",\"position\":3,\"name\":\"R\u00e9flexologie Grossesse\/Postpartum\"}]},{\"@type\":\"WebSite\",\"@id\":\"https:\/\/mameko.es\/fr#website\",\"url\":\"https:\/\/mameko.es\/fr\",\"name\":\"Mameko\",\"description\":\"S\u00e9lection \u00e9coresponsable de produits et de services pour les femmes enceintes\",\"publisher\":{\"@id\":\"https:\/\/mameko.es\/fr#organization\"},\"potentialAction\":[{\"@type\":\"SearchAction\",\"target\":{\"@type\":\"EntryPoint\",\"urlTemplate\":\"https:\/\/mameko.es\/fr?s={search_term_string}\"},\"query-input\":{\"@type\":\"PropertyValueSpecification\",\"valueRequired\":true,\"valueName\":\"search_term_string\"}}],\"inLanguage\":\"fr-FR\"},{\"@type\":\"Organization\",\"@id\":\"https:\/\/mameko.es\/fr#organization\",\"name\":\"MAMEKO\",\"url\":\"https:\/\/mameko.es\/fr\",\"logo\":{\"@type\":\"ImageObject\",\"inLanguage\":\"fr-FR\",\"@id\":\"https:\/\/mameko.es\/fr#\/schema\/logo\/image\/\",\"url\":\"https:\/\/mameko.es\/wp-content\/uploads\/2020\/12\/D-Mameko-Logo512.png\",\"contentUrl\":\"https:\/\/mameko.es\/wp-content\/uploads\/2020\/12\/D-Mameko-Logo512.png\",\"width\":497,\"height\":512,\"caption\":\"MAMEKO\"},\"image\":{\"@id\":\"https:\/\/mameko.es\/fr#\/schema\/logo\/image\/\"}}]}<\/script>\n<!-- \/ Yoast SEO plugin. -->","yoast_head_json":{"title":"R\u00e9flexologie Grossesse\/Postpartum | Mameko","robots":{"index":"index","follow":"follow","max-snippet":"max-snippet:-1","max-image-preview":"max-image-preview:large","max-video-preview":"max-video-preview:-1"},"canonical":"https:\/\/mameko.es\/fr\/boutique\/elise-ngom\/reflexologie-grossesse-postpartum","og_locale":"fr_FR","og_type":"article","og_title":"R\u00e9flexologie Grossesse\/Postpartum | Mameko","og_url":"https:\/\/mameko.es\/fr\/boutique\/elise-ngom\/reflexologie-grossesse-postpartum","og_site_name":"Mameko","article_modified_time":"2023-04-06T12:51:26+00:00","og_image":[{"width":900,"height":900,"url":"https:\/\/mameko.es\/wp-content\/uploads\/2022\/07\/Image-reflexologie-web.png","type":"image\/png"}],"twitter_card":"summary_large_image","twitter_misc":{"Dur\u00e9e de lecture estim\u00e9e":"2 minutes"},"schema":{"@context":"https:\/\/schema.org","@graph":[{"@type":"WebPage","@id":"https:\/\/mameko.es\/fr\/boutique\/elise-ngom\/reflexologie-grossesse-postpartum","url":"https:\/\/mameko.es\/fr\/boutique\/elise-ngom\/reflexologie-grossesse-postpartum","name":"R\u00e9flexologie Grossesse\/Postpartum | Mameko","isPartOf":{"@id":"https:\/\/mameko.es\/fr#website"},"primaryImageOfPage":{"@id":"https:\/\/mameko.es\/fr\/boutique\/elise-ngom\/reflexologie-grossesse-postpartum#primaryimage"},"image":{"@id":"https:\/\/mameko.es\/fr\/boutique\/elise-ngom\/reflexologie-grossesse-postpartum#primaryimage"},"thumbnailUrl":"https:\/\/mameko.es\/wp-content\/uploads\/2022\/07\/Image-reflexologie-web.png","datePublished":"2022-07-19T10:42:28+00:00","dateModified":"2023-04-06T12:51:26+00:00","breadcrumb":{"@id":"https:\/\/mameko.es\/fr\/boutique\/elise-ngom\/reflexologie-grossesse-postpartum#breadcrumb"},"inLanguage":"fr-FR","potentialAction":[{"@type":"ReadAction","target":["https:\/\/mameko.es\/fr\/boutique\/elise-ngom\/reflexologie-grossesse-postpartum"]}]},{"@type":"ImageObject","inLanguage":"fr-FR","@id":"https:\/\/mameko.es\/fr\/boutique\/elise-ngom\/reflexologie-grossesse-postpartum#primaryimage","url":"https:\/\/mameko.es\/wp-content\/uploads\/2022\/07\/Image-reflexologie-web.png","contentUrl":"https:\/\/mameko.es\/wp-content\/uploads\/2022\/07\/Image-reflexologie-web.png","width":900,"height":900},{"@type":"BreadcrumbList","@id":"https:\/\/mameko.es\/fr\/boutique\/elise-ngom\/reflexologie-grossesse-postpartum#breadcrumb","itemListElement":[{"@type":"ListItem","position":1,"name":"Portada","item":"https:\/\/mameko.es\/fr"},{"@type":"ListItem","position":2,"name":"Boutique","item":"https:\/\/mameko.es\/fr\/boutique"},{"@type":"ListItem","position":3,"name":"R\u00e9flexologie Grossesse\/Postpartum"}]},{"@type":"WebSite","@id":"https:\/\/mameko.es\/fr#website","url":"https:\/\/mameko.es\/fr","name":"Mameko","description":"S\u00e9lection \u00e9coresponsable de produits et de services pour les femmes enceintes","publisher":{"@id":"https:\/\/mameko.es\/fr#organization"},"potentialAction":[{"@type":"SearchAction","target":{"@type":"EntryPoint","urlTemplate":"https:\/\/mameko.es\/fr?s={search_term_string}"},"query-input":{"@type":"PropertyValueSpecification","valueRequired":true,"valueName":"search_term_string"}}],"inLanguage":"fr-FR"},{"@type":"Organization","@id":"https:\/\/mameko.es\/fr#organization","name":"MAMEKO","url":"https:\/\/mameko.es\/fr","logo":{"@type":"ImageObject","inLanguage":"fr-FR","@id":"https:\/\/mameko.es\/fr#\/schema\/logo\/image\/","url":"https:\/\/mameko.es\/wp-content\/uploads\/2020\/12\/D-Mameko-Logo512.png","contentUrl":"https:\/\/mameko.es\/wp-content\/uploads\/2020\/12\/D-Mameko-Logo512.png","width":497,"height":512,"caption":"MAMEKO"},"image":{"@id":"https:\/\/mameko.es\/fr#\/schema\/logo\/image\/"}}]}},"_links":{"self":[{"href":"https:\/\/mameko.es\/fr\/wp-json\/wp\/v2\/product\/2406","targetHints":{"allow":["GET"]}}],"collection":[{"href":"https:\/\/mameko.es\/fr\/wp-json\/wp\/v2\/product"}],"about":[{"href":"https:\/\/mameko.es\/fr\/wp-json\/wp\/v2\/types\/product"}],"replies":[{"embeddable":true,"href":"https:\/\/mameko.es\/fr\/wp-json\/wp\/v2\/comments?post=2406"}],"wp:featuredmedia":[{"embeddable":true,"href":"https:\/\/mameko.es\/fr\/wp-json\/wp\/v2\/media\/2407"}],"wp:attachment":[{"href":"https:\/\/mameko.es\/fr\/wp-json\/wp\/v2\/media?parent=2406"}],"wp:term":[{"taxonomy":"product_brand","embeddable":true,"href":"https:\/\/mameko.es\/fr\/wp-json\/wp\/v2\/product_brand?post=2406"},{"taxonomy":"product_cat","embeddable":true,"href":"https:\/\/mameko.es\/fr\/wp-json\/wp\/v2\/product_cat?post=2406"},{"taxonomy":"product_tag","embeddable":true,"href":"https:\/\/mameko.es\/fr\/wp-json\/wp\/v2\/product_tag?post=2406"}],"curies":[{"name":"wp","href":"https:\/\/api.w.org\/{rel}","templated":true}]}}