{"id":2021,"date":"2022-04-19T21:52:02","date_gmt":"2022-04-19T21:52:02","guid":{"rendered":"https:\/\/mameko.es\/tienda\/non%20class\u00e9\/trousse-de-toilette-mameko-2"},"modified":"2022-04-19T23:18:36","modified_gmt":"2022-04-19T23:18:36","slug":"trousse-de-toilette-mameko-2","status":"publish","type":"product","link":"https:\/\/mameko.es\/fr\/boutique\/produits\/produits-mameko\/trousse-de-toilette-mameko-2","title":{"rendered":"Trousse de toilette Mameko"},"content":{"rendered":"<p>[et_pb_section fb_built=&#8221;1&#8243; _builder_version=&#8221;4.16&#8243; custom_padding=&#8221;0px||||false|false&#8221; global_colors_info=&#8221;{}&#8221;][et_pb_row _builder_version=&#8221;4.16&#8243; background_size=&#8221;initial&#8221; background_position=&#8221;top_left&#8221; background_repeat=&#8221;repeat&#8221; width=&#8221;100%&#8221; custom_padding=&#8221;0px||0px||false|false&#8221; global_colors_info=&#8221;{}&#8221;][et_pb_column type=&#8221;4_4&#8243; _builder_version=&#8221;4.16&#8243; custom_padding=&#8221;|||&#8221; global_colors_info=&#8221;{}&#8221; custom_padding__hover=&#8221;|||&#8221;][et_pb_wc_breadcrumb _builder_version=&#8221;4.16&#8243; global_colors_info=&#8221;{}&#8221;][\/et_pb_wc_breadcrumb][et_pb_wc_cart_notice _builder_version=&#8221;4.16&#8243; global_colors_info=&#8221;{}&#8221;][\/et_pb_wc_cart_notice][\/et_pb_column][\/et_pb_row][et_pb_row column_structure=&#8221;1_2,1_2&#8243; _builder_version=&#8221;4.16&#8243; background_size=&#8221;initial&#8221; background_position=&#8221;top_left&#8221; background_repeat=&#8221;repeat&#8221; width=&#8221;100%&#8221; custom_padding=&#8221;0px||||false|false&#8221; global_colors_info=&#8221;{}&#8221;][et_pb_column type=&#8221;1_2&#8243; _builder_version=&#8221;4.16&#8243; custom_padding=&#8221;|||&#8221; global_colors_info=&#8221;{}&#8221; custom_padding__hover=&#8221;|||&#8221;][et_pb_wc_images _builder_version=&#8221;4.16&#8243; global_colors_info=&#8221;{}&#8221;][\/et_pb_wc_images][\/et_pb_column][et_pb_column type=&#8221;1_2&#8243; _builder_version=&#8221;4.16&#8243; custom_padding=&#8221;|||&#8221; global_colors_info=&#8221;{}&#8221; custom_padding__hover=&#8221;|||&#8221;][et_pb_wc_title _builder_version=&#8221;4.16&#8243; global_colors_info=&#8221;{}&#8221;][\/et_pb_wc_title][et_pb_wc_rating _builder_version=&#8221;4.16&#8243; global_colors_info=&#8221;{}&#8221;][\/et_pb_wc_rating][et_pb_wc_price _builder_version=&#8221;4.17.1&#8243; body_text_color=&#8221;#807182&#8243; global_colors_info=&#8221;{}&#8221;][\/et_pb_wc_price][et_pb_wc_description _builder_version=&#8221;4.17.1&#8243; body_font=&#8221;Comfortaa||||||||&#8221; global_colors_info=&#8221;{}&#8221;][\/et_pb_wc_description][et_pb_wc_add_to_cart _builder_version=&#8221;4.16&#8243; global_colors_info=&#8221;{}&#8221;][\/et_pb_wc_add_to_cart][et_pb_wc_meta _builder_version=&#8221;4.16&#8243; global_colors_info=&#8221;{}&#8221;][\/et_pb_wc_meta][\/et_pb_column][\/et_pb_row][et_pb_row _builder_version=&#8221;4.16&#8243; background_size=&#8221;initial&#8221; background_position=&#8221;top_left&#8221; background_repeat=&#8221;repeat&#8221; width=&#8221;100%&#8221; global_colors_info=&#8221;{}&#8221;][et_pb_column type=&#8221;4_4&#8243; _builder_version=&#8221;4.16&#8243; custom_padding=&#8221;|||&#8221; global_colors_info=&#8221;{}&#8221; custom_padding__hover=&#8221;|||&#8221;][et_pb_wc_tabs _builder_version=&#8221;4.16&#8243; global_colors_info=&#8221;{}&#8221;]\t\t\t\t\t[\/et_pb_wc_tabs][et_pb_wc_upsells _builder_version=&#8221;4.16&#8243; global_colors_info=&#8221;{}&#8221;][\/et_pb_wc_upsells][et_pb_wc_related_products _builder_version=&#8221;4.16&#8243; global_colors_info=&#8221;{}&#8221;][\/et_pb_wc_related_products][\/et_pb_column][\/et_pb_row][\/et_pb_section]<\/p>\n","protected":false},"excerpt":{"rendered":"<p>N\u00e9cessaire de toilette pliable avec int\u00e9rieur en tissu imperm\u00e9able et recycl\u00e9<br \/>\nPetite poche \u00e0 l\u2019int\u00e9rieur<\/p>\n<p>Confection artisanale \u00e0 Barcelone<\/p>\n<p>Id\u00e9al pour :<br \/>\n\u2013 ranger des accessoires, du maquillage ou des couches sales<\/p>\n<p>Composition :<br \/>\nExt\u00e9rieur 100% coton organique*<br \/>\nInt\u00e9rieur 100% polyester recycl\u00e9<br \/>\n*Certifi\u00e9s Global Organic Textil Standard<br \/>\nDimensions : Largeur 25 cm x hauteur 21 cm<br \/>\nCouleur : Beige<br \/>\nLavable en machine \u00e0 40\u00b0<\/p>\n<p>(suggestion de pr\u00e9sentation \u2013 accessoires non inclus)<\/p>\n","protected":false},"featured_media":1806,"comment_status":"open","ping_status":"closed","template":"","meta":{"_et_pb_use_builder":"on","_et_pb_old_content":"","_et_gb_content_width":"","inline_featured_image":false},"product_brand":[],"product_cat":[70,72],"product_tag":[86,83,80],"class_list":{"0":"post-2021","1":"product","2":"type-product","3":"status-publish","4":"has-post-thumbnail","6":"product_cat-produits","7":"product_cat-produits-mameko","8":"product_tag-necessaire-fr-2","9":"product_tag-produits-mameko","10":"product_tag-trousse-de-toilette","12":"first","13":"instock","14":"taxable","15":"shipping-taxable","16":"purchasable","17":"product-type-simple"},"yoast_head":"<!-- This site is optimized with the Yoast SEO plugin v26.3 - https:\/\/yoast.com\/wordpress\/plugins\/seo\/ -->\n<title>Trousse de toilette Mameko | Mameko<\/title>\n<meta name=\"robots\" content=\"index, follow, max-snippet:-1, max-image-preview:large, max-video-preview:-1\" \/>\n<link rel=\"canonical\" href=\"https:\/\/mameko.es\/fr\/boutique\/produits\/produits-mameko\/trousse-de-toilette-mameko-2\" \/>\n<meta property=\"og:locale\" content=\"fr_FR\" \/>\n<meta property=\"og:type\" content=\"article\" \/>\n<meta property=\"og:title\" content=\"Trousse de toilette Mameko | Mameko\" \/>\n<meta property=\"og:description\" content=\"N\u00e9cessaire de toilette pliable avec int\u00e9rieur en tissu imperm\u00e9able et recycl\u00e9 Petite poche \u00e0 l\u2019int\u00e9rieur  Confection artisanale \u00e0 Barcelone  Id\u00e9al pour : \u2013 ranger des accessoires, du maquillage ou des couches sales  Composition : Ext\u00e9rieur 100% coton organique* Int\u00e9rieur 100% polyester recycl\u00e9 *Certifi\u00e9s Global Organic Textil Standard Dimensions : Largeur 25 cm x hauteur 21 cm Couleur : Beige Lavable en machine \u00e0 40\u00b0  (suggestion de pr\u00e9sentation \u2013 accessoires non inclus)\" \/>\n<meta property=\"og:url\" content=\"https:\/\/mameko.es\/fr\/boutique\/produits\/produits-mameko\/trousse-de-toilette-mameko-2\" \/>\n<meta property=\"og:site_name\" content=\"Mameko\" \/>\n<meta property=\"article:modified_time\" content=\"2022-04-19T23:18:36+00:00\" \/>\n<meta property=\"og:image\" content=\"https:\/\/mameko.es\/wp-content\/uploads\/2021\/09\/Necessaire-A.jpg\" \/>\n\t<meta property=\"og:image:width\" content=\"1200\" \/>\n\t<meta property=\"og:image:height\" content=\"1200\" \/>\n\t<meta property=\"og:image:type\" content=\"image\/jpeg\" \/>\n<meta name=\"twitter:card\" content=\"summary_large_image\" \/>\n<meta name=\"twitter:label1\" content=\"Dur\u00e9e de lecture estim\u00e9e\" \/>\n\t<meta name=\"twitter:data1\" content=\"2 minutes\" \/>\n<script type=\"application\/ld+json\" class=\"yoast-schema-graph\">{\"@context\":\"https:\/\/schema.org\",\"@graph\":[{\"@type\":\"WebPage\",\"@id\":\"https:\/\/mameko.es\/fr\/boutique\/produits\/produits-mameko\/trousse-de-toilette-mameko-2\",\"url\":\"https:\/\/mameko.es\/fr\/boutique\/produits\/produits-mameko\/trousse-de-toilette-mameko-2\",\"name\":\"Trousse de toilette Mameko | Mameko\",\"isPartOf\":{\"@id\":\"https:\/\/mameko.es\/fr#website\"},\"primaryImageOfPage\":{\"@id\":\"https:\/\/mameko.es\/fr\/boutique\/produits\/produits-mameko\/trousse-de-toilette-mameko-2#primaryimage\"},\"image\":{\"@id\":\"https:\/\/mameko.es\/fr\/boutique\/produits\/produits-mameko\/trousse-de-toilette-mameko-2#primaryimage\"},\"thumbnailUrl\":\"https:\/\/mameko.es\/wp-content\/uploads\/2021\/09\/Necessaire-A.jpg\",\"datePublished\":\"2022-04-19T21:52:02+00:00\",\"dateModified\":\"2022-04-19T23:18:36+00:00\",\"breadcrumb\":{\"@id\":\"https:\/\/mameko.es\/fr\/boutique\/produits\/produits-mameko\/trousse-de-toilette-mameko-2#breadcrumb\"},\"inLanguage\":\"fr-FR\",\"potentialAction\":[{\"@type\":\"ReadAction\",\"target\":[\"https:\/\/mameko.es\/fr\/boutique\/produits\/produits-mameko\/trousse-de-toilette-mameko-2\"]}]},{\"@type\":\"ImageObject\",\"inLanguage\":\"fr-FR\",\"@id\":\"https:\/\/mameko.es\/fr\/boutique\/produits\/produits-mameko\/trousse-de-toilette-mameko-2#primaryimage\",\"url\":\"https:\/\/mameko.es\/wp-content\/uploads\/2021\/09\/Necessaire-A.jpg\",\"contentUrl\":\"https:\/\/mameko.es\/wp-content\/uploads\/2021\/09\/Necessaire-A.jpg\",\"width\":1200,\"height\":1200},{\"@type\":\"BreadcrumbList\",\"@id\":\"https:\/\/mameko.es\/fr\/boutique\/produits\/produits-mameko\/trousse-de-toilette-mameko-2#breadcrumb\",\"itemListElement\":[{\"@type\":\"ListItem\",\"position\":1,\"name\":\"Portada\",\"item\":\"https:\/\/mameko.es\/fr\"},{\"@type\":\"ListItem\",\"position\":2,\"name\":\"Boutique\",\"item\":\"https:\/\/mameko.es\/fr\/boutique\"},{\"@type\":\"ListItem\",\"position\":3,\"name\":\"Trousse de toilette Mameko\"}]},{\"@type\":\"WebSite\",\"@id\":\"https:\/\/mameko.es\/fr#website\",\"url\":\"https:\/\/mameko.es\/fr\",\"name\":\"Mameko\",\"description\":\"S\u00e9lection \u00e9coresponsable de produits et de services pour les femmes enceintes\",\"publisher\":{\"@id\":\"https:\/\/mameko.es\/fr#organization\"},\"potentialAction\":[{\"@type\":\"SearchAction\",\"target\":{\"@type\":\"EntryPoint\",\"urlTemplate\":\"https:\/\/mameko.es\/fr?s={search_term_string}\"},\"query-input\":{\"@type\":\"PropertyValueSpecification\",\"valueRequired\":true,\"valueName\":\"search_term_string\"}}],\"inLanguage\":\"fr-FR\"},{\"@type\":\"Organization\",\"@id\":\"https:\/\/mameko.es\/fr#organization\",\"name\":\"MAMEKO\",\"url\":\"https:\/\/mameko.es\/fr\",\"logo\":{\"@type\":\"ImageObject\",\"inLanguage\":\"fr-FR\",\"@id\":\"https:\/\/mameko.es\/fr#\/schema\/logo\/image\/\",\"url\":\"https:\/\/mameko.es\/wp-content\/uploads\/2020\/12\/D-Mameko-Logo512.png\",\"contentUrl\":\"https:\/\/mameko.es\/wp-content\/uploads\/2020\/12\/D-Mameko-Logo512.png\",\"width\":497,\"height\":512,\"caption\":\"MAMEKO\"},\"image\":{\"@id\":\"https:\/\/mameko.es\/fr#\/schema\/logo\/image\/\"}}]}<\/script>\n<!-- \/ Yoast SEO plugin. -->","yoast_head_json":{"title":"Trousse de toilette Mameko | Mameko","robots":{"index":"index","follow":"follow","max-snippet":"max-snippet:-1","max-image-preview":"max-image-preview:large","max-video-preview":"max-video-preview:-1"},"canonical":"https:\/\/mameko.es\/fr\/boutique\/produits\/produits-mameko\/trousse-de-toilette-mameko-2","og_locale":"fr_FR","og_type":"article","og_title":"Trousse de toilette Mameko | Mameko","og_description":"N\u00e9cessaire de toilette pliable avec int\u00e9rieur en tissu imperm\u00e9able et recycl\u00e9 Petite poche \u00e0 l\u2019int\u00e9rieur  Confection artisanale \u00e0 Barcelone  Id\u00e9al pour : \u2013 ranger des accessoires, du maquillage ou des couches sales  Composition : Ext\u00e9rieur 100% coton organique* Int\u00e9rieur 100% polyester recycl\u00e9 *Certifi\u00e9s Global Organic Textil Standard Dimensions : Largeur 25 cm x hauteur 21 cm Couleur : Beige Lavable en machine \u00e0 40\u00b0  (suggestion de pr\u00e9sentation \u2013 accessoires non inclus)","og_url":"https:\/\/mameko.es\/fr\/boutique\/produits\/produits-mameko\/trousse-de-toilette-mameko-2","og_site_name":"Mameko","article_modified_time":"2022-04-19T23:18:36+00:00","og_image":[{"width":1200,"height":1200,"url":"https:\/\/mameko.es\/wp-content\/uploads\/2021\/09\/Necessaire-A.jpg","type":"image\/jpeg"}],"twitter_card":"summary_large_image","twitter_misc":{"Dur\u00e9e de lecture estim\u00e9e":"2 minutes"},"schema":{"@context":"https:\/\/schema.org","@graph":[{"@type":"WebPage","@id":"https:\/\/mameko.es\/fr\/boutique\/produits\/produits-mameko\/trousse-de-toilette-mameko-2","url":"https:\/\/mameko.es\/fr\/boutique\/produits\/produits-mameko\/trousse-de-toilette-mameko-2","name":"Trousse de toilette Mameko | Mameko","isPartOf":{"@id":"https:\/\/mameko.es\/fr#website"},"primaryImageOfPage":{"@id":"https:\/\/mameko.es\/fr\/boutique\/produits\/produits-mameko\/trousse-de-toilette-mameko-2#primaryimage"},"image":{"@id":"https:\/\/mameko.es\/fr\/boutique\/produits\/produits-mameko\/trousse-de-toilette-mameko-2#primaryimage"},"thumbnailUrl":"https:\/\/mameko.es\/wp-content\/uploads\/2021\/09\/Necessaire-A.jpg","datePublished":"2022-04-19T21:52:02+00:00","dateModified":"2022-04-19T23:18:36+00:00","breadcrumb":{"@id":"https:\/\/mameko.es\/fr\/boutique\/produits\/produits-mameko\/trousse-de-toilette-mameko-2#breadcrumb"},"inLanguage":"fr-FR","potentialAction":[{"@type":"ReadAction","target":["https:\/\/mameko.es\/fr\/boutique\/produits\/produits-mameko\/trousse-de-toilette-mameko-2"]}]},{"@type":"ImageObject","inLanguage":"fr-FR","@id":"https:\/\/mameko.es\/fr\/boutique\/produits\/produits-mameko\/trousse-de-toilette-mameko-2#primaryimage","url":"https:\/\/mameko.es\/wp-content\/uploads\/2021\/09\/Necessaire-A.jpg","contentUrl":"https:\/\/mameko.es\/wp-content\/uploads\/2021\/09\/Necessaire-A.jpg","width":1200,"height":1200},{"@type":"BreadcrumbList","@id":"https:\/\/mameko.es\/fr\/boutique\/produits\/produits-mameko\/trousse-de-toilette-mameko-2#breadcrumb","itemListElement":[{"@type":"ListItem","position":1,"name":"Portada","item":"https:\/\/mameko.es\/fr"},{"@type":"ListItem","position":2,"name":"Boutique","item":"https:\/\/mameko.es\/fr\/boutique"},{"@type":"ListItem","position":3,"name":"Trousse de toilette Mameko"}]},{"@type":"WebSite","@id":"https:\/\/mameko.es\/fr#website","url":"https:\/\/mameko.es\/fr","name":"Mameko","description":"S\u00e9lection \u00e9coresponsable de produits et de services pour les femmes enceintes","publisher":{"@id":"https:\/\/mameko.es\/fr#organization"},"potentialAction":[{"@type":"SearchAction","target":{"@type":"EntryPoint","urlTemplate":"https:\/\/mameko.es\/fr?s={search_term_string}"},"query-input":{"@type":"PropertyValueSpecification","valueRequired":true,"valueName":"search_term_string"}}],"inLanguage":"fr-FR"},{"@type":"Organization","@id":"https:\/\/mameko.es\/fr#organization","name":"MAMEKO","url":"https:\/\/mameko.es\/fr","logo":{"@type":"ImageObject","inLanguage":"fr-FR","@id":"https:\/\/mameko.es\/fr#\/schema\/logo\/image\/","url":"https:\/\/mameko.es\/wp-content\/uploads\/2020\/12\/D-Mameko-Logo512.png","contentUrl":"https:\/\/mameko.es\/wp-content\/uploads\/2020\/12\/D-Mameko-Logo512.png","width":497,"height":512,"caption":"MAMEKO"},"image":{"@id":"https:\/\/mameko.es\/fr#\/schema\/logo\/image\/"}}]}},"_links":{"self":[{"href":"https:\/\/mameko.es\/fr\/wp-json\/wp\/v2\/product\/2021","targetHints":{"allow":["GET"]}}],"collection":[{"href":"https:\/\/mameko.es\/fr\/wp-json\/wp\/v2\/product"}],"about":[{"href":"https:\/\/mameko.es\/fr\/wp-json\/wp\/v2\/types\/product"}],"replies":[{"embeddable":true,"href":"https:\/\/mameko.es\/fr\/wp-json\/wp\/v2\/comments?post=2021"}],"wp:featuredmedia":[{"embeddable":true,"href":"https:\/\/mameko.es\/fr\/wp-json\/wp\/v2\/media\/1806"}],"wp:attachment":[{"href":"https:\/\/mameko.es\/fr\/wp-json\/wp\/v2\/media?parent=2021"}],"wp:term":[{"taxonomy":"product_brand","embeddable":true,"href":"https:\/\/mameko.es\/fr\/wp-json\/wp\/v2\/product_brand?post=2021"},{"taxonomy":"product_cat","embeddable":true,"href":"https:\/\/mameko.es\/fr\/wp-json\/wp\/v2\/product_cat?post=2021"},{"taxonomy":"product_tag","embeddable":true,"href":"https:\/\/mameko.es\/fr\/wp-json\/wp\/v2\/product_tag?post=2021"}],"curies":[{"name":"wp","href":"https:\/\/api.w.org\/{rel}","templated":true}]}}