{"id":1958,"date":"2021-09-19T22:24:19","date_gmt":"2021-09-19T22:24:19","guid":{"rendered":"https:\/\/mameko.es\/tienda\/non%20class\u00e9\/pochette-mameko"},"modified":"2022-04-19T13:59:04","modified_gmt":"2022-04-19T13:59:04","slug":"pochette-mameko","status":"publish","type":"product","link":"https:\/\/mameko.es\/fr\/boutique\/produits\/produits-mameko\/pochette-mameko","title":{"rendered":"Pochette Mameko"},"content":{"rendered":"<p>[et_pb_section fb_built=&#8221;1&#8243; _builder_version=&#8221;4.16&#8243; custom_padding=&#8221;0px||||false|false&#8221; global_colors_info=&#8221;{}&#8221;][et_pb_row _builder_version=&#8221;4.16&#8243; background_size=&#8221;initial&#8221; background_position=&#8221;top_left&#8221; background_repeat=&#8221;repeat&#8221; width=&#8221;100%&#8221; custom_padding=&#8221;0px||0px||false|false&#8221; global_colors_info=&#8221;{}&#8221;][et_pb_column type=&#8221;4_4&#8243; _builder_version=&#8221;4.16&#8243; custom_padding=&#8221;|||&#8221; global_colors_info=&#8221;{}&#8221; custom_padding__hover=&#8221;|||&#8221;][et_pb_wc_breadcrumb _builder_version=&#8221;4.16&#8243; global_colors_info=&#8221;{}&#8221;][\/et_pb_wc_breadcrumb][et_pb_wc_cart_notice _builder_version=&#8221;4.16&#8243; global_colors_info=&#8221;{}&#8221;][\/et_pb_wc_cart_notice][\/et_pb_column][\/et_pb_row][et_pb_row column_structure=&#8221;1_2,1_2&#8243; _builder_version=&#8221;4.16&#8243; background_size=&#8221;initial&#8221; background_position=&#8221;top_left&#8221; background_repeat=&#8221;repeat&#8221; width=&#8221;100%&#8221; custom_padding=&#8221;0px||||false|false&#8221; global_colors_info=&#8221;{}&#8221;][et_pb_column type=&#8221;1_2&#8243; _builder_version=&#8221;4.16&#8243; custom_padding=&#8221;|||&#8221; global_colors_info=&#8221;{}&#8221; custom_padding__hover=&#8221;|||&#8221;][et_pb_wc_images _builder_version=&#8221;4.16&#8243; global_colors_info=&#8221;{}&#8221;][\/et_pb_wc_images][\/et_pb_column][et_pb_column type=&#8221;1_2&#8243; _builder_version=&#8221;4.16&#8243; custom_padding=&#8221;|||&#8221; global_colors_info=&#8221;{}&#8221; custom_padding__hover=&#8221;|||&#8221;][et_pb_wc_title _builder_version=&#8221;4.16&#8243; global_colors_info=&#8221;{}&#8221;][\/et_pb_wc_title][et_pb_wc_rating _builder_version=&#8221;4.16&#8243; global_colors_info=&#8221;{}&#8221;][\/et_pb_wc_rating][et_pb_wc_price _builder_version=&#8221;4.17.1&#8243; body_text_color=&#8221;#807182&#8243; global_colors_info=&#8221;{}&#8221;][\/et_pb_wc_price][et_pb_wc_description _builder_version=&#8221;4.17.1&#8243; body_font=&#8221;Comfortaa||||||||&#8221; global_colors_info=&#8221;{}&#8221;][\/et_pb_wc_description][et_pb_wc_add_to_cart _builder_version=&#8221;4.17.1&#8243; custom_button=&#8221;on&#8221; button_text_color=&#8221;#807182&#8243; global_colors_info=&#8221;{}&#8221;][\/et_pb_wc_add_to_cart][et_pb_wc_meta _builder_version=&#8221;4.16&#8243; global_colors_info=&#8221;{}&#8221;][\/et_pb_wc_meta][\/et_pb_column][\/et_pb_row][et_pb_row _builder_version=&#8221;4.16&#8243; background_size=&#8221;initial&#8221; background_position=&#8221;top_left&#8221; background_repeat=&#8221;repeat&#8221; width=&#8221;100%&#8221; global_colors_info=&#8221;{}&#8221;][et_pb_column type=&#8221;4_4&#8243; _builder_version=&#8221;4.16&#8243; custom_padding=&#8221;|||&#8221; global_colors_info=&#8221;{}&#8221; custom_padding__hover=&#8221;|||&#8221;][et_pb_wc_tabs _builder_version=&#8221;4.16&#8243; global_colors_info=&#8221;{}&#8221;]\t\t\t\t\t[\/et_pb_wc_tabs][et_pb_wc_upsells _builder_version=&#8221;4.16&#8243; global_colors_info=&#8221;{}&#8221;][\/et_pb_wc_upsells][et_pb_wc_related_products _builder_version=&#8221;4.16&#8243; global_colors_info=&#8221;{}&#8221;][\/et_pb_wc_related_products][\/et_pb_column][\/et_pb_row][\/et_pb_section]<\/p>\n","protected":false},"excerpt":{"rendered":"<p>Mini pochette multi usages<\/p>\n<p>Confection artisanale \u00e0 Barcelone<\/p>\n<p>Id\u00e9al pour :<br \/>\n&#8211; Garder les sucettes, t\u00e9tines et anneaux de dentition<br \/>\n&#8211; ranger des bijoux, des montres ou des petits accesoires<br \/>\n&#8211; garder des savons solides<br \/>\n&#8211; garder tes coussinets d&#8217;allaitement<\/p>\n<p>Composition : 100% coton organique*<br \/>\n*Certifi\u00e9s Global Organic Textil Standard<br \/>\nDimensions : largeur 10 cm x hauteur 15 cm<br \/>\nCouleur : Beige<br \/>\nLavable en machine \u00e0 40\u00b0<\/p>\n<p>&nbsp;<\/p>\n<p>&nbsp;<\/p>\n","protected":false},"featured_media":1812,"comment_status":"open","ping_status":"closed","template":"","meta":{"_et_pb_use_builder":"on","_et_pb_old_content":"","_et_gb_content_width":"","inline_featured_image":false},"product_brand":[],"product_cat":[70,72],"product_tag":[77,83],"class_list":{"0":"post-1958","1":"product","2":"type-product","3":"status-publish","4":"has-post-thumbnail","6":"product_cat-produits","7":"product_cat-produits-mameko","8":"product_tag-pochette","9":"product_tag-produits-mameko","11":"first","12":"instock","13":"taxable","14":"shipping-taxable","15":"purchasable","16":"product-type-simple"},"yoast_head":"<!-- This site is optimized with the Yoast SEO plugin v26.3 - https:\/\/yoast.com\/wordpress\/plugins\/seo\/ -->\n<title>Pochette Mameko | Mameko<\/title>\n<meta name=\"robots\" content=\"index, follow, max-snippet:-1, max-image-preview:large, max-video-preview:-1\" \/>\n<link rel=\"canonical\" href=\"https:\/\/mameko.es\/fr\/boutique\/produits\/produits-mameko\/pochette-mameko\" \/>\n<meta property=\"og:locale\" content=\"fr_FR\" \/>\n<meta property=\"og:type\" content=\"article\" \/>\n<meta property=\"og:title\" content=\"Pochette Mameko | Mameko\" \/>\n<meta property=\"og:description\" content=\"Mini pochette multi usages  Confection artisanale \u00e0 Barcelone  Id\u00e9al pour : - Garder les sucettes, t\u00e9tines et anneaux de dentition - ranger des bijoux, des montres ou des petits accesoires - garder des savons solides - garder tes coussinets d&#039;allaitement  Composition : 100% coton organique* *Certifi\u00e9s Global Organic Textil Standard Dimensions : largeur 10 cm x hauteur 15 cm Couleur : Beige Lavable en machine \u00e0 40\u00b0  &nbsp;  &nbsp;\" \/>\n<meta property=\"og:url\" content=\"https:\/\/mameko.es\/fr\/boutique\/produits\/produits-mameko\/pochette-mameko\" \/>\n<meta property=\"og:site_name\" content=\"Mameko\" \/>\n<meta property=\"article:modified_time\" content=\"2022-04-19T13:59:04+00:00\" \/>\n<meta property=\"og:image\" content=\"https:\/\/mameko.es\/wp-content\/uploads\/2021\/09\/Pochette-essentielle-A.jpg\" \/>\n\t<meta property=\"og:image:width\" content=\"1200\" \/>\n\t<meta property=\"og:image:height\" content=\"1200\" \/>\n\t<meta property=\"og:image:type\" content=\"image\/jpeg\" \/>\n<meta name=\"twitter:card\" content=\"summary_large_image\" \/>\n<meta name=\"twitter:label1\" content=\"Dur\u00e9e de lecture estim\u00e9e\" \/>\n\t<meta name=\"twitter:data1\" content=\"2 minutes\" \/>\n<script type=\"application\/ld+json\" class=\"yoast-schema-graph\">{\"@context\":\"https:\/\/schema.org\",\"@graph\":[{\"@type\":\"WebPage\",\"@id\":\"https:\/\/mameko.es\/fr\/boutique\/produits\/produits-mameko\/pochette-mameko\",\"url\":\"https:\/\/mameko.es\/fr\/boutique\/produits\/produits-mameko\/pochette-mameko\",\"name\":\"Pochette Mameko | Mameko\",\"isPartOf\":{\"@id\":\"https:\/\/mameko.es\/fr#website\"},\"primaryImageOfPage\":{\"@id\":\"https:\/\/mameko.es\/fr\/boutique\/produits\/produits-mameko\/pochette-mameko#primaryimage\"},\"image\":{\"@id\":\"https:\/\/mameko.es\/fr\/boutique\/produits\/produits-mameko\/pochette-mameko#primaryimage\"},\"thumbnailUrl\":\"https:\/\/mameko.es\/wp-content\/uploads\/2021\/09\/Pochette-essentielle-A.jpg\",\"datePublished\":\"2021-09-19T22:24:19+00:00\",\"dateModified\":\"2022-04-19T13:59:04+00:00\",\"breadcrumb\":{\"@id\":\"https:\/\/mameko.es\/fr\/boutique\/produits\/produits-mameko\/pochette-mameko#breadcrumb\"},\"inLanguage\":\"fr-FR\",\"potentialAction\":[{\"@type\":\"ReadAction\",\"target\":[\"https:\/\/mameko.es\/fr\/boutique\/produits\/produits-mameko\/pochette-mameko\"]}]},{\"@type\":\"ImageObject\",\"inLanguage\":\"fr-FR\",\"@id\":\"https:\/\/mameko.es\/fr\/boutique\/produits\/produits-mameko\/pochette-mameko#primaryimage\",\"url\":\"https:\/\/mameko.es\/wp-content\/uploads\/2021\/09\/Pochette-essentielle-A.jpg\",\"contentUrl\":\"https:\/\/mameko.es\/wp-content\/uploads\/2021\/09\/Pochette-essentielle-A.jpg\",\"width\":1200,\"height\":1200},{\"@type\":\"BreadcrumbList\",\"@id\":\"https:\/\/mameko.es\/fr\/boutique\/produits\/produits-mameko\/pochette-mameko#breadcrumb\",\"itemListElement\":[{\"@type\":\"ListItem\",\"position\":1,\"name\":\"Portada\",\"item\":\"https:\/\/mameko.es\/fr\"},{\"@type\":\"ListItem\",\"position\":2,\"name\":\"Boutique\",\"item\":\"https:\/\/mameko.es\/fr\/boutique\"},{\"@type\":\"ListItem\",\"position\":3,\"name\":\"Pochette Mameko\"}]},{\"@type\":\"WebSite\",\"@id\":\"https:\/\/mameko.es\/fr#website\",\"url\":\"https:\/\/mameko.es\/fr\",\"name\":\"Mameko\",\"description\":\"S\u00e9lection \u00e9coresponsable de produits et de services pour les femmes enceintes\",\"publisher\":{\"@id\":\"https:\/\/mameko.es\/fr#organization\"},\"potentialAction\":[{\"@type\":\"SearchAction\",\"target\":{\"@type\":\"EntryPoint\",\"urlTemplate\":\"https:\/\/mameko.es\/fr?s={search_term_string}\"},\"query-input\":{\"@type\":\"PropertyValueSpecification\",\"valueRequired\":true,\"valueName\":\"search_term_string\"}}],\"inLanguage\":\"fr-FR\"},{\"@type\":\"Organization\",\"@id\":\"https:\/\/mameko.es\/fr#organization\",\"name\":\"MAMEKO\",\"url\":\"https:\/\/mameko.es\/fr\",\"logo\":{\"@type\":\"ImageObject\",\"inLanguage\":\"fr-FR\",\"@id\":\"https:\/\/mameko.es\/fr#\/schema\/logo\/image\/\",\"url\":\"https:\/\/mameko.es\/wp-content\/uploads\/2020\/12\/D-Mameko-Logo512.png\",\"contentUrl\":\"https:\/\/mameko.es\/wp-content\/uploads\/2020\/12\/D-Mameko-Logo512.png\",\"width\":497,\"height\":512,\"caption\":\"MAMEKO\"},\"image\":{\"@id\":\"https:\/\/mameko.es\/fr#\/schema\/logo\/image\/\"}}]}<\/script>\n<!-- \/ Yoast SEO plugin. -->","yoast_head_json":{"title":"Pochette Mameko | Mameko","robots":{"index":"index","follow":"follow","max-snippet":"max-snippet:-1","max-image-preview":"max-image-preview:large","max-video-preview":"max-video-preview:-1"},"canonical":"https:\/\/mameko.es\/fr\/boutique\/produits\/produits-mameko\/pochette-mameko","og_locale":"fr_FR","og_type":"article","og_title":"Pochette Mameko | Mameko","og_description":"Mini pochette multi usages  Confection artisanale \u00e0 Barcelone  Id\u00e9al pour : - Garder les sucettes, t\u00e9tines et anneaux de dentition - ranger des bijoux, des montres ou des petits accesoires - garder des savons solides - garder tes coussinets d'allaitement  Composition : 100% coton organique* *Certifi\u00e9s Global Organic Textil Standard Dimensions : largeur 10 cm x hauteur 15 cm Couleur : Beige Lavable en machine \u00e0 40\u00b0  &nbsp;  &nbsp;","og_url":"https:\/\/mameko.es\/fr\/boutique\/produits\/produits-mameko\/pochette-mameko","og_site_name":"Mameko","article_modified_time":"2022-04-19T13:59:04+00:00","og_image":[{"width":1200,"height":1200,"url":"https:\/\/mameko.es\/wp-content\/uploads\/2021\/09\/Pochette-essentielle-A.jpg","type":"image\/jpeg"}],"twitter_card":"summary_large_image","twitter_misc":{"Dur\u00e9e de lecture estim\u00e9e":"2 minutes"},"schema":{"@context":"https:\/\/schema.org","@graph":[{"@type":"WebPage","@id":"https:\/\/mameko.es\/fr\/boutique\/produits\/produits-mameko\/pochette-mameko","url":"https:\/\/mameko.es\/fr\/boutique\/produits\/produits-mameko\/pochette-mameko","name":"Pochette Mameko | Mameko","isPartOf":{"@id":"https:\/\/mameko.es\/fr#website"},"primaryImageOfPage":{"@id":"https:\/\/mameko.es\/fr\/boutique\/produits\/produits-mameko\/pochette-mameko#primaryimage"},"image":{"@id":"https:\/\/mameko.es\/fr\/boutique\/produits\/produits-mameko\/pochette-mameko#primaryimage"},"thumbnailUrl":"https:\/\/mameko.es\/wp-content\/uploads\/2021\/09\/Pochette-essentielle-A.jpg","datePublished":"2021-09-19T22:24:19+00:00","dateModified":"2022-04-19T13:59:04+00:00","breadcrumb":{"@id":"https:\/\/mameko.es\/fr\/boutique\/produits\/produits-mameko\/pochette-mameko#breadcrumb"},"inLanguage":"fr-FR","potentialAction":[{"@type":"ReadAction","target":["https:\/\/mameko.es\/fr\/boutique\/produits\/produits-mameko\/pochette-mameko"]}]},{"@type":"ImageObject","inLanguage":"fr-FR","@id":"https:\/\/mameko.es\/fr\/boutique\/produits\/produits-mameko\/pochette-mameko#primaryimage","url":"https:\/\/mameko.es\/wp-content\/uploads\/2021\/09\/Pochette-essentielle-A.jpg","contentUrl":"https:\/\/mameko.es\/wp-content\/uploads\/2021\/09\/Pochette-essentielle-A.jpg","width":1200,"height":1200},{"@type":"BreadcrumbList","@id":"https:\/\/mameko.es\/fr\/boutique\/produits\/produits-mameko\/pochette-mameko#breadcrumb","itemListElement":[{"@type":"ListItem","position":1,"name":"Portada","item":"https:\/\/mameko.es\/fr"},{"@type":"ListItem","position":2,"name":"Boutique","item":"https:\/\/mameko.es\/fr\/boutique"},{"@type":"ListItem","position":3,"name":"Pochette Mameko"}]},{"@type":"WebSite","@id":"https:\/\/mameko.es\/fr#website","url":"https:\/\/mameko.es\/fr","name":"Mameko","description":"S\u00e9lection \u00e9coresponsable de produits et de services pour les femmes enceintes","publisher":{"@id":"https:\/\/mameko.es\/fr#organization"},"potentialAction":[{"@type":"SearchAction","target":{"@type":"EntryPoint","urlTemplate":"https:\/\/mameko.es\/fr?s={search_term_string}"},"query-input":{"@type":"PropertyValueSpecification","valueRequired":true,"valueName":"search_term_string"}}],"inLanguage":"fr-FR"},{"@type":"Organization","@id":"https:\/\/mameko.es\/fr#organization","name":"MAMEKO","url":"https:\/\/mameko.es\/fr","logo":{"@type":"ImageObject","inLanguage":"fr-FR","@id":"https:\/\/mameko.es\/fr#\/schema\/logo\/image\/","url":"https:\/\/mameko.es\/wp-content\/uploads\/2020\/12\/D-Mameko-Logo512.png","contentUrl":"https:\/\/mameko.es\/wp-content\/uploads\/2020\/12\/D-Mameko-Logo512.png","width":497,"height":512,"caption":"MAMEKO"},"image":{"@id":"https:\/\/mameko.es\/fr#\/schema\/logo\/image\/"}}]}},"_links":{"self":[{"href":"https:\/\/mameko.es\/fr\/wp-json\/wp\/v2\/product\/1958","targetHints":{"allow":["GET"]}}],"collection":[{"href":"https:\/\/mameko.es\/fr\/wp-json\/wp\/v2\/product"}],"about":[{"href":"https:\/\/mameko.es\/fr\/wp-json\/wp\/v2\/types\/product"}],"replies":[{"embeddable":true,"href":"https:\/\/mameko.es\/fr\/wp-json\/wp\/v2\/comments?post=1958"}],"wp:featuredmedia":[{"embeddable":true,"href":"https:\/\/mameko.es\/fr\/wp-json\/wp\/v2\/media\/1812"}],"wp:attachment":[{"href":"https:\/\/mameko.es\/fr\/wp-json\/wp\/v2\/media?parent=1958"}],"wp:term":[{"taxonomy":"product_brand","embeddable":true,"href":"https:\/\/mameko.es\/fr\/wp-json\/wp\/v2\/product_brand?post=1958"},{"taxonomy":"product_cat","embeddable":true,"href":"https:\/\/mameko.es\/fr\/wp-json\/wp\/v2\/product_cat?post=1958"},{"taxonomy":"product_tag","embeddable":true,"href":"https:\/\/mameko.es\/fr\/wp-json\/wp\/v2\/product_tag?post=1958"}],"curies":[{"name":"wp","href":"https:\/\/api.w.org\/{rel}","templated":true}]}}