{"id":1844,"date":"2021-11-15T14:04:07","date_gmt":"2021-11-15T14:04:07","guid":{"rendered":"https:\/\/mameko.es\/tienda\/non%20class\u00e9\/pack-mameko-origine"},"modified":"2022-04-19T14:15:50","modified_gmt":"2022-04-19T14:15:50","slug":"pack-mameko-origine","status":"publish","type":"product","link":"https:\/\/mameko.es\/fr\/boutique\/produits\/packs-essentiels\/pack-mameko-origine","title":{"rendered":"Pack Mameko Origine"},"content":{"rendered":"<p>[et_pb_section fb_built=&#8221;1&#8243; _builder_version=&#8221;4.16&#8243; custom_padding=&#8221;0px||||false|false&#8221; global_colors_info=&#8221;{}&#8221;][et_pb_row _builder_version=&#8221;4.16&#8243; background_size=&#8221;initial&#8221; background_position=&#8221;top_left&#8221; background_repeat=&#8221;repeat&#8221; width=&#8221;100%&#8221; custom_padding=&#8221;0px||0px||false|false&#8221; global_colors_info=&#8221;{}&#8221;][et_pb_column type=&#8221;4_4&#8243; _builder_version=&#8221;4.16&#8243; custom_padding=&#8221;|||&#8221; global_colors_info=&#8221;{}&#8221; custom_padding__hover=&#8221;|||&#8221;][et_pb_wc_breadcrumb _builder_version=&#8221;4.16&#8243; global_colors_info=&#8221;{}&#8221;][\/et_pb_wc_breadcrumb][et_pb_wc_cart_notice _builder_version=&#8221;4.16&#8243; global_colors_info=&#8221;{}&#8221;][\/et_pb_wc_cart_notice][\/et_pb_column][\/et_pb_row][et_pb_row column_structure=&#8221;1_2,1_2&#8243; _builder_version=&#8221;4.16&#8243; background_size=&#8221;initial&#8221; background_position=&#8221;top_left&#8221; background_repeat=&#8221;repeat&#8221; width=&#8221;100%&#8221; custom_padding=&#8221;0px||||false|false&#8221; global_colors_info=&#8221;{}&#8221;][et_pb_column type=&#8221;1_2&#8243; _builder_version=&#8221;4.16&#8243; custom_padding=&#8221;|||&#8221; global_colors_info=&#8221;{}&#8221; custom_padding__hover=&#8221;|||&#8221;][et_pb_wc_images _builder_version=&#8221;4.16&#8243; global_colors_info=&#8221;{}&#8221;][\/et_pb_wc_images][\/et_pb_column][et_pb_column type=&#8221;1_2&#8243; _builder_version=&#8221;4.16&#8243; custom_padding=&#8221;|||&#8221; global_colors_info=&#8221;{}&#8221; custom_padding__hover=&#8221;|||&#8221;][et_pb_wc_title _builder_version=&#8221;4.16&#8243; global_colors_info=&#8221;{}&#8221;][\/et_pb_wc_title][et_pb_wc_rating _builder_version=&#8221;4.16&#8243; global_colors_info=&#8221;{}&#8221;][\/et_pb_wc_rating][et_pb_wc_price _builder_version=&#8221;4.16&#8243; global_colors_info=&#8221;{}&#8221;][\/et_pb_wc_price][et_pb_wc_description _builder_version=&#8221;4.17.1&#8243; hover_enabled=&#8221;0&#8243; global_colors_info=&#8221;{}&#8221; body_font=&#8221;Comfortaa||||||||&#8221; sticky_enabled=&#8221;0&#8243;][\/et_pb_wc_description][et_pb_wc_add_to_cart _builder_version=&#8221;4.16&#8243; global_colors_info=&#8221;{}&#8221;][\/et_pb_wc_add_to_cart][et_pb_wc_meta _builder_version=&#8221;4.16&#8243; global_colors_info=&#8221;{}&#8221;][\/et_pb_wc_meta][\/et_pb_column][\/et_pb_row][et_pb_row _builder_version=&#8221;4.16&#8243; background_size=&#8221;initial&#8221; background_position=&#8221;top_left&#8221; background_repeat=&#8221;repeat&#8221; width=&#8221;100%&#8221; global_colors_info=&#8221;{}&#8221;][et_pb_column type=&#8221;4_4&#8243; _builder_version=&#8221;4.16&#8243; custom_padding=&#8221;|||&#8221; global_colors_info=&#8221;{}&#8221; custom_padding__hover=&#8221;|||&#8221;][et_pb_wc_tabs _builder_version=&#8221;4.16&#8243; global_colors_info=&#8221;{}&#8221;]\t\t\t\t\t[\/et_pb_wc_tabs][et_pb_wc_upsells _builder_version=&#8221;4.16&#8243; global_colors_info=&#8221;{}&#8221;][\/et_pb_wc_upsells][et_pb_wc_related_products _builder_version=&#8221;4.16&#8243; global_colors_info=&#8221;{}&#8221;][\/et_pb_wc_related_products][\/et_pb_column][\/et_pb_row][\/et_pb_section]<\/p>\n","protected":false},"excerpt":{"rendered":"<p>Pack id\u00e9al pour un cadeau 100% organique<br \/>\nContient 5 produits embl\u00e9matiques de Mameko : le sac \u00e0 dos Origine (avec un renfort \u00e0 360\u00b0), la mousseline, le n\u00e9cessaire de toilette, les lingettes nettoyantes et les coussinets d&#8217;allaitement.<\/p>\n<p>Confection artisanale \u00e0 Barcelone<\/p>\n<p>Id\u00e9al pour :<br \/>\n&#8211; avoir tous les produits embl\u00e9matiques dans un seul pack \u00e0 un prix r\u00e9duit<br \/>\n&#8211; offrir un cadeau de naissance, de maternit\u00e9 ou de bienvenue pour le b\u00e9b\u00e9 et la m\u00e8re<\/p>\n<p>Composition :<br \/>\n100% coton organique* et polyester recycl\u00e9<br \/>\n**Certifi\u00e9s Global Organic Textil Standard<br \/>\nColores: Beige \/ \u00c9cru \/ Sable \/ Pois dor\u00e9s<br \/>\nTaille : voir les descriptions des produits individuels<br \/>\nLavable en machine \u00e0 40\u00b0<\/p>\n<p>&nbsp;<\/p>\n","protected":false},"featured_media":1821,"comment_status":"open","ping_status":"closed","template":"","meta":{"_et_pb_use_builder":"on","_et_pb_old_content":"","_et_gb_content_width":"","inline_featured_image":false},"product_brand":[],"product_cat":[71,70,72],"product_tag":[82,84,81,83,85,80],"class_list":{"0":"post-1844","1":"product","2":"type-product","3":"status-publish","4":"has-post-thumbnail","6":"product_cat-packs-essentiels","7":"product_cat-produits","8":"product_cat-produits-mameko","9":"product_tag-coussinets-dallaitement","10":"product_tag-lingettes-nettoyantes","11":"product_tag-pack-fr","12":"product_tag-produits-mameko","13":"product_tag-sac-a-dos-fr","14":"product_tag-trousse-de-toilette","16":"first","17":"instock","18":"taxable","19":"shipping-taxable","20":"purchasable","21":"product-type-simple"},"yoast_head":"<!-- This site is optimized with the Yoast SEO plugin v26.3 - https:\/\/yoast.com\/wordpress\/plugins\/seo\/ -->\n<title>Pack Mameko Origine | Mameko<\/title>\n<meta name=\"robots\" content=\"index, follow, max-snippet:-1, max-image-preview:large, max-video-preview:-1\" \/>\n<link rel=\"canonical\" href=\"https:\/\/mameko.es\/fr\/boutique\/produits\/packs-essentiels\/pack-mameko-origine\" \/>\n<meta property=\"og:locale\" content=\"fr_FR\" \/>\n<meta property=\"og:type\" content=\"article\" \/>\n<meta property=\"og:title\" content=\"Pack Mameko Origine | Mameko\" \/>\n<meta property=\"og:description\" content=\"Pack id\u00e9al pour un cadeau 100% organique Contient 5 produits embl\u00e9matiques de Mameko : le sac \u00e0 dos Origine (avec un renfort \u00e0 360\u00b0), la mousseline, le n\u00e9cessaire de toilette, les lingettes nettoyantes et les coussinets d&#039;allaitement.  Confection artisanale \u00e0 Barcelone  Id\u00e9al pour : - avoir tous les produits embl\u00e9matiques dans un seul pack \u00e0 un prix r\u00e9duit - offrir un cadeau de naissance, de maternit\u00e9 ou de bienvenue pour le b\u00e9b\u00e9 et la m\u00e8re  Composition : 100% coton organique* et polyester recycl\u00e9 **Certifi\u00e9s Global Organic Textil Standard Colores: Beige \/ \u00c9cru \/ Sable \/ Pois dor\u00e9s Taille : voir les descriptions des produits individuels Lavable en machine \u00e0 40\u00b0  &nbsp;\" \/>\n<meta property=\"og:url\" content=\"https:\/\/mameko.es\/fr\/boutique\/produits\/packs-essentiels\/pack-mameko-origine\" \/>\n<meta property=\"og:site_name\" content=\"Mameko\" \/>\n<meta property=\"article:modified_time\" content=\"2022-04-19T14:15:50+00:00\" \/>\n<meta property=\"og:image\" content=\"https:\/\/mameko.es\/wp-content\/uploads\/2021\/11\/Pack-Mameko-Origen-A2-1.jpg\" \/>\n\t<meta property=\"og:image:width\" content=\"1200\" \/>\n\t<meta property=\"og:image:height\" content=\"1200\" \/>\n\t<meta property=\"og:image:type\" content=\"image\/jpeg\" \/>\n<meta name=\"twitter:card\" content=\"summary_large_image\" \/>\n<meta name=\"twitter:label1\" content=\"Dur\u00e9e de lecture estim\u00e9e\" \/>\n\t<meta name=\"twitter:data1\" content=\"2 minutes\" \/>\n<script type=\"application\/ld+json\" class=\"yoast-schema-graph\">{\"@context\":\"https:\/\/schema.org\",\"@graph\":[{\"@type\":\"WebPage\",\"@id\":\"https:\/\/mameko.es\/fr\/boutique\/produits\/packs-essentiels\/pack-mameko-origine\",\"url\":\"https:\/\/mameko.es\/fr\/boutique\/produits\/packs-essentiels\/pack-mameko-origine\",\"name\":\"Pack Mameko Origine | Mameko\",\"isPartOf\":{\"@id\":\"https:\/\/mameko.es\/fr#website\"},\"primaryImageOfPage\":{\"@id\":\"https:\/\/mameko.es\/fr\/boutique\/produits\/packs-essentiels\/pack-mameko-origine#primaryimage\"},\"image\":{\"@id\":\"https:\/\/mameko.es\/fr\/boutique\/produits\/packs-essentiels\/pack-mameko-origine#primaryimage\"},\"thumbnailUrl\":\"https:\/\/mameko.es\/wp-content\/uploads\/2021\/11\/Pack-Mameko-Origen-A2-1.jpg\",\"datePublished\":\"2021-11-15T14:04:07+00:00\",\"dateModified\":\"2022-04-19T14:15:50+00:00\",\"breadcrumb\":{\"@id\":\"https:\/\/mameko.es\/fr\/boutique\/produits\/packs-essentiels\/pack-mameko-origine#breadcrumb\"},\"inLanguage\":\"fr-FR\",\"potentialAction\":[{\"@type\":\"ReadAction\",\"target\":[\"https:\/\/mameko.es\/fr\/boutique\/produits\/packs-essentiels\/pack-mameko-origine\"]}]},{\"@type\":\"ImageObject\",\"inLanguage\":\"fr-FR\",\"@id\":\"https:\/\/mameko.es\/fr\/boutique\/produits\/packs-essentiels\/pack-mameko-origine#primaryimage\",\"url\":\"https:\/\/mameko.es\/wp-content\/uploads\/2021\/11\/Pack-Mameko-Origen-A2-1.jpg\",\"contentUrl\":\"https:\/\/mameko.es\/wp-content\/uploads\/2021\/11\/Pack-Mameko-Origen-A2-1.jpg\",\"width\":1200,\"height\":1200},{\"@type\":\"BreadcrumbList\",\"@id\":\"https:\/\/mameko.es\/fr\/boutique\/produits\/packs-essentiels\/pack-mameko-origine#breadcrumb\",\"itemListElement\":[{\"@type\":\"ListItem\",\"position\":1,\"name\":\"Portada\",\"item\":\"https:\/\/mameko.es\/fr\"},{\"@type\":\"ListItem\",\"position\":2,\"name\":\"Boutique\",\"item\":\"https:\/\/mameko.es\/fr\/boutique\"},{\"@type\":\"ListItem\",\"position\":3,\"name\":\"Pack Mameko Origine\"}]},{\"@type\":\"WebSite\",\"@id\":\"https:\/\/mameko.es\/fr#website\",\"url\":\"https:\/\/mameko.es\/fr\",\"name\":\"Mameko\",\"description\":\"S\u00e9lection \u00e9coresponsable de produits et de services pour les femmes enceintes\",\"publisher\":{\"@id\":\"https:\/\/mameko.es\/fr#organization\"},\"potentialAction\":[{\"@type\":\"SearchAction\",\"target\":{\"@type\":\"EntryPoint\",\"urlTemplate\":\"https:\/\/mameko.es\/fr?s={search_term_string}\"},\"query-input\":{\"@type\":\"PropertyValueSpecification\",\"valueRequired\":true,\"valueName\":\"search_term_string\"}}],\"inLanguage\":\"fr-FR\"},{\"@type\":\"Organization\",\"@id\":\"https:\/\/mameko.es\/fr#organization\",\"name\":\"MAMEKO\",\"url\":\"https:\/\/mameko.es\/fr\",\"logo\":{\"@type\":\"ImageObject\",\"inLanguage\":\"fr-FR\",\"@id\":\"https:\/\/mameko.es\/fr#\/schema\/logo\/image\/\",\"url\":\"https:\/\/mameko.es\/wp-content\/uploads\/2020\/12\/D-Mameko-Logo512.png\",\"contentUrl\":\"https:\/\/mameko.es\/wp-content\/uploads\/2020\/12\/D-Mameko-Logo512.png\",\"width\":497,\"height\":512,\"caption\":\"MAMEKO\"},\"image\":{\"@id\":\"https:\/\/mameko.es\/fr#\/schema\/logo\/image\/\"}}]}<\/script>\n<!-- \/ Yoast SEO plugin. -->","yoast_head_json":{"title":"Pack Mameko Origine | Mameko","robots":{"index":"index","follow":"follow","max-snippet":"max-snippet:-1","max-image-preview":"max-image-preview:large","max-video-preview":"max-video-preview:-1"},"canonical":"https:\/\/mameko.es\/fr\/boutique\/produits\/packs-essentiels\/pack-mameko-origine","og_locale":"fr_FR","og_type":"article","og_title":"Pack Mameko Origine | Mameko","og_description":"Pack id\u00e9al pour un cadeau 100% organique Contient 5 produits embl\u00e9matiques de Mameko : le sac \u00e0 dos Origine (avec un renfort \u00e0 360\u00b0), la mousseline, le n\u00e9cessaire de toilette, les lingettes nettoyantes et les coussinets d'allaitement.  Confection artisanale \u00e0 Barcelone  Id\u00e9al pour : - avoir tous les produits embl\u00e9matiques dans un seul pack \u00e0 un prix r\u00e9duit - offrir un cadeau de naissance, de maternit\u00e9 ou de bienvenue pour le b\u00e9b\u00e9 et la m\u00e8re  Composition : 100% coton organique* et polyester recycl\u00e9 **Certifi\u00e9s Global Organic Textil Standard Colores: Beige \/ \u00c9cru \/ Sable \/ Pois dor\u00e9s Taille : voir les descriptions des produits individuels Lavable en machine \u00e0 40\u00b0  &nbsp;","og_url":"https:\/\/mameko.es\/fr\/boutique\/produits\/packs-essentiels\/pack-mameko-origine","og_site_name":"Mameko","article_modified_time":"2022-04-19T14:15:50+00:00","og_image":[{"width":1200,"height":1200,"url":"https:\/\/mameko.es\/wp-content\/uploads\/2021\/11\/Pack-Mameko-Origen-A2-1.jpg","type":"image\/jpeg"}],"twitter_card":"summary_large_image","twitter_misc":{"Dur\u00e9e de lecture estim\u00e9e":"2 minutes"},"schema":{"@context":"https:\/\/schema.org","@graph":[{"@type":"WebPage","@id":"https:\/\/mameko.es\/fr\/boutique\/produits\/packs-essentiels\/pack-mameko-origine","url":"https:\/\/mameko.es\/fr\/boutique\/produits\/packs-essentiels\/pack-mameko-origine","name":"Pack Mameko Origine | Mameko","isPartOf":{"@id":"https:\/\/mameko.es\/fr#website"},"primaryImageOfPage":{"@id":"https:\/\/mameko.es\/fr\/boutique\/produits\/packs-essentiels\/pack-mameko-origine#primaryimage"},"image":{"@id":"https:\/\/mameko.es\/fr\/boutique\/produits\/packs-essentiels\/pack-mameko-origine#primaryimage"},"thumbnailUrl":"https:\/\/mameko.es\/wp-content\/uploads\/2021\/11\/Pack-Mameko-Origen-A2-1.jpg","datePublished":"2021-11-15T14:04:07+00:00","dateModified":"2022-04-19T14:15:50+00:00","breadcrumb":{"@id":"https:\/\/mameko.es\/fr\/boutique\/produits\/packs-essentiels\/pack-mameko-origine#breadcrumb"},"inLanguage":"fr-FR","potentialAction":[{"@type":"ReadAction","target":["https:\/\/mameko.es\/fr\/boutique\/produits\/packs-essentiels\/pack-mameko-origine"]}]},{"@type":"ImageObject","inLanguage":"fr-FR","@id":"https:\/\/mameko.es\/fr\/boutique\/produits\/packs-essentiels\/pack-mameko-origine#primaryimage","url":"https:\/\/mameko.es\/wp-content\/uploads\/2021\/11\/Pack-Mameko-Origen-A2-1.jpg","contentUrl":"https:\/\/mameko.es\/wp-content\/uploads\/2021\/11\/Pack-Mameko-Origen-A2-1.jpg","width":1200,"height":1200},{"@type":"BreadcrumbList","@id":"https:\/\/mameko.es\/fr\/boutique\/produits\/packs-essentiels\/pack-mameko-origine#breadcrumb","itemListElement":[{"@type":"ListItem","position":1,"name":"Portada","item":"https:\/\/mameko.es\/fr"},{"@type":"ListItem","position":2,"name":"Boutique","item":"https:\/\/mameko.es\/fr\/boutique"},{"@type":"ListItem","position":3,"name":"Pack Mameko Origine"}]},{"@type":"WebSite","@id":"https:\/\/mameko.es\/fr#website","url":"https:\/\/mameko.es\/fr","name":"Mameko","description":"S\u00e9lection \u00e9coresponsable de produits et de services pour les femmes enceintes","publisher":{"@id":"https:\/\/mameko.es\/fr#organization"},"potentialAction":[{"@type":"SearchAction","target":{"@type":"EntryPoint","urlTemplate":"https:\/\/mameko.es\/fr?s={search_term_string}"},"query-input":{"@type":"PropertyValueSpecification","valueRequired":true,"valueName":"search_term_string"}}],"inLanguage":"fr-FR"},{"@type":"Organization","@id":"https:\/\/mameko.es\/fr#organization","name":"MAMEKO","url":"https:\/\/mameko.es\/fr","logo":{"@type":"ImageObject","inLanguage":"fr-FR","@id":"https:\/\/mameko.es\/fr#\/schema\/logo\/image\/","url":"https:\/\/mameko.es\/wp-content\/uploads\/2020\/12\/D-Mameko-Logo512.png","contentUrl":"https:\/\/mameko.es\/wp-content\/uploads\/2020\/12\/D-Mameko-Logo512.png","width":497,"height":512,"caption":"MAMEKO"},"image":{"@id":"https:\/\/mameko.es\/fr#\/schema\/logo\/image\/"}}]}},"_links":{"self":[{"href":"https:\/\/mameko.es\/fr\/wp-json\/wp\/v2\/product\/1844","targetHints":{"allow":["GET"]}}],"collection":[{"href":"https:\/\/mameko.es\/fr\/wp-json\/wp\/v2\/product"}],"about":[{"href":"https:\/\/mameko.es\/fr\/wp-json\/wp\/v2\/types\/product"}],"replies":[{"embeddable":true,"href":"https:\/\/mameko.es\/fr\/wp-json\/wp\/v2\/comments?post=1844"}],"wp:featuredmedia":[{"embeddable":true,"href":"https:\/\/mameko.es\/fr\/wp-json\/wp\/v2\/media\/1821"}],"wp:attachment":[{"href":"https:\/\/mameko.es\/fr\/wp-json\/wp\/v2\/media?parent=1844"}],"wp:term":[{"taxonomy":"product_brand","embeddable":true,"href":"https:\/\/mameko.es\/fr\/wp-json\/wp\/v2\/product_brand?post=1844"},{"taxonomy":"product_cat","embeddable":true,"href":"https:\/\/mameko.es\/fr\/wp-json\/wp\/v2\/product_cat?post=1844"},{"taxonomy":"product_tag","embeddable":true,"href":"https:\/\/mameko.es\/fr\/wp-json\/wp\/v2\/product_tag?post=1844"}],"curies":[{"name":"wp","href":"https:\/\/api.w.org\/{rel}","templated":true}]}}