{"id":2673,"date":"2022-11-23T13:59:35","date_gmt":"2022-11-23T13:59:35","guid":{"rendered":"https:\/\/mameko.es\/?page_id=2673"},"modified":"2023-04-07T18:25:34","modified_gmt":"2023-04-07T18:25:34","slug":"clarisse","status":"publish","type":"page","link":"https:\/\/mameko.es\/fr\/clarisse","title":{"rendered":"Clarisse"},"content":{"rendered":"<p>[et_pb_section fb_built=&#8221;1&#8243; _builder_version=&#8221;4.16&#8243; _module_preset=&#8221;default&#8221; saved_tabs=&#8221;all&#8221; global_colors_info=&#8221;{}&#8221;][et_pb_row _builder_version=&#8221;4.16&#8243; _module_preset=&#8221;default&#8221; global_colors_info=&#8221;{}&#8221;][et_pb_column type=&#8221;4_4&#8243; _builder_version=&#8221;4.16&#8243; _module_preset=&#8221;default&#8221; global_colors_info=&#8221;{}&#8221;][et_pb_text _builder_version=&#8221;4.19.1&#8243; _module_preset=&#8221;default&#8221; text_font=&#8221;Comfortaa||||||||&#8221; text_text_color=&#8221;#807182&#8243; text_font_size=&#8221;33px&#8221; text_font_size_tablet=&#8221;33px&#8221; text_font_size_phone=&#8221;31px&#8221; text_font_size_last_edited=&#8221;on|phone&#8221; global_colors_info=&#8221;{}&#8221;]Clarisse Mercier[\/et_pb_text][et_pb_text _builder_version=&#8221;4.19.1&#8243; _module_preset=&#8221;default&#8221; text_font=&#8221;Comfortaa||||||||&#8221; text_text_color=&#8221;#B6B4C3&#8243; text_font_size=&#8221;20px&#8221; text_line_height=&#8221;1em&#8221; text_font_size_tablet=&#8221;20px&#8221; text_font_size_phone=&#8221;17px&#8221; text_font_size_last_edited=&#8221;on|phone&#8221; global_colors_info=&#8221;{}&#8221;]Sophrologue[\/et_pb_text][\/et_pb_column][\/et_pb_row][et_pb_row _builder_version=&#8221;4.16&#8243; _module_preset=&#8221;default&#8221; global_colors_info=&#8221;{}&#8221;][et_pb_column type=&#8221;4_4&#8243; _builder_version=&#8221;4.16&#8243; _module_preset=&#8221;default&#8221; global_colors_info=&#8221;{}&#8221;][et_pb_button button_url=&#8221;#anchor-1&#8243; button_text=&#8221;JE COMMENCE AUJOURD&#8217;HUI&#8221; button_alignment=&#8221;center&#8221; _builder_version=&#8221;4.17.6&#8243; _module_preset=&#8221;default&#8221; custom_button=&#8221;on&#8221; button_text_size=&#8221;16px&#8221; button_text_color=&#8221;#807182&#8243; button_bg_color=&#8221;#FAFAEF&#8221; box_shadow_style=&#8221;preset3&#8243; global_colors_info=&#8221;{}&#8221;][\/et_pb_button][\/et_pb_column][\/et_pb_row][et_pb_row column_structure=&#8221;1_2,1_2&#8243; _builder_version=&#8221;4.16&#8243; _module_preset=&#8221;default&#8221; global_colors_info=&#8221;{}&#8221;][et_pb_column type=&#8221;1_2&#8243; _builder_version=&#8221;4.16&#8243; _module_preset=&#8221;default&#8221; global_colors_info=&#8221;{}&#8221;][et_pb_image _builder_version=&#8221;4.20.4&#8243; _module_preset=&#8221;default&#8221; title_text=&#8221;Clarisse-2023&#8243; src=&#8221;https:\/\/mameko.es\/wp-content\/uploads\/2023\/04\/Clarisse-2023.jpg&#8221; src_last_edited=&#8221;on|desktop&#8221; hover_enabled=&#8221;0&#8243; sticky_enabled=&#8221;0&#8243; src_tablet=&#8221;https:\/\/mameko.es\/wp-content\/uploads\/2023\/04\/Clarisse-2023.jpg&#8221; src_phone=&#8221;https:\/\/mameko.es\/wp-content\/uploads\/2023\/04\/Clarisse-2023.jpg&#8221;][\/et_pb_image][\/et_pb_column][et_pb_column type=&#8221;1_2&#8243; _builder_version=&#8221;4.16&#8243; _module_preset=&#8221;default&#8221; global_colors_info=&#8221;{}&#8221;][et_pb_text _builder_version=&#8221;4.19.1&#8243; _module_preset=&#8221;default&#8221; text_font=&#8221;Comfortaa||||||||&#8221; text_text_color=&#8221;#807182&#8243; text_font_size=&#8221;16px&#8221; global_colors_info=&#8221;{}&#8221;]Formation :<\/p>\n<p><strong>Sophrologue Praticienne<\/strong>, Institut de sophrologie de Rennes,  2013<br \/>\n<strong> Ambassadrice Kiffe Ton Cycle, <\/strong>Ga\u00eblle Baldassari, 2020<br \/>\n<strong>R\u00e9flexologie et Massage traditionnel Tha\u00ef, <\/strong>Asian Villa, 2007<\/p>\n<p><strong>La sophrologie va vous aider \u00e0 \u00e9voluer avec vous-m\u00eame durant cette grossesse, avec votre corps qui change, vos pens\u00e9es ou \u00e9motions qui varient aussi. <\/strong><\/p>\n<p>Dans un rapport mutuel de respect et de partage, vous aider \u00e0 aller un peu plus loin que vous ne l\u2019auriez fait seule.<\/p>\n<p>C\u2019est une v\u00e9ritable aide \u00e0 vivre le moment pr\u00e9sent, s\u2019accepter tout en se pr\u00e9parant mentalement au jour J et postpartum. <\/p>\n<p>Vivre cette p\u00e9riode en pleine conscience pour appr\u00e9cier les hauts et les bas qu\u2019on ne ma\u00eetrise pas, mais qui ne vont pas vous emp\u00eacher de vivre au mieux cette exp\u00e9rience de maman que vous offre la vie ![\/et_pb_text][\/et_pb_column][\/et_pb_row][et_pb_row _builder_version=&#8221;4.19.2&#8243; _module_preset=&#8221;default&#8221; width_tablet=&#8221;&#8221; width_phone=&#8221;100%&#8221; width_last_edited=&#8221;on|phone&#8221; max_width_tablet=&#8221;&#8221; max_width_phone=&#8221;100%&#8221; max_width_last_edited=&#8221;on|desktop&#8221; max_height_tablet=&#8221;&#8221; max_height_phone=&#8221;&#8221; max_height_last_edited=&#8221;on|phone&#8221; custom_margin_tablet=&#8221;&#8221; custom_margin_phone=&#8221;&#8221; custom_margin_last_edited=&#8221;on|phone&#8221; global_colors_info=&#8221;{}&#8221;][et_pb_column type=&#8221;4_4&#8243; _builder_version=&#8221;4.16&#8243; _module_preset=&#8221;default&#8221; global_colors_info=&#8221;{}&#8221;][et_pb_text _builder_version=&#8221;4.17.4&#8243; _module_preset=&#8221;default&#8221; text_font=&#8221;Comfortaa||||||||&#8221; text_font_size=&#8221;18px&#8221; global_colors_info=&#8221;{}&#8221;]<\/p>\n<p style=\"text-align: center;\">Qui suis-je ?<\/p>\n<p>[\/et_pb_text][et_pb_video src=&#8221;http:\/\/vimeo.com\/774774956&#8243; src_tablet=&#8221;http:\/\/vimeo.com\/774774956&#8243; src_phone=&#8221;http:\/\/vimeo.com\/774774956&#8243; src_last_edited=&#8221;on|desktop&#8221; _builder_version=&#8221;4.19.1&#8243; _module_preset=&#8221;default&#8221; global_colors_info=&#8221;{}&#8221;][\/et_pb_video][\/et_pb_column][\/et_pb_row][et_pb_row disabled_on=&#8221;off|off|off&#8221; module_id=&#8221;anchor-1&#8243; _builder_version=&#8221;4.16&#8243; _module_preset=&#8221;default&#8221; width=&#8221;100%&#8221; module_alignment=&#8221;center&#8221; global_colors_info=&#8221;{}&#8221;][et_pb_column type=&#8221;4_4&#8243; _builder_version=&#8221;4.16&#8243; _module_preset=&#8221;default&#8221; global_colors_info=&#8221;{}&#8221;][et_pb_shop type=&#8221;product_category&#8221; posts_number=&#8221;5&#8243; include_categories=&#8221;119&#8243; columns_number=&#8221;2&#8243; _builder_version=&#8221;4.20.4&#8243; _module_preset=&#8221;default&#8221; title_text_align=&#8221;left&#8221; price_text_align=&#8221;center&#8221; text_orientation=&#8221;left&#8221; module_alignment=&#8221;center&#8221; max_height=&#8221;1000px&#8221; custom_margin=&#8221;|0px||0px|false|true&#8221; custom_padding=&#8221;|150px||150px|false|true&#8221; custom_padding_tablet=&#8221;|150px||150px|false|true&#8221; custom_padding_phone=&#8221;|20px||20px|false|true&#8221; custom_padding_last_edited=&#8221;on|phone&#8221; title_text_align_tablet=&#8221;left&#8221; title_text_align_phone=&#8221;center&#8221; title_text_align_last_edited=&#8221;on|phone&#8221; global_colors_info=&#8221;{}&#8221;][\/et_pb_shop][\/et_pb_column][\/et_pb_row][\/et_pb_section]<\/p>\n","protected":false},"excerpt":{"rendered":"<p>Clarisse MercierSophrologueFormation : Sophrologue Praticienne, Institut de sophrologie de Rennes, 2013 Ambassadrice Kiffe Ton Cycle, Ga\u00eblle Baldassari, 2020 R\u00e9flexologie et Massage traditionnel Tha\u00ef, Asian Villa, 2007 La sophrologie va vous aider \u00e0 \u00e9voluer avec vous-m\u00eame durant cette grossesse, avec votre corps qui change, vos pens\u00e9es ou \u00e9motions qui varient aussi. Dans un rapport mutuel de [&hellip;]<\/p>\n","protected":false},"author":1,"featured_media":0,"parent":0,"menu_order":0,"comment_status":"closed","ping_status":"closed","template":"","meta":{"_et_pb_use_builder":"on","_et_pb_old_content":"","_et_gb_content_width":"","inline_featured_image":false,"footnotes":""},"class_list":["post-2673","page","type-page","status-publish","hentry"],"yoast_head":"<!-- This site is optimized with the Yoast SEO plugin v26.3 - https:\/\/yoast.com\/wordpress\/plugins\/seo\/ -->\n<title>Clarisse | Mameko<\/title>\n<meta name=\"robots\" content=\"index, follow, max-snippet:-1, max-image-preview:large, max-video-preview:-1\" \/>\n<link rel=\"canonical\" href=\"https:\/\/mameko.es\/fr\/clarisse\" \/>\n<meta property=\"og:locale\" content=\"fr_FR\" \/>\n<meta property=\"og:type\" content=\"article\" \/>\n<meta property=\"og:title\" content=\"Clarisse | Mameko\" \/>\n<meta property=\"og:description\" content=\"Clarisse MercierSophrologueFormation : Sophrologue Praticienne, Institut de sophrologie de Rennes, 2013 Ambassadrice Kiffe Ton Cycle, Ga\u00eblle Baldassari, 2020 R\u00e9flexologie et Massage traditionnel Tha\u00ef, Asian Villa, 2007 La sophrologie va vous aider \u00e0 \u00e9voluer avec vous-m\u00eame durant cette grossesse, avec votre corps qui change, vos pens\u00e9es ou \u00e9motions qui varient aussi. Dans un rapport mutuel de [&hellip;]\" \/>\n<meta property=\"og:url\" content=\"https:\/\/mameko.es\/fr\/clarisse\" \/>\n<meta property=\"og:site_name\" content=\"Mameko\" \/>\n<meta property=\"article:modified_time\" content=\"2023-04-07T18:25:34+00:00\" \/>\n<meta name=\"twitter:card\" content=\"summary_large_image\" \/>\n<meta name=\"twitter:label1\" content=\"Dur\u00e9e de lecture estim\u00e9e\" \/>\n\t<meta name=\"twitter:data1\" content=\"4 minutes\" \/>\n<script type=\"application\/ld+json\" class=\"yoast-schema-graph\">{\"@context\":\"https:\/\/schema.org\",\"@graph\":[{\"@type\":\"WebPage\",\"@id\":\"https:\/\/mameko.es\/fr\/clarisse\",\"url\":\"https:\/\/mameko.es\/fr\/clarisse\",\"name\":\"Clarisse | Mameko\",\"isPartOf\":{\"@id\":\"https:\/\/mameko.es\/fr#website\"},\"datePublished\":\"2022-11-23T13:59:35+00:00\",\"dateModified\":\"2023-04-07T18:25:34+00:00\",\"breadcrumb\":{\"@id\":\"https:\/\/mameko.es\/fr\/clarisse#breadcrumb\"},\"inLanguage\":\"fr-FR\",\"potentialAction\":[{\"@type\":\"ReadAction\",\"target\":[\"https:\/\/mameko.es\/fr\/clarisse\"]}]},{\"@type\":\"BreadcrumbList\",\"@id\":\"https:\/\/mameko.es\/fr\/clarisse#breadcrumb\",\"itemListElement\":[{\"@type\":\"ListItem\",\"position\":1,\"name\":\"Portada\",\"item\":\"https:\/\/mameko.es\/fr\"},{\"@type\":\"ListItem\",\"position\":2,\"name\":\"Clarisse\"}]},{\"@type\":\"WebSite\",\"@id\":\"https:\/\/mameko.es\/fr#website\",\"url\":\"https:\/\/mameko.es\/fr\",\"name\":\"Mameko\",\"description\":\"S\u00e9lection \u00e9coresponsable de produits et de services pour les femmes enceintes\",\"publisher\":{\"@id\":\"https:\/\/mameko.es\/fr#organization\"},\"potentialAction\":[{\"@type\":\"SearchAction\",\"target\":{\"@type\":\"EntryPoint\",\"urlTemplate\":\"https:\/\/mameko.es\/fr?s={search_term_string}\"},\"query-input\":{\"@type\":\"PropertyValueSpecification\",\"valueRequired\":true,\"valueName\":\"search_term_string\"}}],\"inLanguage\":\"fr-FR\"},{\"@type\":\"Organization\",\"@id\":\"https:\/\/mameko.es\/fr#organization\",\"name\":\"MAMEKO\",\"url\":\"https:\/\/mameko.es\/fr\",\"logo\":{\"@type\":\"ImageObject\",\"inLanguage\":\"fr-FR\",\"@id\":\"https:\/\/mameko.es\/fr#\/schema\/logo\/image\/\",\"url\":\"https:\/\/mameko.es\/wp-content\/uploads\/2020\/12\/D-Mameko-Logo512.png\",\"contentUrl\":\"https:\/\/mameko.es\/wp-content\/uploads\/2020\/12\/D-Mameko-Logo512.png\",\"width\":497,\"height\":512,\"caption\":\"MAMEKO\"},\"image\":{\"@id\":\"https:\/\/mameko.es\/fr#\/schema\/logo\/image\/\"}}]}<\/script>\n<!-- \/ Yoast SEO plugin. -->","yoast_head_json":{"title":"Clarisse | Mameko","robots":{"index":"index","follow":"follow","max-snippet":"max-snippet:-1","max-image-preview":"max-image-preview:large","max-video-preview":"max-video-preview:-1"},"canonical":"https:\/\/mameko.es\/fr\/clarisse","og_locale":"fr_FR","og_type":"article","og_title":"Clarisse | Mameko","og_description":"Clarisse MercierSophrologueFormation : Sophrologue Praticienne, Institut de sophrologie de Rennes, 2013 Ambassadrice Kiffe Ton Cycle, Ga\u00eblle Baldassari, 2020 R\u00e9flexologie et Massage traditionnel Tha\u00ef, Asian Villa, 2007 La sophrologie va vous aider \u00e0 \u00e9voluer avec vous-m\u00eame durant cette grossesse, avec votre corps qui change, vos pens\u00e9es ou \u00e9motions qui varient aussi. Dans un rapport mutuel de [&hellip;]","og_url":"https:\/\/mameko.es\/fr\/clarisse","og_site_name":"Mameko","article_modified_time":"2023-04-07T18:25:34+00:00","twitter_card":"summary_large_image","twitter_misc":{"Dur\u00e9e de lecture estim\u00e9e":"4 minutes"},"schema":{"@context":"https:\/\/schema.org","@graph":[{"@type":"WebPage","@id":"https:\/\/mameko.es\/fr\/clarisse","url":"https:\/\/mameko.es\/fr\/clarisse","name":"Clarisse | Mameko","isPartOf":{"@id":"https:\/\/mameko.es\/fr#website"},"datePublished":"2022-11-23T13:59:35+00:00","dateModified":"2023-04-07T18:25:34+00:00","breadcrumb":{"@id":"https:\/\/mameko.es\/fr\/clarisse#breadcrumb"},"inLanguage":"fr-FR","potentialAction":[{"@type":"ReadAction","target":["https:\/\/mameko.es\/fr\/clarisse"]}]},{"@type":"BreadcrumbList","@id":"https:\/\/mameko.es\/fr\/clarisse#breadcrumb","itemListElement":[{"@type":"ListItem","position":1,"name":"Portada","item":"https:\/\/mameko.es\/fr"},{"@type":"ListItem","position":2,"name":"Clarisse"}]},{"@type":"WebSite","@id":"https:\/\/mameko.es\/fr#website","url":"https:\/\/mameko.es\/fr","name":"Mameko","description":"S\u00e9lection \u00e9coresponsable de produits et de services pour les femmes enceintes","publisher":{"@id":"https:\/\/mameko.es\/fr#organization"},"potentialAction":[{"@type":"SearchAction","target":{"@type":"EntryPoint","urlTemplate":"https:\/\/mameko.es\/fr?s={search_term_string}"},"query-input":{"@type":"PropertyValueSpecification","valueRequired":true,"valueName":"search_term_string"}}],"inLanguage":"fr-FR"},{"@type":"Organization","@id":"https:\/\/mameko.es\/fr#organization","name":"MAMEKO","url":"https:\/\/mameko.es\/fr","logo":{"@type":"ImageObject","inLanguage":"fr-FR","@id":"https:\/\/mameko.es\/fr#\/schema\/logo\/image\/","url":"https:\/\/mameko.es\/wp-content\/uploads\/2020\/12\/D-Mameko-Logo512.png","contentUrl":"https:\/\/mameko.es\/wp-content\/uploads\/2020\/12\/D-Mameko-Logo512.png","width":497,"height":512,"caption":"MAMEKO"},"image":{"@id":"https:\/\/mameko.es\/fr#\/schema\/logo\/image\/"}}]}},"_links":{"self":[{"href":"https:\/\/mameko.es\/fr\/wp-json\/wp\/v2\/pages\/2673","targetHints":{"allow":["GET"]}}],"collection":[{"href":"https:\/\/mameko.es\/fr\/wp-json\/wp\/v2\/pages"}],"about":[{"href":"https:\/\/mameko.es\/fr\/wp-json\/wp\/v2\/types\/page"}],"author":[{"embeddable":true,"href":"https:\/\/mameko.es\/fr\/wp-json\/wp\/v2\/users\/1"}],"replies":[{"embeddable":true,"href":"https:\/\/mameko.es\/fr\/wp-json\/wp\/v2\/comments?post=2673"}],"version-history":[{"count":15,"href":"https:\/\/mameko.es\/fr\/wp-json\/wp\/v2\/pages\/2673\/revisions"}],"predecessor-version":[{"id":2993,"href":"https:\/\/mameko.es\/fr\/wp-json\/wp\/v2\/pages\/2673\/revisions\/2993"}],"wp:attachment":[{"href":"https:\/\/mameko.es\/fr\/wp-json\/wp\/v2\/media?parent=2673"}],"curies":[{"name":"wp","href":"https:\/\/api.w.org\/{rel}","templated":true}]}}