{"id":1892,"date":"2021-12-16T13:56:58","date_gmt":"2021-12-16T13:56:58","guid":{"rendered":"https:\/\/mameko.es\/envois-et-retours"},"modified":"2022-05-11T14:41:19","modified_gmt":"2022-05-11T14:41:19","slug":"envois-et-remboursements","status":"publish","type":"page","link":"https:\/\/mameko.es\/fr\/envois-et-remboursements","title":{"rendered":"envois et retours"},"content":{"rendered":"<p>[et_pb_section fb_built=&#8221;1&#8243; _builder_version=&#8221;4.16&#8243; _module_preset=&#8221;default&#8221; global_colors_info=&#8221;{}&#8221;][et_pb_row _builder_version=&#8221;4.16&#8243; _module_preset=&#8221;default&#8221; global_colors_info=&#8221;{}&#8221;][et_pb_column type=&#8221;4_4&#8243; _builder_version=&#8221;4.16&#8243; _module_preset=&#8221;default&#8221; global_colors_info=&#8221;{}&#8221;][et_pb_text _builder_version=&#8221;4.16&#8243; _module_preset=&#8221;default&#8221; text_font=&#8221;Comfortaa||||||||&#8221; text_text_color=&#8221;#807182&#8243; global_colors_info=&#8221;{}&#8221;]<\/p>\n<h1 class=\"western\">ENVOIS :<\/h1>\n<p>Les commandes pass\u00e9es sur la boutique en ligne MAMEKO sont pr\u00e9par\u00e9es par l&#8217;\u00e9quipe MAMEKO. Les envois nationaux sont livr\u00e9s sous 24H-48H et les envois internationaux sous 72H.<br \/>Les frais de port pour les livraisons en Espagne continentale sont inf\u00e9rieurs \u00e0 6 euros. Pour les \u00eeles Canaries, veuillez nous contacter. Le tarif pour les envois vers l&#8217;Europe est compris entre 12,50 euros et 28 euros.<br \/>Les tarifs varient en fonction du pays de destination. Les tarifs sont indiqu\u00e9s lorsque vous s\u00e9lectionnez le pays dans le panier.<\/p>\n<p>&nbsp;<\/p>\n<h1 class=\"western\"><\/h1>\n<h1 class=\"western\">COMMENT PROC\u00c9DER POUR LE RETOUR D&#8217;UN PRODUIT MAMEKO ?<\/h1>\n<h1 class=\"western\"><\/h1>\n<p>Pour retourner un article MAMEKO, il suffit de nous contacter en utilisant le formulaire de contact disponible <a href=\"https:\/\/mameko.es\/fr\/contact\"><u>ici<\/u><\/a>ou de nous envoyer un e-mail \u00e0 <a href=\"mailto:devoluciones@mameko.es\">devoluciones@mameko.es<\/a>.<\/p>\n<p>Vous disposez de 30 jours \u00e0 compter de la date d&#8217;exp\u00e9dition pour entamer votre processus de retour. Nous vous contacterons pour suivre la proc\u00e9dure de retour.<\/p>\n<p>Tous les produits d&#8217;hygi\u00e8ne ne peuvent \u00eatre retourn\u00e9s. (Coussinets d&#8217;allaitement et lingettes nettoyantes)<\/p>\n<p>Les proc\u00e9dures peuvent varier en fonction du pays du client.<\/p>\n<p>[\/et_pb_text][\/et_pb_column][\/et_pb_row][\/et_pb_section]<\/p>\n","protected":false},"excerpt":{"rendered":"<p>ENVOIS : Les commandes pass\u00e9es sur la boutique en ligne MAMEKO sont pr\u00e9par\u00e9es par l&#8217;\u00e9quipe MAMEKO. Les envois nationaux sont livr\u00e9s sous 24H-48H et les envois internationaux sous 72H.Les frais de port pour les livraisons en Espagne continentale sont inf\u00e9rieurs \u00e0 6 euros. Pour les \u00eeles Canaries, veuillez nous contacter. Le tarif pour les envois [&hellip;]<\/p>\n","protected":false},"author":1,"featured_media":0,"parent":0,"menu_order":0,"comment_status":"closed","ping_status":"closed","template":"","meta":{"_et_pb_use_builder":"on","_et_pb_old_content":"","_et_gb_content_width":"","inline_featured_image":false,"footnotes":""},"class_list":["post-1892","page","type-page","status-publish","hentry"],"yoast_head":"<!-- This site is optimized with the Yoast SEO plugin v26.3 - https:\/\/yoast.com\/wordpress\/plugins\/seo\/ -->\n<title>envois et retours | Mameko<\/title>\n<meta name=\"robots\" content=\"index, follow, max-snippet:-1, max-image-preview:large, max-video-preview:-1\" \/>\n<link rel=\"canonical\" href=\"https:\/\/mameko.es\/fr\/envois-et-remboursements\" \/>\n<meta property=\"og:locale\" content=\"fr_FR\" \/>\n<meta property=\"og:type\" content=\"article\" \/>\n<meta property=\"og:title\" content=\"envois et retours | Mameko\" \/>\n<meta property=\"og:description\" content=\"ENVOIS : Les commandes pass\u00e9es sur la boutique en ligne MAMEKO sont pr\u00e9par\u00e9es par l&#039;\u00e9quipe MAMEKO. Les envois nationaux sont livr\u00e9s sous 24H-48H et les envois internationaux sous 72H.Les frais de port pour les livraisons en Espagne continentale sont inf\u00e9rieurs \u00e0 6 euros. Pour les \u00eeles Canaries, veuillez nous contacter. Le tarif pour les envois [&hellip;]\" \/>\n<meta property=\"og:url\" content=\"https:\/\/mameko.es\/fr\/envois-et-remboursements\" \/>\n<meta property=\"og:site_name\" content=\"Mameko\" \/>\n<meta property=\"article:modified_time\" content=\"2022-05-11T14:41:19+00:00\" \/>\n<meta name=\"twitter:card\" content=\"summary_large_image\" \/>\n<meta name=\"twitter:label1\" content=\"Dur\u00e9e de lecture estim\u00e9e\" \/>\n\t<meta name=\"twitter:data1\" content=\"1 minute\" \/>\n<script type=\"application\/ld+json\" class=\"yoast-schema-graph\">{\"@context\":\"https:\/\/schema.org\",\"@graph\":[{\"@type\":\"WebPage\",\"@id\":\"https:\/\/mameko.es\/fr\/envois-et-remboursements\",\"url\":\"https:\/\/mameko.es\/fr\/envois-et-remboursements\",\"name\":\"envois et retours | Mameko\",\"isPartOf\":{\"@id\":\"https:\/\/mameko.es\/fr#website\"},\"datePublished\":\"2021-12-16T13:56:58+00:00\",\"dateModified\":\"2022-05-11T14:41:19+00:00\",\"breadcrumb\":{\"@id\":\"https:\/\/mameko.es\/fr\/envois-et-remboursements#breadcrumb\"},\"inLanguage\":\"fr-FR\",\"potentialAction\":[{\"@type\":\"ReadAction\",\"target\":[\"https:\/\/mameko.es\/fr\/envois-et-remboursements\"]}]},{\"@type\":\"BreadcrumbList\",\"@id\":\"https:\/\/mameko.es\/fr\/envois-et-remboursements#breadcrumb\",\"itemListElement\":[{\"@type\":\"ListItem\",\"position\":1,\"name\":\"Portada\",\"item\":\"https:\/\/mameko.es\/fr\"},{\"@type\":\"ListItem\",\"position\":2,\"name\":\"envois et retours\"}]},{\"@type\":\"WebSite\",\"@id\":\"https:\/\/mameko.es\/fr#website\",\"url\":\"https:\/\/mameko.es\/fr\",\"name\":\"Mameko\",\"description\":\"S\u00e9lection \u00e9coresponsable de produits et de services pour les femmes enceintes\",\"publisher\":{\"@id\":\"https:\/\/mameko.es\/fr#organization\"},\"potentialAction\":[{\"@type\":\"SearchAction\",\"target\":{\"@type\":\"EntryPoint\",\"urlTemplate\":\"https:\/\/mameko.es\/fr?s={search_term_string}\"},\"query-input\":{\"@type\":\"PropertyValueSpecification\",\"valueRequired\":true,\"valueName\":\"search_term_string\"}}],\"inLanguage\":\"fr-FR\"},{\"@type\":\"Organization\",\"@id\":\"https:\/\/mameko.es\/fr#organization\",\"name\":\"MAMEKO\",\"url\":\"https:\/\/mameko.es\/fr\",\"logo\":{\"@type\":\"ImageObject\",\"inLanguage\":\"fr-FR\",\"@id\":\"https:\/\/mameko.es\/fr#\/schema\/logo\/image\/\",\"url\":\"https:\/\/mameko.es\/wp-content\/uploads\/2020\/12\/D-Mameko-Logo512.png\",\"contentUrl\":\"https:\/\/mameko.es\/wp-content\/uploads\/2020\/12\/D-Mameko-Logo512.png\",\"width\":497,\"height\":512,\"caption\":\"MAMEKO\"},\"image\":{\"@id\":\"https:\/\/mameko.es\/fr#\/schema\/logo\/image\/\"}}]}<\/script>\n<!-- \/ Yoast SEO plugin. -->","yoast_head_json":{"title":"envois et retours | Mameko","robots":{"index":"index","follow":"follow","max-snippet":"max-snippet:-1","max-image-preview":"max-image-preview:large","max-video-preview":"max-video-preview:-1"},"canonical":"https:\/\/mameko.es\/fr\/envois-et-remboursements","og_locale":"fr_FR","og_type":"article","og_title":"envois et retours | Mameko","og_description":"ENVOIS : Les commandes pass\u00e9es sur la boutique en ligne MAMEKO sont pr\u00e9par\u00e9es par l'\u00e9quipe MAMEKO. Les envois nationaux sont livr\u00e9s sous 24H-48H et les envois internationaux sous 72H.Les frais de port pour les livraisons en Espagne continentale sont inf\u00e9rieurs \u00e0 6 euros. Pour les \u00eeles Canaries, veuillez nous contacter. Le tarif pour les envois [&hellip;]","og_url":"https:\/\/mameko.es\/fr\/envois-et-remboursements","og_site_name":"Mameko","article_modified_time":"2022-05-11T14:41:19+00:00","twitter_card":"summary_large_image","twitter_misc":{"Dur\u00e9e de lecture estim\u00e9e":"1 minute"},"schema":{"@context":"https:\/\/schema.org","@graph":[{"@type":"WebPage","@id":"https:\/\/mameko.es\/fr\/envois-et-remboursements","url":"https:\/\/mameko.es\/fr\/envois-et-remboursements","name":"envois et retours | Mameko","isPartOf":{"@id":"https:\/\/mameko.es\/fr#website"},"datePublished":"2021-12-16T13:56:58+00:00","dateModified":"2022-05-11T14:41:19+00:00","breadcrumb":{"@id":"https:\/\/mameko.es\/fr\/envois-et-remboursements#breadcrumb"},"inLanguage":"fr-FR","potentialAction":[{"@type":"ReadAction","target":["https:\/\/mameko.es\/fr\/envois-et-remboursements"]}]},{"@type":"BreadcrumbList","@id":"https:\/\/mameko.es\/fr\/envois-et-remboursements#breadcrumb","itemListElement":[{"@type":"ListItem","position":1,"name":"Portada","item":"https:\/\/mameko.es\/fr"},{"@type":"ListItem","position":2,"name":"envois et retours"}]},{"@type":"WebSite","@id":"https:\/\/mameko.es\/fr#website","url":"https:\/\/mameko.es\/fr","name":"Mameko","description":"S\u00e9lection \u00e9coresponsable de produits et de services pour les femmes enceintes","publisher":{"@id":"https:\/\/mameko.es\/fr#organization"},"potentialAction":[{"@type":"SearchAction","target":{"@type":"EntryPoint","urlTemplate":"https:\/\/mameko.es\/fr?s={search_term_string}"},"query-input":{"@type":"PropertyValueSpecification","valueRequired":true,"valueName":"search_term_string"}}],"inLanguage":"fr-FR"},{"@type":"Organization","@id":"https:\/\/mameko.es\/fr#organization","name":"MAMEKO","url":"https:\/\/mameko.es\/fr","logo":{"@type":"ImageObject","inLanguage":"fr-FR","@id":"https:\/\/mameko.es\/fr#\/schema\/logo\/image\/","url":"https:\/\/mameko.es\/wp-content\/uploads\/2020\/12\/D-Mameko-Logo512.png","contentUrl":"https:\/\/mameko.es\/wp-content\/uploads\/2020\/12\/D-Mameko-Logo512.png","width":497,"height":512,"caption":"MAMEKO"},"image":{"@id":"https:\/\/mameko.es\/fr#\/schema\/logo\/image\/"}}]}},"_links":{"self":[{"href":"https:\/\/mameko.es\/fr\/wp-json\/wp\/v2\/pages\/1892","targetHints":{"allow":["GET"]}}],"collection":[{"href":"https:\/\/mameko.es\/fr\/wp-json\/wp\/v2\/pages"}],"about":[{"href":"https:\/\/mameko.es\/fr\/wp-json\/wp\/v2\/types\/page"}],"author":[{"embeddable":true,"href":"https:\/\/mameko.es\/fr\/wp-json\/wp\/v2\/users\/1"}],"replies":[{"embeddable":true,"href":"https:\/\/mameko.es\/fr\/wp-json\/wp\/v2\/comments?post=1892"}],"version-history":[{"count":9,"href":"https:\/\/mameko.es\/fr\/wp-json\/wp\/v2\/pages\/1892\/revisions"}],"predecessor-version":[{"id":2085,"href":"https:\/\/mameko.es\/fr\/wp-json\/wp\/v2\/pages\/1892\/revisions\/2085"}],"wp:attachment":[{"href":"https:\/\/mameko.es\/fr\/wp-json\/wp\/v2\/media?parent=1892"}],"curies":[{"name":"wp","href":"https:\/\/api.w.org\/{rel}","templated":true}]}}