{"id":1886,"date":"2022-03-24T16:24:22","date_gmt":"2022-03-24T16:24:22","guid":{"rendered":"https:\/\/mameko.es\/experts"},"modified":"2023-04-07T09:01:48","modified_gmt":"2023-04-07T09:01:48","slug":"experts","status":"publish","type":"page","link":"https:\/\/mameko.es\/fr\/experts","title":{"rendered":"Experts"},"content":{"rendered":"<p>[et_pb_section fb_built=&#8221;1&#8243; _builder_version=&#8221;4.16&#8243; _module_preset=&#8221;default&#8221; global_colors_info=&#8221;{}&#8221;][et_pb_row _builder_version=&#8221;4.16&#8243; _module_preset=&#8221;default&#8221; global_colors_info=&#8221;{}&#8221;][et_pb_column type=&#8221;4_4&#8243; _builder_version=&#8221;4.16&#8243; _module_preset=&#8221;default&#8221; global_colors_info=&#8221;{}&#8221;][et_pb_text content_tablet=&#8221;<\/p>\n<p style=%22text-align: center;%22>EXPERTS MAMEKO<\/p>\n<p>&#8221; content_phone=&#8221;<\/p>\n<p style=%22text-align: center;%22>EXPERTS<\/p>\n<p style=%22text-align: center;%22>MAMEKO<\/p>\n<p>&#8221; content_last_edited=&#8221;on|phone&#8221; _builder_version=&#8221;4.16&#8243; _module_preset=&#8221;default&#8221; text_font=&#8221;Comfortaa||||||||&#8221; text_text_color=&#8221;#807182&#8243; text_font_size=&#8221;47px&#8221; header_font=&#8221;Comfortaa||||||||&#8221; text_font_size_tablet=&#8221;47px&#8221; text_font_size_phone=&#8221;29px&#8221; text_font_size_last_edited=&#8221;on|phone&#8221; global_colors_info=&#8221;{}&#8221;]<\/p>\n<p style=\"text-align: center;\">EXPERTS MAMEKO<\/p>\n<p>[\/et_pb_text][\/et_pb_column][\/et_pb_row][et_pb_row disabled_on=&#8221;on|off|off&#8221; _builder_version=&#8221;4.16&#8243; _module_preset=&#8221;default&#8221; global_colors_info=&#8221;{}&#8221;][et_pb_column type=&#8221;4_4&#8243; _builder_version=&#8221;4.16&#8243; _module_preset=&#8221;default&#8221; global_colors_info=&#8221;{}&#8221;][et_pb_slider _builder_version=&#8221;4.20.4&#8243; _module_preset=&#8221;default&#8221; link_option_url=&#8221;https:\/\/mameko.es\/fr\/elise&#8221; global_colors_info=&#8221;{}&#8221;][et_pb_slide heading=&#8221;CONSTANCE ROMAIN&#8221; button_text=&#8221;D\u00e9couvrir&#8221; button_link=&#8221;https:\/\/mameko.es\/fr\/constance&#8221; image=&#8221;https:\/\/mameko.es\/wp-content\/uploads\/2022\/06\/Constance.jpg&#8221; _builder_version=&#8221;4.20.4&#8243; _module_preset=&#8221;default&#8221; header_font_size=&#8221;37px&#8221; body_font_size=&#8221;20px&#8221; custom_button=&#8221;on&#8221; button_text_color=&#8221;#EAD7D7&#8243; global_colors_info=&#8221;{}&#8221; sticky_transition=&#8221;on&#8221;]<\/p>\n<p>Coach Pilates<\/p>\n<p>[\/et_pb_slide][et_pb_slide heading=&#8221;ELISE NGOM&#8221; button_text=&#8221;D\u00e9couvrir&#8221; button_link=&#8221;https:\/\/mameko.es\/fr\/elise&#8221; image=&#8221;https:\/\/mameko.es\/wp-content\/uploads\/2022\/07\/Elise-Ngom-photo-Web.png&#8221; _builder_version=&#8221;4.17.6&#8243; _module_preset=&#8221;default&#8221; header_font_size=&#8221;37px&#8221; body_font_size=&#8221;20px&#8221; custom_button=&#8221;on&#8221; button_text_color=&#8221;#EAD7D7&#8243; global_colors_info=&#8221;{}&#8221; sticky_transition=&#8221;on&#8221;]<\/p>\n<p>Kin\u00e9siologue &#8211; R\u00e9flexologue<\/p>\n<p>[\/et_pb_slide][et_pb_slide heading=&#8221;CLARISSE MERCIER&#8221; button_text=&#8221;D\u00e9couvrir&#8221; button_link=&#8221;https:\/\/mameko.es\/fr\/clarisse&#8221; image=&#8221;https:\/\/mameko.es\/wp-content\/uploads\/2023\/04\/Clarisse-2023.jpg&#8221; _builder_version=&#8221;4.20.4&#8243; _module_preset=&#8221;default&#8221; header_font_size=&#8221;37px&#8221; body_font_size=&#8221;20px&#8221; custom_button=&#8221;on&#8221; button_text_color=&#8221;#EAD7D7&#8243; global_colors_info=&#8221;{}&#8221; sticky_transition=&#8221;on&#8221;]<\/p>\n<p>Sophrologue<\/p>\n<p>[\/et_pb_slide][\/et_pb_slider][\/et_pb_column][\/et_pb_row][et_pb_row disabled_on=&#8221;off|on|on&#8221; _builder_version=&#8221;4.16&#8243; _module_preset=&#8221;default&#8221; width=&#8221;100%&#8221; global_colors_info=&#8221;{}&#8221;][et_pb_column type=&#8221;4_4&#8243; _builder_version=&#8221;4.16&#8243; _module_preset=&#8221;default&#8221; global_colors_info=&#8221;{}&#8221;][et_pb_slider _builder_version=&#8221;4.20.4&#8243; _module_preset=&#8221;default&#8221; header_level=&#8221;h1&#8243; header_font=&#8221;||||||||&#8221; header_text_align=&#8221;center&#8221; header_font_size=&#8221;4px&#8221; hover_enabled=&#8221;0&#8243; header_font_size_tablet=&#8221;4px&#8221; header_font_size_phone=&#8221;27px&#8221; header_font_size_last_edited=&#8221;on|phone&#8221; global_colors_info=&#8221;{}&#8221; sticky_enabled=&#8221;0&#8243;][et_pb_slide heading=&#8221;CONSTANCE ROMAIN&#8221; button_text=&#8221;D\u00e9couvrir&#8221; button_link=&#8221;https:\/\/mameko.es\/fr\/constance&#8221; url_new_window=&#8221;on&#8221; _builder_version=&#8221;4.17.4&#8243; _module_preset=&#8221;default&#8221; header_font_size=&#8221;21px&#8221; body_font_size=&#8221;20px&#8221; custom_button=&#8221;on&#8221; button_text_color=&#8221;#EAD7D7&#8243; global_colors_info=&#8221;{}&#8221; sticky_transition=&#8221;on&#8221;]<\/p>\n<p><img loading=\"lazy\" decoding=\"async\" src=\"https:\/\/mameko.es\/wp-content\/uploads\/2022\/06\/Constance.jpg\" alt=\"\" class=\"wp-image-1554 alignnone size-medium\" width=\"300\" height=\"300\"><\/p>\n<p>Coach Pilates<\/p>\n<p>[\/et_pb_slide][et_pb_slide heading=&#8221;CLARISSE MERCIER&#8221; button_text=&#8221;D\u00e9couvrir&#8221; button_link=&#8221;https:\/\/mameko.es\/fr\/clarisse&#8221; url_new_window=&#8221;on&#8221; button_text_last_edited=&#8221;off|desktop&#8221; _builder_version=&#8221;4.20.4&#8243; _module_preset=&#8221;default&#8221; header_font_size=&#8221;21px&#8221; body_font_size=&#8221;20px&#8221; custom_button=&#8221;on&#8221; button_text_color=&#8221;#EAD7D7&#8243; hover_enabled=&#8221;0&#8243; global_colors_info=&#8221;{}&#8221; sticky_transition=&#8221;on&#8221; sticky_enabled=&#8221;0&#8243;]<\/p>\n<p><img loading=\"lazy\" decoding=\"async\" src=\"https:\/\/mameko.es\/wp-content\/uploads\/2023\/04\/Clarisse-2023-300x300.jpg\" alt=\"\" class=\"wp-image-2970 alignnone size-medium\" width=\"300\" height=\"300\" \/><\/p>\n<p>Sophrologue<\/p>\n<p>[\/et_pb_slide][et_pb_slide heading=&#8221;ELISE NGOM&#8221; button_text=&#8221;D\u00e9couvrir&#8221; button_link=&#8221;https:\/\/mameko.es\/fr\/elise&#8221; url_new_window=&#8221;on&#8221; _builder_version=&#8221;4.19.1&#8243; _module_preset=&#8221;default&#8221; header_font_size=&#8221;21px&#8221; body_font_size=&#8221;20px&#8221; custom_button=&#8221;on&#8221; button_text_color=&#8221;#EAD7D7&#8243; global_colors_info=&#8221;{}&#8221; sticky_transition=&#8221;on&#8221;]<\/p>\n<p><img loading=\"lazy\" decoding=\"async\" class=\"wp-image-1554 alignnone size-medium\" src=\"https:\/\/mameko.es\/wp-content\/uploads\/2022\/07\/Elise-Ngom-photo-Web-768x768.png\" width=\"300\" height=\"300\" \/><\/p>\n<p>Kin\u00e9siologue \u2013 R\u00e9flexologue<\/p>\n<p>[\/et_pb_slide][\/et_pb_slider][\/et_pb_column][\/et_pb_row][\/et_pb_section]<\/p>\n","protected":false},"excerpt":{"rendered":"<p>EXPERTS MAMEKOCoach PilatesKin\u00e9siologue &#8211; R\u00e9flexologueSophrologue Coach Pilates Sophrologue Kin\u00e9siologue \u2013 R\u00e9flexologue<\/p>\n","protected":false},"author":1,"featured_media":0,"parent":0,"menu_order":0,"comment_status":"closed","ping_status":"closed","template":"","meta":{"_et_pb_use_builder":"on","_et_pb_old_content":"","_et_gb_content_width":"","inline_featured_image":false,"footnotes":""},"class_list":["post-1886","page","type-page","status-publish","hentry"],"yoast_head":"<!-- This site is optimized with the Yoast SEO plugin v26.3 - https:\/\/yoast.com\/wordpress\/plugins\/seo\/ -->\n<title>Experts | Mameko<\/title>\n<meta name=\"robots\" content=\"index, follow, max-snippet:-1, max-image-preview:large, max-video-preview:-1\" \/>\n<link rel=\"canonical\" href=\"https:\/\/mameko.es\/fr\/experts\" \/>\n<meta property=\"og:locale\" content=\"fr_FR\" \/>\n<meta property=\"og:type\" content=\"article\" \/>\n<meta property=\"og:title\" content=\"Experts | Mameko\" \/>\n<meta property=\"og:description\" content=\"EXPERTS MAMEKOCoach PilatesKin\u00e9siologue - R\u00e9flexologueSophrologue Coach Pilates Sophrologue Kin\u00e9siologue \u2013 R\u00e9flexologue\" \/>\n<meta property=\"og:url\" content=\"https:\/\/mameko.es\/fr\/experts\" \/>\n<meta property=\"og:site_name\" content=\"Mameko\" \/>\n<meta property=\"article:modified_time\" content=\"2023-04-07T09:01:48+00:00\" \/>\n<meta property=\"og:image\" content=\"https:\/\/mameko.es\/wp-content\/uploads\/2022\/06\/Constance.jpg\" \/>\n<meta name=\"twitter:card\" content=\"summary_large_image\" \/>\n<meta name=\"twitter:label1\" content=\"Dur\u00e9e de lecture estim\u00e9e\" \/>\n\t<meta name=\"twitter:data1\" content=\"3 minutes\" \/>\n<script type=\"application\/ld+json\" class=\"yoast-schema-graph\">{\"@context\":\"https:\/\/schema.org\",\"@graph\":[{\"@type\":\"WebPage\",\"@id\":\"https:\/\/mameko.es\/fr\/experts\",\"url\":\"https:\/\/mameko.es\/fr\/experts\",\"name\":\"Experts | Mameko\",\"isPartOf\":{\"@id\":\"https:\/\/mameko.es\/fr#website\"},\"primaryImageOfPage\":{\"@id\":\"https:\/\/mameko.es\/fr\/experts#primaryimage\"},\"image\":{\"@id\":\"https:\/\/mameko.es\/fr\/experts#primaryimage\"},\"thumbnailUrl\":\"https:\/\/mameko.es\/wp-content\/uploads\/2022\/06\/Constance.jpg\",\"datePublished\":\"2022-03-24T16:24:22+00:00\",\"dateModified\":\"2023-04-07T09:01:48+00:00\",\"breadcrumb\":{\"@id\":\"https:\/\/mameko.es\/fr\/experts#breadcrumb\"},\"inLanguage\":\"fr-FR\",\"potentialAction\":[{\"@type\":\"ReadAction\",\"target\":[\"https:\/\/mameko.es\/fr\/experts\"]}]},{\"@type\":\"ImageObject\",\"inLanguage\":\"fr-FR\",\"@id\":\"https:\/\/mameko.es\/fr\/experts#primaryimage\",\"url\":\"https:\/\/mameko.es\/wp-content\/uploads\/2022\/06\/Constance.jpg\",\"contentUrl\":\"https:\/\/mameko.es\/wp-content\/uploads\/2022\/06\/Constance.jpg\"},{\"@type\":\"BreadcrumbList\",\"@id\":\"https:\/\/mameko.es\/fr\/experts#breadcrumb\",\"itemListElement\":[{\"@type\":\"ListItem\",\"position\":1,\"name\":\"Portada\",\"item\":\"https:\/\/mameko.es\/fr\"},{\"@type\":\"ListItem\",\"position\":2,\"name\":\"Experts\"}]},{\"@type\":\"WebSite\",\"@id\":\"https:\/\/mameko.es\/fr#website\",\"url\":\"https:\/\/mameko.es\/fr\",\"name\":\"Mameko\",\"description\":\"S\u00e9lection \u00e9coresponsable de produits et de services pour les femmes enceintes\",\"publisher\":{\"@id\":\"https:\/\/mameko.es\/fr#organization\"},\"potentialAction\":[{\"@type\":\"SearchAction\",\"target\":{\"@type\":\"EntryPoint\",\"urlTemplate\":\"https:\/\/mameko.es\/fr?s={search_term_string}\"},\"query-input\":{\"@type\":\"PropertyValueSpecification\",\"valueRequired\":true,\"valueName\":\"search_term_string\"}}],\"inLanguage\":\"fr-FR\"},{\"@type\":\"Organization\",\"@id\":\"https:\/\/mameko.es\/fr#organization\",\"name\":\"MAMEKO\",\"url\":\"https:\/\/mameko.es\/fr\",\"logo\":{\"@type\":\"ImageObject\",\"inLanguage\":\"fr-FR\",\"@id\":\"https:\/\/mameko.es\/fr#\/schema\/logo\/image\/\",\"url\":\"https:\/\/mameko.es\/wp-content\/uploads\/2020\/12\/D-Mameko-Logo512.png\",\"contentUrl\":\"https:\/\/mameko.es\/wp-content\/uploads\/2020\/12\/D-Mameko-Logo512.png\",\"width\":497,\"height\":512,\"caption\":\"MAMEKO\"},\"image\":{\"@id\":\"https:\/\/mameko.es\/fr#\/schema\/logo\/image\/\"}}]}<\/script>\n<!-- \/ Yoast SEO plugin. -->","yoast_head_json":{"title":"Experts | Mameko","robots":{"index":"index","follow":"follow","max-snippet":"max-snippet:-1","max-image-preview":"max-image-preview:large","max-video-preview":"max-video-preview:-1"},"canonical":"https:\/\/mameko.es\/fr\/experts","og_locale":"fr_FR","og_type":"article","og_title":"Experts | Mameko","og_description":"EXPERTS MAMEKOCoach PilatesKin\u00e9siologue - R\u00e9flexologueSophrologue Coach Pilates Sophrologue Kin\u00e9siologue \u2013 R\u00e9flexologue","og_url":"https:\/\/mameko.es\/fr\/experts","og_site_name":"Mameko","article_modified_time":"2023-04-07T09:01:48+00:00","og_image":[{"url":"https:\/\/mameko.es\/wp-content\/uploads\/2022\/06\/Constance.jpg","type":"","width":"","height":""}],"twitter_card":"summary_large_image","twitter_misc":{"Dur\u00e9e de lecture estim\u00e9e":"3 minutes"},"schema":{"@context":"https:\/\/schema.org","@graph":[{"@type":"WebPage","@id":"https:\/\/mameko.es\/fr\/experts","url":"https:\/\/mameko.es\/fr\/experts","name":"Experts | Mameko","isPartOf":{"@id":"https:\/\/mameko.es\/fr#website"},"primaryImageOfPage":{"@id":"https:\/\/mameko.es\/fr\/experts#primaryimage"},"image":{"@id":"https:\/\/mameko.es\/fr\/experts#primaryimage"},"thumbnailUrl":"https:\/\/mameko.es\/wp-content\/uploads\/2022\/06\/Constance.jpg","datePublished":"2022-03-24T16:24:22+00:00","dateModified":"2023-04-07T09:01:48+00:00","breadcrumb":{"@id":"https:\/\/mameko.es\/fr\/experts#breadcrumb"},"inLanguage":"fr-FR","potentialAction":[{"@type":"ReadAction","target":["https:\/\/mameko.es\/fr\/experts"]}]},{"@type":"ImageObject","inLanguage":"fr-FR","@id":"https:\/\/mameko.es\/fr\/experts#primaryimage","url":"https:\/\/mameko.es\/wp-content\/uploads\/2022\/06\/Constance.jpg","contentUrl":"https:\/\/mameko.es\/wp-content\/uploads\/2022\/06\/Constance.jpg"},{"@type":"BreadcrumbList","@id":"https:\/\/mameko.es\/fr\/experts#breadcrumb","itemListElement":[{"@type":"ListItem","position":1,"name":"Portada","item":"https:\/\/mameko.es\/fr"},{"@type":"ListItem","position":2,"name":"Experts"}]},{"@type":"WebSite","@id":"https:\/\/mameko.es\/fr#website","url":"https:\/\/mameko.es\/fr","name":"Mameko","description":"S\u00e9lection \u00e9coresponsable de produits et de services pour les femmes enceintes","publisher":{"@id":"https:\/\/mameko.es\/fr#organization"},"potentialAction":[{"@type":"SearchAction","target":{"@type":"EntryPoint","urlTemplate":"https:\/\/mameko.es\/fr?s={search_term_string}"},"query-input":{"@type":"PropertyValueSpecification","valueRequired":true,"valueName":"search_term_string"}}],"inLanguage":"fr-FR"},{"@type":"Organization","@id":"https:\/\/mameko.es\/fr#organization","name":"MAMEKO","url":"https:\/\/mameko.es\/fr","logo":{"@type":"ImageObject","inLanguage":"fr-FR","@id":"https:\/\/mameko.es\/fr#\/schema\/logo\/image\/","url":"https:\/\/mameko.es\/wp-content\/uploads\/2020\/12\/D-Mameko-Logo512.png","contentUrl":"https:\/\/mameko.es\/wp-content\/uploads\/2020\/12\/D-Mameko-Logo512.png","width":497,"height":512,"caption":"MAMEKO"},"image":{"@id":"https:\/\/mameko.es\/fr#\/schema\/logo\/image\/"}}]}},"_links":{"self":[{"href":"https:\/\/mameko.es\/fr\/wp-json\/wp\/v2\/pages\/1886","targetHints":{"allow":["GET"]}}],"collection":[{"href":"https:\/\/mameko.es\/fr\/wp-json\/wp\/v2\/pages"}],"about":[{"href":"https:\/\/mameko.es\/fr\/wp-json\/wp\/v2\/types\/page"}],"author":[{"embeddable":true,"href":"https:\/\/mameko.es\/fr\/wp-json\/wp\/v2\/users\/1"}],"replies":[{"embeddable":true,"href":"https:\/\/mameko.es\/fr\/wp-json\/wp\/v2\/comments?post=1886"}],"version-history":[{"count":18,"href":"https:\/\/mameko.es\/fr\/wp-json\/wp\/v2\/pages\/1886\/revisions"}],"predecessor-version":[{"id":2975,"href":"https:\/\/mameko.es\/fr\/wp-json\/wp\/v2\/pages\/1886\/revisions\/2975"}],"wp:attachment":[{"href":"https:\/\/mameko.es\/fr\/wp-json\/wp\/v2\/media?parent=1886"}],"curies":[{"name":"wp","href":"https:\/\/api.w.org\/{rel}","templated":true}]}}