{"id":1884,"date":"2021-12-13T22:14:31","date_gmt":"2021-12-13T22:14:31","guid":{"rendered":"https:\/\/mameko.es\/politique-de-confidentialite"},"modified":"2022-04-17T16:26:20","modified_gmt":"2022-04-17T16:26:20","slug":"politique-de-confidentialite","status":"publish","type":"page","link":"https:\/\/mameko.es\/fr\/politique-de-confidentialite","title":{"rendered":"POLITIQUE DE CONFIDENTIALIT\u00c9"},"content":{"rendered":"[et_pb_section fb_built=&#8221;1&#8243; admin_label=&#8221;section&#8221; _builder_version=&#8221;4.16&#8243; global_colors_info=&#8221;{}&#8221;][et_pb_row admin_label=&#8221;row&#8221; _builder_version=&#8221;4.16&#8243; background_size=&#8221;initial&#8221; background_position=&#8221;top_left&#8221; background_repeat=&#8221;repeat&#8221; global_colors_info=&#8221;{}&#8221;][et_pb_column type=&#8221;4_4&#8243; _builder_version=&#8221;4.16&#8243; custom_padding=&#8221;|||&#8221; global_colors_info=&#8221;{}&#8221; custom_padding__hover=&#8221;|||&#8221;][et_pb_button button_url=&#8221;https:\/\/mameko.es\/fr\/panier&#8221; button_text=&#8221;Retour au panier&#8221; button_alignment=&#8221;center&#8221; _builder_version=&#8221;4.16&#8243; _module_preset=&#8221;default&#8221; global_colors_info=&#8221;{}&#8221;][\/et_pb_button][et_pb_text admin_label=&#8221;Text&#8221; _builder_version=&#8221;4.17.1&#8243; text_font=&#8221;Comfortaa||||||||&#8221; background_size=&#8221;initial&#8221; background_position=&#8221;top_left&#8221; background_repeat=&#8221;repeat&#8221; custom_margin=&#8221;|111px||111px|false|true&#8221; custom_margin_tablet=&#8221;|111px||111px|false|true&#8221; custom_margin_phone=&#8221;|10px||10px|false|true&#8221; custom_margin_last_edited=&#8221;on|phone&#8221; hover_enabled=&#8221;0&#8243; global_colors_info=&#8221;{}&#8221; sticky_enabled=&#8221;0&#8243;]<h2 style=\"text-align: center;\"><strong><\/strong><strong>POLITIQUE DE CONFIDENTIALIT\u00c9<br \/>Chez MAMEKO, nous savons que la protection de vos donn\u00e9es personnelles est un principe essentiel pour conserver votre confiance et entretenir une bonne relation avec nos clients. Nous prenons au s\u00e9rieux la protection de vos informations personnelles.<\/strong><\/h2>\n<p><strong>Le pr\u00e9sent avis de confidentialit\u00e9 explique quelles donn\u00e9es personnelles nous recueillons, comment et pourquoi nous utilisons ces informations, \u00e0 qui nous divulguons vos donn\u00e9es et comment nous prot\u00e9geons votre vie priv\u00e9e. <\/strong><\/p>\n<p>En tant qu&#8217;utilisateur, vous acceptez les pr\u00e9sentes conditions g\u00e9n\u00e9rales par le simple fait de lire, de visualiser ou de naviguer sur le site. Si vous ne les acceptez pas, vous devez quitter le site, sans faire usage de celui-ci et de son contenu, et sans acc\u00e9der aux pages li\u00e9es.<\/p>\n<p>Le propri\u00e9taire du site et responsable du traitement des donn\u00e9es est Estrella Yvette Eliane Ramirez &#8211; Y2759513X, repr\u00e9sentante de MAMEKO. Pour nous contacter, vous pouvez utiliser l&#8217;adresse \u00e9lectronique estrella.ramirez@mameko.es.<\/p>\n<p>Sur notre site web, il existe des sections sp\u00e9cifiques o\u00f9 vous pouvez entrer vos coordonn\u00e9es pour recevoir des informations sur les mises \u00e0 jour de notre site web et sur certains des programmes que nous distribuons. Nous vous assurons que les informations que vous fournissez seront trait\u00e9es dans la plus stricte confidentialit\u00e9.<\/p>\n<p>Bien que les d\u00e9tails exacts des informations personnelles que nous recueillons varient en fonction des objectifs sp\u00e9cifiques pour lesquels nous les recueillons, nous recueillons g\u00e9n\u00e9ralement les informations personnelles suivantes aupr\u00e8s de vous ou \u00e0 votre sujet :<\/p>\n<p>&nbsp;<\/p>\n<p>(a) nom et pr\u00e9nom<\/p>\n<p>(b) l&#8217;adresse compl\u00e8te<\/p>\n<p>(c) num\u00e9ro(s) de t\u00e9l\u00e9phone<\/p>\n<p>(d) l&#8217;adresse \u00e9lectronique<\/p>\n<p>(e) le num\u00e9ro de la carte de cr\u00e9dit<\/p>\n<p>Ces donn\u00e9es seront utilis\u00e9es pour proc\u00e9der \u00e0 vos commandes en toute s\u00e9curit\u00e9 depuis la section &#8220;Mon compte&#8221;, pour fournir des biens et des services, pour traiter les informations \u00e0 nos experts en cas de contrat de services sur la plateforme, pour faire des promotions directes avec votre permission, pour analyser nos ventes et vos besoins, pour recueillir vos opinions ou pour r\u00e9pondre \u00e0 vos demandes ou plaintes depuis &#8220;Contact&#8221;.<\/p>\n<p>Nous nous engageons fermement \u00e0 ce que les donn\u00e9es que vous fournissez \u00e0 notre soci\u00e9t\u00e9 ne soient pas vendues ou transf\u00e9r\u00e9es \u00e0 des tiers sans le consentement pr\u00e9alable de la partie int\u00e9ress\u00e9e, quel que soit le concept ou la circonstance, sauf consentement expr\u00e8s ou obligation l\u00e9gale.<\/p>\n<p>Notre site web peut contenir des liens vers des sites web de tiers. MAMEKO n&#8217;est pas responsable des politiques et pratiques de confidentialit\u00e9 de ces autres sites.<\/p>\n<p>Vous avez le droit d&#8217;acc\u00e9der aux informations vous concernant qui sont stock\u00e9es dans nos bases de donn\u00e9es, de les rectifier en cas d&#8217;erreur, de les supprimer, de les limiter, de vous opposer \u00e0 leur traitement et de retirer votre consentement si vous le souhaitez. Pour ce faire, il suffit d&#8217;\u00e9crire un e-mail \u00e0 revocacion@mameko.es o\u00f9 nous nous ferons un plaisir de vous aider pour toute question, commentaire ou clarification dont vous pourriez avoir besoin \u00e0 cet \u00e9gard.<\/p>\n<p>Merci de votre confiance !<\/p>\n<p>&nbsp;<\/p>\n<p>&nbsp;<\/p>\n<p><\/p>\n<h2 class=\"wp-block-heading\">Commentaires<\/h2>\n<p>Lorsque les visiteurs laissent des commentaires sur le site, nous recueillons les donn\u00e9es qui apparaissent dans le formulaire de commentaire, ainsi que l&#8217;adresse IP du visiteur et la cha\u00eene d&#8217;agent utilisateur du navigateur pour faciliter la d\u00e9tection des spams.<\/p>\n<p>Une cha\u00eene anonyme cr\u00e9\u00e9e \u00e0 partir de votre adresse \u00e9lectronique (\u00e9galement appel\u00e9e hash) peut \u00eatre fournie au service Gravatar pour v\u00e9rifier si vous l&#8217;utilisez. La politique de confidentialit\u00e9 du service Gravatar est disponible ici : https:\/\/automattic.com\/privacy\/. Apr\u00e8s approbation de votre commentaire, votre photo de profil est visible par le public dans le contexte de votre commentaire.<\/p>\n<p>&nbsp;<\/p>\n<p>&nbsp;<\/p>\n<p><\/p>\n<h2 class=\"wp-block-heading\">Media<\/h2>\n<p>&nbsp;<\/p>\n<p>Si vous t\u00e9l\u00e9chargez des images sur le site web, vous devez \u00e9viter de le faire avec des donn\u00e9es de localisation int\u00e9gr\u00e9es (GPS EXIF). Les visiteurs du site web peuvent t\u00e9l\u00e9charger et extraire n&#8217;importe quelle donn\u00e9e de localisation \u00e0 partir des images pr\u00e9sentes sur le site. <\/p>\n<p><\/p>\n<h2 class=\"wp-block-heading\">Cookies<\/h2>\n<p>Si vous laissez un commentaire sur notre site, vous pouvez choisir d&#8217;enregistrer votre nom, votre adresse \u00e9lectronique et votre site web dans les cookies. C&#8217;est pour votre confort, afin que vous n&#8217;ayez pas \u00e0 remplir \u00e0 nouveau vos coordonn\u00e9es lorsque vous laissez un autre commentaire. Ces biscuits se conservent pendant un an.<\/p>\n<p>Si vous visitez notre page de connexion, nous installerons un cookie temporaire pour d\u00e9terminer si votre navigateur accepte les cookies. Ce cookie ne contient aucune donn\u00e9e personnelle et est supprim\u00e9 lorsque vous fermez votre navigateur.<\/p>\n<p>Lorsque vous vous connectez, nous d\u00e9finissons \u00e9galement un certain nombre de cookies pour stocker vos informations de connexion et vos choix d&#8217;affichage \u00e0 l&#8217;\u00e9cran. Les cookies de connexion durent deux jours, et les cookies d&#8217;options d&#8217;affichage durent un an. Si vous s\u00e9lectionnez &#8220;Se souvenir de moi&#8221;, votre connexion sera conserv\u00e9e pendant deux semaines. Si vous vous d\u00e9connectez de votre compte, vos cookies de connexion seront supprim\u00e9s.<\/p>\n<p>Si vous modifiez ou publiez un article, un cookie suppl\u00e9mentaire sera enregistr\u00e9 dans votre navigateur. Ce cookie ne contient aucune donn\u00e9e personnelle et indique simplement l&#8217;ID de l&#8217;article que vous venez de modifier. Il expire apr\u00e8s 1 jour.<\/p>\n<p>&nbsp;<\/p>\n<p>&nbsp;<\/p>\n<p><\/p>\n<h2 class=\"wp-block-heading\">Avec qui nous partageons vos donn\u00e9es<\/h2>\n<p>&nbsp;<\/p>\n<p>Si vous demandez une r\u00e9initialisation du mot de passe, votre adresse IP sera incluse dans l&#8217;e-mail de r\u00e9initialisation. <\/p>\n<p><\/p>\n<h2 class=\"wp-block-heading\">Combien de temps nous conservons vos donn\u00e9es<\/h2>\n<p>Si vous laissez un commentaire, celui-ci et ses m\u00e9tadonn\u00e9es sont conserv\u00e9s ind\u00e9finiment. Cela nous permet de reconna\u00eetre et d&#8217;approuver automatiquement tout commentaire ult\u00e9rieur plut\u00f4t que de le garder dans une file d&#8217;attente de mod\u00e9ration.<\/p>\n<p>Dans le cas des utilisateurs qui s&#8217;inscrivent sur notre site web (le cas \u00e9ch\u00e9ant), nous stockons \u00e9galement les informations personnelles qu&#8217;ils fournissent dans leur profil d&#8217;utilisateur. Tous les utilisateurs peuvent consulter, modifier ou supprimer leurs informations personnelles \u00e0 tout moment (sauf qu&#8217;ils ne peuvent pas modifier leur nom d&#8217;utilisateur). Les administrateurs du site web peuvent \u00e9galement consulter et modifier ces informations.<\/p>\n<p>&nbsp;<\/p>\n<p>&nbsp;<\/p>\n<p><\/p>\n<h2 class=\"wp-block-heading\">Les droits dont vous disposez concernant vos donn\u00e9es<\/h2>\n<p>&nbsp;<\/p>\n<p>Si vous avez un compte sur ce site, ou si vous avez laiss\u00e9 des commentaires, vous pouvez demander que nous vous envoyions un fichier export\u00e9 des donn\u00e9es personnelles que nous d\u00e9tenons \u00e0 votre sujet, y compris les donn\u00e9es personnelles que vous nous avez fournies. Vous pouvez \u00e9galement nous demander de supprimer toutes les donn\u00e9es personnelles que nous d\u00e9tenons \u00e0 votre sujet. Cela ne comprend pas les donn\u00e9es que nous sommes tenus de conserver pour des raisons administratives, juridiques ou de s\u00e9curit\u00e9. <\/p>\n<p><\/p>\n<p><\/p>\n<h2 class=\"wp-block-heading\">O\u00f9 nous envoyons vos donn\u00e9es<\/h2>\n<p>&nbsp;<\/p>\n<p>Les commentaires des utilisateurs peuvent \u00eatre v\u00e9rifi\u00e9s par un service de d\u00e9tection automatique des spams. <\/p>\n<p><\/p>[\/et_pb_text][\/et_pb_column][\/et_pb_row][et_pb_row _builder_version=&#8221;4.16&#8243; _module_preset=&#8221;default&#8221; global_colors_info=&#8221;{}&#8221;][et_pb_column type=&#8221;4_4&#8243; _builder_version=&#8221;4.16&#8243; _module_preset=&#8221;default&#8221; global_colors_info=&#8221;{}&#8221;][et_pb_button button_url=&#8221;https:\/\/mameko.es\/fr\/panier&#8221; button_text=&#8221;Retour au panier&#8221; button_alignment=&#8221;center&#8221; _builder_version=&#8221;4.16&#8243; _module_preset=&#8221;default&#8221; global_colors_info=&#8221;{}&#8221;][\/et_pb_button][\/et_pb_column][\/et_pb_row][\/et_pb_section]","protected":false},"excerpt":{"rendered":"<p>POLITIQUE DE CONFIDENTIALIT\u00c9Chez MAMEKO, nous savons que la protection de vos donn\u00e9es personnelles est un principe essentiel pour conserver votre confiance et entretenir une bonne relation avec nos clients. Nous prenons au s\u00e9rieux la protection de vos informations personnelles. Le pr\u00e9sent avis de confidentialit\u00e9 explique quelles donn\u00e9es personnelles nous recueillons, comment et pourquoi nous utilisons [&hellip;]<\/p>\n","protected":false},"author":1,"featured_media":0,"parent":0,"menu_order":0,"comment_status":"closed","ping_status":"closed","template":"","meta":{"_et_pb_use_builder":"on","_et_pb_old_content":"","_et_gb_content_width":"","inline_featured_image":false,"footnotes":""},"class_list":["post-1884","page","type-page","status-publish","hentry"],"yoast_head":"<!-- This site is optimized with the Yoast SEO plugin v26.3 - https:\/\/yoast.com\/wordpress\/plugins\/seo\/ -->\n<title>POLITIQUE DE CONFIDENTIALIT\u00c9 | Mameko<\/title>\n<meta name=\"robots\" content=\"index, follow, max-snippet:-1, max-image-preview:large, max-video-preview:-1\" \/>\n<link rel=\"canonical\" href=\"https:\/\/mameko.es\/fr\/politique-de-confidentialite\" \/>\n<meta property=\"og:locale\" content=\"fr_FR\" \/>\n<meta property=\"og:type\" content=\"article\" \/>\n<meta property=\"og:title\" content=\"POLITIQUE DE CONFIDENTIALIT\u00c9 | Mameko\" \/>\n<meta property=\"og:description\" content=\"POLITIQUE DE CONFIDENTIALIT\u00c9Chez MAMEKO, nous savons que la protection de vos donn\u00e9es personnelles est un principe essentiel pour conserver votre confiance et entretenir une bonne relation avec nos clients. Nous prenons au s\u00e9rieux la protection de vos informations personnelles. Le pr\u00e9sent avis de confidentialit\u00e9 explique quelles donn\u00e9es personnelles nous recueillons, comment et pourquoi nous utilisons [&hellip;]\" \/>\n<meta property=\"og:url\" content=\"https:\/\/mameko.es\/fr\/politique-de-confidentialite\" \/>\n<meta property=\"og:site_name\" content=\"Mameko\" \/>\n<meta property=\"article:modified_time\" content=\"2022-04-17T16:26:20+00:00\" \/>\n<meta name=\"twitter:card\" content=\"summary_large_image\" \/>\n<meta name=\"twitter:label1\" content=\"Dur\u00e9e de lecture estim\u00e9e\" \/>\n\t<meta name=\"twitter:data1\" content=\"7 minutes\" \/>\n<script type=\"application\/ld+json\" class=\"yoast-schema-graph\">{\"@context\":\"https:\/\/schema.org\",\"@graph\":[{\"@type\":\"WebPage\",\"@id\":\"https:\/\/mameko.es\/fr\/politique-de-confidentialite\",\"url\":\"https:\/\/mameko.es\/fr\/politique-de-confidentialite\",\"name\":\"POLITIQUE DE CONFIDENTIALIT\u00c9 | Mameko\",\"isPartOf\":{\"@id\":\"https:\/\/mameko.es\/fr#website\"},\"datePublished\":\"2021-12-13T22:14:31+00:00\",\"dateModified\":\"2022-04-17T16:26:20+00:00\",\"breadcrumb\":{\"@id\":\"https:\/\/mameko.es\/fr\/politique-de-confidentialite#breadcrumb\"},\"inLanguage\":\"fr-FR\",\"potentialAction\":[{\"@type\":\"ReadAction\",\"target\":[\"https:\/\/mameko.es\/fr\/politique-de-confidentialite\"]}]},{\"@type\":\"BreadcrumbList\",\"@id\":\"https:\/\/mameko.es\/fr\/politique-de-confidentialite#breadcrumb\",\"itemListElement\":[{\"@type\":\"ListItem\",\"position\":1,\"name\":\"Portada\",\"item\":\"https:\/\/mameko.es\/fr\"},{\"@type\":\"ListItem\",\"position\":2,\"name\":\"POLITIQUE DE CONFIDENTIALIT\u00c9\"}]},{\"@type\":\"WebSite\",\"@id\":\"https:\/\/mameko.es\/fr#website\",\"url\":\"https:\/\/mameko.es\/fr\",\"name\":\"Mameko\",\"description\":\"S\u00e9lection \u00e9coresponsable de produits et de services pour les femmes enceintes\",\"publisher\":{\"@id\":\"https:\/\/mameko.es\/fr#organization\"},\"potentialAction\":[{\"@type\":\"SearchAction\",\"target\":{\"@type\":\"EntryPoint\",\"urlTemplate\":\"https:\/\/mameko.es\/fr?s={search_term_string}\"},\"query-input\":{\"@type\":\"PropertyValueSpecification\",\"valueRequired\":true,\"valueName\":\"search_term_string\"}}],\"inLanguage\":\"fr-FR\"},{\"@type\":\"Organization\",\"@id\":\"https:\/\/mameko.es\/fr#organization\",\"name\":\"MAMEKO\",\"url\":\"https:\/\/mameko.es\/fr\",\"logo\":{\"@type\":\"ImageObject\",\"inLanguage\":\"fr-FR\",\"@id\":\"https:\/\/mameko.es\/fr#\/schema\/logo\/image\/\",\"url\":\"https:\/\/mameko.es\/wp-content\/uploads\/2020\/12\/D-Mameko-Logo512.png\",\"contentUrl\":\"https:\/\/mameko.es\/wp-content\/uploads\/2020\/12\/D-Mameko-Logo512.png\",\"width\":497,\"height\":512,\"caption\":\"MAMEKO\"},\"image\":{\"@id\":\"https:\/\/mameko.es\/fr#\/schema\/logo\/image\/\"}}]}<\/script>\n<!-- \/ Yoast SEO plugin. -->","yoast_head_json":{"title":"POLITIQUE DE CONFIDENTIALIT\u00c9 | Mameko","robots":{"index":"index","follow":"follow","max-snippet":"max-snippet:-1","max-image-preview":"max-image-preview:large","max-video-preview":"max-video-preview:-1"},"canonical":"https:\/\/mameko.es\/fr\/politique-de-confidentialite","og_locale":"fr_FR","og_type":"article","og_title":"POLITIQUE DE CONFIDENTIALIT\u00c9 | Mameko","og_description":"POLITIQUE DE CONFIDENTIALIT\u00c9Chez MAMEKO, nous savons que la protection de vos donn\u00e9es personnelles est un principe essentiel pour conserver votre confiance et entretenir une bonne relation avec nos clients. Nous prenons au s\u00e9rieux la protection de vos informations personnelles. Le pr\u00e9sent avis de confidentialit\u00e9 explique quelles donn\u00e9es personnelles nous recueillons, comment et pourquoi nous utilisons [&hellip;]","og_url":"https:\/\/mameko.es\/fr\/politique-de-confidentialite","og_site_name":"Mameko","article_modified_time":"2022-04-17T16:26:20+00:00","twitter_card":"summary_large_image","twitter_misc":{"Dur\u00e9e de lecture estim\u00e9e":"7 minutes"},"schema":{"@context":"https:\/\/schema.org","@graph":[{"@type":"WebPage","@id":"https:\/\/mameko.es\/fr\/politique-de-confidentialite","url":"https:\/\/mameko.es\/fr\/politique-de-confidentialite","name":"POLITIQUE DE CONFIDENTIALIT\u00c9 | Mameko","isPartOf":{"@id":"https:\/\/mameko.es\/fr#website"},"datePublished":"2021-12-13T22:14:31+00:00","dateModified":"2022-04-17T16:26:20+00:00","breadcrumb":{"@id":"https:\/\/mameko.es\/fr\/politique-de-confidentialite#breadcrumb"},"inLanguage":"fr-FR","potentialAction":[{"@type":"ReadAction","target":["https:\/\/mameko.es\/fr\/politique-de-confidentialite"]}]},{"@type":"BreadcrumbList","@id":"https:\/\/mameko.es\/fr\/politique-de-confidentialite#breadcrumb","itemListElement":[{"@type":"ListItem","position":1,"name":"Portada","item":"https:\/\/mameko.es\/fr"},{"@type":"ListItem","position":2,"name":"POLITIQUE DE CONFIDENTIALIT\u00c9"}]},{"@type":"WebSite","@id":"https:\/\/mameko.es\/fr#website","url":"https:\/\/mameko.es\/fr","name":"Mameko","description":"S\u00e9lection \u00e9coresponsable de produits et de services pour les femmes enceintes","publisher":{"@id":"https:\/\/mameko.es\/fr#organization"},"potentialAction":[{"@type":"SearchAction","target":{"@type":"EntryPoint","urlTemplate":"https:\/\/mameko.es\/fr?s={search_term_string}"},"query-input":{"@type":"PropertyValueSpecification","valueRequired":true,"valueName":"search_term_string"}}],"inLanguage":"fr-FR"},{"@type":"Organization","@id":"https:\/\/mameko.es\/fr#organization","name":"MAMEKO","url":"https:\/\/mameko.es\/fr","logo":{"@type":"ImageObject","inLanguage":"fr-FR","@id":"https:\/\/mameko.es\/fr#\/schema\/logo\/image\/","url":"https:\/\/mameko.es\/wp-content\/uploads\/2020\/12\/D-Mameko-Logo512.png","contentUrl":"https:\/\/mameko.es\/wp-content\/uploads\/2020\/12\/D-Mameko-Logo512.png","width":497,"height":512,"caption":"MAMEKO"},"image":{"@id":"https:\/\/mameko.es\/fr#\/schema\/logo\/image\/"}}]}},"_links":{"self":[{"href":"https:\/\/mameko.es\/fr\/wp-json\/wp\/v2\/pages\/1884","targetHints":{"allow":["GET"]}}],"collection":[{"href":"https:\/\/mameko.es\/fr\/wp-json\/wp\/v2\/pages"}],"about":[{"href":"https:\/\/mameko.es\/fr\/wp-json\/wp\/v2\/types\/page"}],"author":[{"embeddable":true,"href":"https:\/\/mameko.es\/fr\/wp-json\/wp\/v2\/users\/1"}],"replies":[{"embeddable":true,"href":"https:\/\/mameko.es\/fr\/wp-json\/wp\/v2\/comments?post=1884"}],"version-history":[{"count":6,"href":"https:\/\/mameko.es\/fr\/wp-json\/wp\/v2\/pages\/1884\/revisions"}],"predecessor-version":[{"id":1928,"href":"https:\/\/mameko.es\/fr\/wp-json\/wp\/v2\/pages\/1884\/revisions\/1928"}],"wp:attachment":[{"href":"https:\/\/mameko.es\/fr\/wp-json\/wp\/v2\/media?parent=1884"}],"curies":[{"name":"wp","href":"https:\/\/api.w.org\/{rel}","templated":true}]}}