{"id":1881,"date":"2020-11-05T16:53:30","date_gmt":"2020-11-05T16:53:30","guid":{"rendered":"https:\/\/mameko.es\/t-c"},"modified":"2022-05-12T20:25:25","modified_gmt":"2022-05-12T20:25:25","slug":"t-c","status":"publish","type":"page","link":"https:\/\/mameko.es\/fr\/t-c","title":{"rendered":"T-C"},"content":{"rendered":"<p>[et_pb_section fb_built=&#8221;1&#8243; _builder_version=&#8221;4.16&#8243; _module_preset=&#8221;default&#8221; global_colors_info=&#8221;{}&#8221;][et_pb_row _builder_version=&#8221;4.16&#8243; _module_preset=&#8221;default&#8221; global_colors_info=&#8221;{}&#8221;][et_pb_column type=&#8221;4_4&#8243; _builder_version=&#8221;4.16&#8243; _module_preset=&#8221;default&#8221; global_colors_info=&#8221;{}&#8221;][et_pb_text _builder_version=&#8221;4.16&#8243; _module_preset=&#8221;default&#8221; text_font=&#8221;Comfortaa||||||||&#8221; custom_padding=&#8221;0px|||||&#8221; global_colors_info=&#8221;{}&#8221;]<\/p>\n<p><strong>\u00a0\u00a0 \u00a0\u00a0 Conditions g\u00e9n\u00e9rales pour les commandes en ligne sur www.MAMEKO.es<\/strong><\/p>\n<p>Nos conditions g\u00e9n\u00e9rales s&#8217;appliquent \u00e0 la fourniture de tous les services sur MAMEKO.com.<\/p>\n<p><strong>Les offres propos\u00e9es sur nos sites www.mameko.es sont destin\u00e9es exclusivement aux consommateurs dont les achats ne sont pas destin\u00e9s \u00e0 des fins commerciales ou professionnelles.<\/strong><\/p>\n<p>Sur <a href=\"http:\/\/www.mameko.es\">www.mameko.es<\/a>, nous vous offrons une exp\u00e9rience d&#8217;achat personnalis\u00e9e et des services adapt\u00e9s \u00e0 vos int\u00e9r\u00eats et \u00e0 vos besoins. Sur <a href=\"http:\/\/www.mameko.es\">www.mameko.es<\/a>, nous vendons des articles de MAMEKO et des partenaires de MAMEKO. Sur www.MAMEKO.es, nous ne proposons \u00e0 la vente que des produits MAMEKO.<\/p>\n<p><strong>Les produits MAMEKO<\/strong> comprennent tous les produits propos\u00e9s sur www.MAMEKO.es, sauf si nous indiquons qu&#8217;il s&#8217;agit de produits de partenaires MAMEKO.<\/p>\n<p><strong>Les produits des partenaires MAMEKO<\/strong> comprennent les &#8220;produits ou services&#8221; que nous proposons sur <a href=\"http:\/\/www.mameko.es\">www.mameko.es<\/a> et que nous identifions comme des produits des partenaires.<\/p>\n<ol>\n<li><strong> Formalisation du contrat et livraison des produits<\/strong><\/li>\n<\/ol>\n<p><strong>1.1<\/strong> En passant une commande, vous d\u00e9clarez que vous agissez exclusivement \u00e0 des fins priv\u00e9es.<\/p>\n<p><strong>1.2<\/strong> Pour les commandes en ligne pass\u00e9es sur www.MAMEKO.es, nous ne concluons des contrats qu&#8217;en fran\u00e7ais. Lorsque vous passez une commande de produits MAMEKO et MAMEKO, votre contrat est conclu avec MAMEKO \u00e0 Moragas, 9 &#8211; 08370 CALELLA, et lorsque vous passez une commande de produits de partenaires MAMEKO, vous concluez \u00e9galement un contrat avec le partenaire MAMEKO concern\u00e9. Les produits partenaires de MAMEKO sont sp\u00e9cifiquement identifi\u00e9s sur chaque page de d\u00e9tail du produit.<\/p>\n<p><strong>1.3<\/strong>En cliquant sur &#8220;Acheter&#8221;, vous passez une commande ferme pour les articles figurant dans votre panier. Une fois que vous avez pass\u00e9 votre commande, nous vous envoyons imm\u00e9diatement un e-mail de confirmation de commande. Le contrat obligatoire est conclu d\u00e8s que vous recevez la confirmation de commande de notre part.<\/p>\n<p><strong>1.4<\/strong>Veuillez noter que, exceptionnellement, nous ne sommes pas tenus de vous livrer si nos fournisseurs ne livrent pas le stock correctement ou \u00e0 temps, m\u00eame si nous avons agi conform\u00e9ment \u00e0 notre pratique habituelle de commande. Pour que nous puissions appliquer une telle exception et ainsi n&#8217;assumer aucune responsabilit\u00e9, nous ne pouvons pas \u00eatre responsables de l&#8217;indisponibilit\u00e9 des produits et nous devons vous avoir inform\u00e9 de la situation sans retard excessif. En outre, nous ne pouvons pas avoir assum\u00e9 un risque d&#8217;achat par rapport au produit command\u00e9. Si le produit n&#8217;est pas disponible, nous vous rembourserons tout paiement effectu\u00e9 dans les meilleurs d\u00e9lais.<\/p>\n<p><strong>1.5<\/strong> Nous n&#8217;assumons pas le risque de devoir acheter le produit command\u00e9 ailleurs (risque d&#8217;achat). Ceci s&#8217;applique \u00e9galement aux commandes de marchandises g\u00e9n\u00e9riques (dans lesquelles seuls le type et les caract\u00e9ristiques des marchandises sont d\u00e9crits). Nous sommes uniquement tenus de livrer \u00e0 partir de notre stock disponible et du stock command\u00e9 aupr\u00e8s de nos fournisseurs. Notre stock comprend le stock du partenaire MAMEKO concern\u00e9 si une commande a \u00e9t\u00e9 pass\u00e9e pour des produits du partenaire MAMEKO.<\/p>\n<p><strong>1.7<\/strong> Les livraisons sont effectu\u00e9es en Espagne, \u00e0 l&#8217;exception des \u00eeles Canaries, de Ceuta et de Melilla. Lorsque les d\u00e9lais de livraison sont exprim\u00e9s en jours ouvrables, on entend par jours ouvrables tous les jours compris entre le lundi et le vendredi inclus, \u00e0 l&#8217;exclusion des jours f\u00e9ri\u00e9s et des week-ends.<\/p>\n<p><strong>1.8<\/strong>Nous nous r\u00e9servons le droit de ne pas accepter une commande, ou d&#8217;annuler une commande, si elle est pass\u00e9e par l&#8217;utilisation de logiciels, de robots, de moteurs d&#8217;exploration, d&#8217;araign\u00e9es ou de tout syst\u00e8me automatis\u00e9 ou comportement programm\u00e9, ainsi que toute utilisation de services tiers utilis\u00e9s pour passer une commande en votre nom.<\/p>\n<ol start=\"2\">\n<li><strong> Prix, frais de livraison et service de livraison express<\/strong><\/li>\n<\/ol>\n<p><strong>2.1<\/strong>Les prix indiqu\u00e9s sur les produits \u00e0 la date de passation de la commande sont applicables. Les prix indiqu\u00e9s sont les prix finaux (totaux), c&#8217;est-\u00e0-dire qu&#8217;ils incluent la taxe sur la valeur ajout\u00e9e en Espagne au taux l\u00e9gal applicable. Jusqu&#8217;au paiement int\u00e9gral du prix d&#8217;achat, le produit reste notre propri\u00e9t\u00e9 ou, le cas \u00e9ch\u00e9ant, la propri\u00e9t\u00e9 du partenaire MAMEKO concern\u00e9.<\/p>\n<ol start=\"3\">\n<li><strong> Paiement<\/strong><\/li>\n<\/ol>\n<p><strong>3.1<\/strong> Les prix indiqu\u00e9s sur les produits \u00e0 la date de passation de la commande sont applicables. Les prix indiqu\u00e9s sont les prix finaux (totaux), c&#8217;est-\u00e0-dire qu&#8217;ils incluent la taxe sur la valeur ajout\u00e9e en Espagne au taux l\u00e9gal applicable. Jusqu&#8217;au paiement int\u00e9gral du prix d&#8217;achat, le produit reste notre propri\u00e9t\u00e9 ou, le cas \u00e9ch\u00e9ant, la propri\u00e9t\u00e9 du partenaire MAMEKO concern\u00e9.<\/p>\n<p><strong>3.2<\/strong>Les frais d&#8217;exp\u00e9dition seront affich\u00e9s pendant le processus de commande. Le co\u00fbt total de l&#8217;exp\u00e9dition sera identifi\u00e9 et d\u00e9taill\u00e9 sur l&#8217;\u00e9cran de paiement et sur le re\u00e7u de paiement qui est \u00e9mis.<\/p>\n<ol start=\"4\">\n<li><strong> Bons promotionnels et comment les \u00e9changer<\/strong><\/li>\n<\/ol>\n<p><strong>4.1<\/strong> Les bons promotionnels sont des bons qui ne peuvent pas \u00eatre achet\u00e9s mais qui sont donn\u00e9s lors de campagnes publicitaires et qui sont valables pendant une certaine p\u00e9riode.<\/p>\n<p><strong>4.2<\/strong>Les bons promotionnels ne peuvent \u00eatre \u00e9chang\u00e9s qu&#8217;une seule fois dans le cadre d&#8217;une commande, et uniquement pendant la p\u00e9riode indiqu\u00e9e. Certaines marques peuvent \u00eatre exclues de la promotion. Les bons promotionnels ne peuvent pas \u00eatre utilis\u00e9s pour acheter des ch\u00e8ques-cadeaux. Veuillez noter qu&#8217;une valeur minimale de commande peut s&#8217;appliquer pour utiliser les bons promotionnels.<\/p>\n<p><strong>4.3<\/strong> La valeur du produit doit \u00eatre \u00e9gale ou sup\u00e9rieure \u00e0 la valeur du bon promotionnel. Si le bon d&#8217;achat ne couvre pas la valeur du produit, la diff\u00e9rence peut \u00eatre pay\u00e9e par l&#8217;un des modes de paiement accept\u00e9s. La valeur des bons promotionnels ne sera pas pay\u00e9e en esp\u00e8ces et ne produira pas d&#8217;int\u00e9r\u00eats. Les bons promotionnels ne seront pas rembours\u00e9s en cas de retour de tout ou partie des produits.<\/p>\n<p><strong>4.4<\/strong> Les bons promotionnels ne peuvent \u00eatre \u00e9chang\u00e9s qu&#8217;avant la fin de la commande. Il n&#8217;est pas possible d&#8217;appliquer les bons de mani\u00e8re r\u00e9troactive. Les bons promotionnels ne peuvent \u00eatre transmis \u00e0 des tiers. Sauf disposition contraire, il n&#8217;est pas possible de combiner plusieurs bons promotionnels.<\/p>\n<p><strong>4.5<\/strong> Si vous avez utilis\u00e9 un bon promotionnel lors d&#8217;un achat et que, suite \u00e0 une annulation de votre part, la valeur totale de votre commande est inf\u00e9rieure ou \u00e9gale \u00e0 la valeur du bon promotionnel, nous nous r\u00e9servons le droit de vous facturer le prix original du produit que vous souhaitez conserver.<\/p>\n<ol start=\"5\">\n<li><strong> Cartes cadeaux et comment les \u00e9changer<\/strong><\/li>\n<\/ol>\n<p><strong>5.1<\/strong> Les cartes cadeaux sont des cartes qui peuvent \u00eatre achet\u00e9es. Elles ne peuvent \u00eatre \u00e9chang\u00e9es que pour l&#8217;achat de produits MAMEKO et de produits de partenaires MAMEKO, et non pour l&#8217;achat de cartes-cadeaux suppl\u00e9mentaires. Si la valeur d&#8217;un ch\u00e8que-cadeau n&#8217;est pas suffisante pour couvrir la commande, la diff\u00e9rence peut \u00eatre pay\u00e9e en utilisant l&#8217;un des modes de paiement propos\u00e9s.<\/p>\n<p><strong>5.2<\/strong> Les ch\u00e8ques-cadeaux ne peuvent \u00eatre \u00e9chang\u00e9s et le solde appliqu\u00e9 qu&#8217;avant le paiement de la commande. La valeur des ch\u00e8ques-cadeaux ne sera pas cr\u00e9dit\u00e9e en esp\u00e8ces et ne produira pas d&#8217;int\u00e9r\u00eats. Dans la section &#8220;Mon compte&#8221; de <a href=\"https:\/\/www.zalando.es\/\">www.MAMEKO.es<\/a>. vous pouvez \u00e9changer des ch\u00e8ques-cadeaux et les appliquer \u00e0 votre compte utilisateur ou v\u00e9rifier votre solde.<\/p>\n<ol start=\"6\">\n<li><strong> Droit l\u00e9gal de r\u00e9tractation pour les produits MAMEKO<\/strong><\/li>\n<\/ol>\n<p>Lorsque vous achetez des produits MAMEKO, vous disposez d&#8217;un droit de r\u00e9tractation l\u00e9gal :<\/p>\n<p><strong>Information sur l&#8217;exercice du droit de r\u00e9tractation :<\/strong><\/p>\n<p>Vous avez le droit de vous retirer du pr\u00e9sent contrat sans donner de raison dans un d\u00e9lai de 14 jours. Le d\u00e9lai de r\u00e9tractation expire 14 jours apr\u00e8s le jour o\u00f9 vous ou un tiers autre que le transporteur et indiqu\u00e9 par vous entre en possession physique du dernier de ces produits.<\/p>\n<p>Pour exercer votre droit de r\u00e9tractation, vous devez nous notifier (\u00e0 MAMEKO, avec adresse postale \u00e0 Calle Moragas, 9 &#8211; 08370 CALELLA &#8211; ESPAGNE), ou par e-mail : <a href=\"mailto:revocacion@MAMEKO.es\">revocacion@MAMEKO.es<\/a> &#8211; votre d\u00e9cision de r\u00e9tractation du contrat au moyen d&#8217;une d\u00e9claration non \u00e9quivoque (par exemple, une lettre envoy\u00e9e par la poste, une t\u00e9l\u00e9copie ou un e-mail).<\/p>\n<p>Vous pouvez \u00e9galement compl\u00e9ter et soumettre la r\u00e9tractation ou toute autre d\u00e9claration non \u00e9quivoque en ligne en utilisant le formulaire de contact de notre site web. Si vous soumettez la notification de retrait en ligne, nous vous enverrons un accus\u00e9 de r\u00e9ception sans d\u00e9lai excessif. (par exemple, par e-mail). Pour respecter le d\u00e9lai de r\u00e9tractation, il suffit que la communication concernant l&#8217;exercice du droit de r\u00e9tractation soit envoy\u00e9e avant l&#8217;expiration du d\u00e9lai de r\u00e9tractation.<\/p>\n<p><strong>Cons\u00e9quences de la r\u00e9tractation<\/strong><\/p>\n<p>En cas de r\u00e9tractation de votre part, nous vous rembourserons les paiements que vous avez effectu\u00e9s, y compris les frais de livraison (\u00e0 l&#8217;exception des frais suppl\u00e9mentaires r\u00e9sultant de votre choix d&#8217;un mode de livraison autre que le type de livraison standard le moins co\u00fbteux que nous proposons) sans retard excessif et, en tout \u00e9tat de cause, dans les 14 jours \u00e0 compter de la date \u00e0 laquelle nous sommes inform\u00e9s de votre d\u00e9cision de r\u00e9tractation du pr\u00e9sent contrat. Le remboursement sera effectu\u00e9 en utilisant le m\u00eame moyen de paiement que celui que vous avez utilis\u00e9 pour la transaction initiale, sauf accord expr\u00e8s contraire. Nous ne vous facturerons pas de frais \u00e0 la suite du remboursement. Nous pouvons retenir le remboursement jusqu&#8217;\u00e0 ce que nous ayons re\u00e7u les biens en retour, ou jusqu&#8217;\u00e0 ce que vous ayez fourni la preuve que vous avez renvoy\u00e9 les biens, selon la condition qui est remplie en premier.<\/p>\n<p>Les produits doivent \u00eatre retourn\u00e9s ou livr\u00e9s au plus tard dans les 14 jours \u00e0 compter de la date \u00e0 laquelle vous nous informez de votre d\u00e9cision de r\u00e9tractation du contrat.<\/p>\n<p>Le d\u00e9lai sera consid\u00e9r\u00e9 comme respect\u00e9 si vous renvoyez les marchandises avant l&#8217;expiration de la p\u00e9riode de 14 jours. Vous devrez payer les frais de retour. Vous n&#8217;\u00eates tenu de couvrir la d\u00e9pr\u00e9ciation de la valeur des biens que si cette d\u00e9pr\u00e9ciation r\u00e9sulte d&#8217;une manipulation inappropri\u00e9e des biens lors de l&#8217;examen de leur \u00e9tat, de leurs propri\u00e9t\u00e9s et de leur fonctionnement.<\/p>\n<p><strong>Formulaire de r\u00e9tractation<\/strong><\/p>\n<p>(Si vous souhaitez vous retirer du contrat, vous pouvez remplir et nous envoyer ce formulaire) &#8211; \u00c0 l&#8217;attention de MAMEKO, dont l&#8217;adresse postale est Calle Moragas, 9 &#8211; 08370 Calella &#8211; Espagne, \u00e0 l&#8217;adresse \u00e9lectronique suivante : <a href=\"mailto:revocacion@MAMEKO.es\">revocacion@MAMEKO.es<\/a>.<\/p>\n<p>Par la pr\u00e9sente, je vous informe \/ nous vous informons (*) que je me retire \/ nous nous retirons de notre (*) contrat de vente du produit suivant (*)\/ : &#8211; command\u00e9 le (*)\/re\u00e7u le (*) &#8211; nom du\/des consommateur(s) &#8211; adresse du\/des consommateur(s) &#8211; date &#8211; signature (si soumis sur papier)<\/p>\n<p>(*) Rayer la mention inutile<\/p>\n<p><strong>Fin de la communication<\/strong><\/p>\n<ol start=\"7\">\n<li><strong> Droit l\u00e9gal de r\u00e9tractation pour les produits MAMEKO et des partenaires de MAMEKO <\/strong><\/li>\n<\/ol>\n<p>Lorsque vous achetez des produits aupr\u00e8s des partenaires de MAMEKO, vous disposez d&#8217;un droit de r\u00e9tractation l\u00e9gal.<\/p>\n<p><strong>Information sur l&#8217;exercice du droit de r\u00e9tractation :<\/strong><\/p>\n<p>Vous avez le droit de vous retirer du pr\u00e9sent contrat sans donner de raison dans un d\u00e9lai de 14 jours. Le d\u00e9lai de r\u00e9tractation expire 14 jours apr\u00e8s le jour o\u00f9 vous ou un tiers autre que le transporteur et indiqu\u00e9 par vous entre en possession physique du dernier de ces produits.<\/p>\n<p>Pour exercer votre droit de r\u00e9tractation, vous devez nous le notifier (\u00e0 MAMEKO, avec adresse postale \u00e0 Calle Moragas, 9 &#8211; 08370 Calella &#8211; Espagne ou par e-mail : <a href=\"mailto:revocacion@MAMEKO.es\">revocacion@MAMEKO.es<\/a>) la d\u00e9cision de r\u00e9silier le contrat par une d\u00e9claration non \u00e9quivoque (par exemple, une lettre envoy\u00e9e par la poste, un fax ou un e-mail). Vous pouvez utiliser le mod\u00e8le de formulaire de retrait ci-dessous, mais son utilisation n&#8217;est pas obligatoire. Pour respecter le d\u00e9lai de r\u00e9tractation, il suffit que la communication concernant votre exercice du droit de r\u00e9tractation soit envoy\u00e9e avant l&#8217;expiration du d\u00e9lai de r\u00e9tractation.<\/p>\n<ol start=\"8\">\n<li><strong> Remboursements<\/strong><\/li>\n<\/ol>\n<p>Le remboursement sera effectu\u00e9 sur le compte utilis\u00e9 pour le paiement. Pour les paiements sur compte ou les paiements anticip\u00e9s par virement bancaire, le remboursement sera envoy\u00e9 sur le compte \u00e0 partir duquel le paiement a \u00e9t\u00e9 effectu\u00e9. Si vous payez par PayPal\/carte de cr\u00e9dit, le remboursement sera envoy\u00e9 sur le compte associ\u00e9 \u00e0 votre compte PayPal\/carte de cr\u00e9dit. Si vous avez utilis\u00e9 un ch\u00e8que-cadeau pour l&#8217;achat, nous cr\u00e9diterons le montant correspondant sur votre compte de ch\u00e8que-cadeau.<\/p>\n<ol start=\"9\">\n<li><strong> Service Clients<\/strong><\/li>\n<\/ol>\n<p>Si vous avez des questions, veuillez consulter notre <a href=\"https:\/\/mameko.es\/fr\/contact\">section Contact<\/a>.<\/p>\n<p>Nous tenons \u00e9galement \u00e0 vous informer que la Commission europ\u00e9enne dispose d&#8217;une plateforme en ligne pour r\u00e9soudre les litiges juridiques, qui est disponible au lien suivant : <a href=\"http:\/\/ec.europa.eu\/consumers\/odr\/\">https:\/\/ec.europa.eu\/consumers\/odr\/.<\/a> Vous pourrez d\u00e9poser des plaintes via la plateforme en ligne mentionn\u00e9e ci-dessus pour r\u00e9soudre les litiges juridiques.<\/p>\n<ol start=\"10\">\n<li><strong> Responsabilit\u00e9 l\u00e9gale pour les d\u00e9fauts et informations compl\u00e9mentaires<\/strong><\/li>\n<\/ol>\n<p><strong>11.1<\/strong> Seules les personnes \u00e2g\u00e9es de plus de 18 ans peuvent utiliser les offres disponibles sur www.MAMEKO.es.<\/p>\n<p><strong>11.2<\/strong>Chaque client n&#8217;a le droit de maintenir qu&#8217;un seul compte client chez MAMEKO \u00e0 la fois. Nous nous r\u00e9servons le droit de supprimer les inscriptions multiples.<\/p>\n<p><strong>11.3<\/strong> Vous pouvez \u00e9galement consulter facilement les informations relatives \u00e0 votre commande dans les <a href=\"https:\/\/mameko.es\/fr\/t-c\">CGU<\/a>. et en utilisant les commandes appropri\u00e9es dans votre navigateur pour enregistrer le r\u00e9capitulatif de la commande qui appara\u00eet sur la derni\u00e8re page du processus de commande de la boutique en ligne, ou en attendant de recevoir la confirmation automatique de la commande que nous envoyons \u00e9galement \u00e0 votre adresse \u00e9lectronique une fois votre commande termin\u00e9e. L&#8217;e-mail de confirmation de la commande comprend les informations relatives \u00e0 votre commande et nos CGV. Il peut \u00eatre facilement imprim\u00e9 ou sauvegard\u00e9 avec votre e-mail.<\/p>\n<p><strong>Cordialement,<\/strong> <strong>MAMEKO<\/strong> Calle Moragas, 9 &#8211; 08370 Calella &#8211; Espagne<\/p>\n<p>Fondatrice : Estrella RAMIREZ &#8211; CIF : Y2759513X<\/p>\n<p>Derni\u00e8re mise \u00e0 jour : 15.12.2021<strong><\/strong><\/p>\n<p>Re\u00e7ois des mises \u00e0 jour par email de MAMEKO.es<\/p>\n<p>&nbsp;<\/p>\n<p>[\/et_pb_text][\/et_pb_column][\/et_pb_row][\/et_pb_section]<\/p>\n","protected":false},"excerpt":{"rendered":"<p>\u00a0\u00a0 \u00a0\u00a0 Conditions g\u00e9n\u00e9rales pour les commandes en ligne sur www.MAMEKO.es Nos conditions g\u00e9n\u00e9rales s&#8217;appliquent \u00e0 la fourniture de tous les services sur MAMEKO.com. Les offres propos\u00e9es sur nos sites www.mameko.es sont destin\u00e9es exclusivement aux consommateurs dont les achats ne sont pas destin\u00e9s \u00e0 des fins commerciales ou professionnelles. Sur www.mameko.es, nous vous offrons une [&hellip;]<\/p>\n","protected":false},"author":1,"featured_media":0,"parent":0,"menu_order":0,"comment_status":"closed","ping_status":"closed","template":"","meta":{"_et_pb_use_builder":"on","_et_pb_old_content":"","_et_gb_content_width":"","inline_featured_image":false,"footnotes":""},"class_list":["post-1881","page","type-page","status-publish","hentry"],"yoast_head":"<!-- This site is optimized with the Yoast SEO plugin v26.3 - https:\/\/yoast.com\/wordpress\/plugins\/seo\/ -->\n<title>T-C | Mameko<\/title>\n<meta name=\"robots\" content=\"index, follow, max-snippet:-1, max-image-preview:large, max-video-preview:-1\" \/>\n<link rel=\"canonical\" href=\"https:\/\/mameko.es\/fr\/t-c\" \/>\n<meta property=\"og:locale\" content=\"fr_FR\" \/>\n<meta property=\"og:type\" content=\"article\" \/>\n<meta property=\"og:title\" content=\"T-C | Mameko\" \/>\n<meta property=\"og:description\" content=\"\u00a0\u00a0 \u00a0\u00a0 Conditions g\u00e9n\u00e9rales pour les commandes en ligne sur www.MAMEKO.es Nos conditions g\u00e9n\u00e9rales s&#039;appliquent \u00e0 la fourniture de tous les services sur MAMEKO.com. Les offres propos\u00e9es sur nos sites www.mameko.es sont destin\u00e9es exclusivement aux consommateurs dont les achats ne sont pas destin\u00e9s \u00e0 des fins commerciales ou professionnelles. Sur www.mameko.es, nous vous offrons une [&hellip;]\" \/>\n<meta property=\"og:url\" content=\"https:\/\/mameko.es\/fr\/t-c\" \/>\n<meta property=\"og:site_name\" content=\"Mameko\" \/>\n<meta property=\"article:modified_time\" content=\"2022-05-12T20:25:25+00:00\" \/>\n<meta name=\"twitter:card\" content=\"summary_large_image\" \/>\n<meta name=\"twitter:label1\" content=\"Dur\u00e9e de lecture estim\u00e9e\" \/>\n\t<meta name=\"twitter:data1\" content=\"12 minutes\" \/>\n<script type=\"application\/ld+json\" class=\"yoast-schema-graph\">{\"@context\":\"https:\/\/schema.org\",\"@graph\":[{\"@type\":\"WebPage\",\"@id\":\"https:\/\/mameko.es\/fr\/t-c\",\"url\":\"https:\/\/mameko.es\/fr\/t-c\",\"name\":\"T-C | Mameko\",\"isPartOf\":{\"@id\":\"https:\/\/mameko.es\/fr#website\"},\"datePublished\":\"2020-11-05T16:53:30+00:00\",\"dateModified\":\"2022-05-12T20:25:25+00:00\",\"breadcrumb\":{\"@id\":\"https:\/\/mameko.es\/fr\/t-c#breadcrumb\"},\"inLanguage\":\"fr-FR\",\"potentialAction\":[{\"@type\":\"ReadAction\",\"target\":[\"https:\/\/mameko.es\/fr\/t-c\"]}]},{\"@type\":\"BreadcrumbList\",\"@id\":\"https:\/\/mameko.es\/fr\/t-c#breadcrumb\",\"itemListElement\":[{\"@type\":\"ListItem\",\"position\":1,\"name\":\"Portada\",\"item\":\"https:\/\/mameko.es\/fr\"},{\"@type\":\"ListItem\",\"position\":2,\"name\":\"T-C\"}]},{\"@type\":\"WebSite\",\"@id\":\"https:\/\/mameko.es\/fr#website\",\"url\":\"https:\/\/mameko.es\/fr\",\"name\":\"Mameko\",\"description\":\"S\u00e9lection \u00e9coresponsable de produits et de services pour les femmes enceintes\",\"publisher\":{\"@id\":\"https:\/\/mameko.es\/fr#organization\"},\"potentialAction\":[{\"@type\":\"SearchAction\",\"target\":{\"@type\":\"EntryPoint\",\"urlTemplate\":\"https:\/\/mameko.es\/fr?s={search_term_string}\"},\"query-input\":{\"@type\":\"PropertyValueSpecification\",\"valueRequired\":true,\"valueName\":\"search_term_string\"}}],\"inLanguage\":\"fr-FR\"},{\"@type\":\"Organization\",\"@id\":\"https:\/\/mameko.es\/fr#organization\",\"name\":\"MAMEKO\",\"url\":\"https:\/\/mameko.es\/fr\",\"logo\":{\"@type\":\"ImageObject\",\"inLanguage\":\"fr-FR\",\"@id\":\"https:\/\/mameko.es\/fr#\/schema\/logo\/image\/\",\"url\":\"https:\/\/mameko.es\/wp-content\/uploads\/2020\/12\/D-Mameko-Logo512.png\",\"contentUrl\":\"https:\/\/mameko.es\/wp-content\/uploads\/2020\/12\/D-Mameko-Logo512.png\",\"width\":497,\"height\":512,\"caption\":\"MAMEKO\"},\"image\":{\"@id\":\"https:\/\/mameko.es\/fr#\/schema\/logo\/image\/\"}}]}<\/script>\n<!-- \/ Yoast SEO plugin. -->","yoast_head_json":{"title":"T-C | Mameko","robots":{"index":"index","follow":"follow","max-snippet":"max-snippet:-1","max-image-preview":"max-image-preview:large","max-video-preview":"max-video-preview:-1"},"canonical":"https:\/\/mameko.es\/fr\/t-c","og_locale":"fr_FR","og_type":"article","og_title":"T-C | Mameko","og_description":"\u00a0\u00a0 \u00a0\u00a0 Conditions g\u00e9n\u00e9rales pour les commandes en ligne sur www.MAMEKO.es Nos conditions g\u00e9n\u00e9rales s'appliquent \u00e0 la fourniture de tous les services sur MAMEKO.com. Les offres propos\u00e9es sur nos sites www.mameko.es sont destin\u00e9es exclusivement aux consommateurs dont les achats ne sont pas destin\u00e9s \u00e0 des fins commerciales ou professionnelles. Sur www.mameko.es, nous vous offrons une [&hellip;]","og_url":"https:\/\/mameko.es\/fr\/t-c","og_site_name":"Mameko","article_modified_time":"2022-05-12T20:25:25+00:00","twitter_card":"summary_large_image","twitter_misc":{"Dur\u00e9e de lecture estim\u00e9e":"12 minutes"},"schema":{"@context":"https:\/\/schema.org","@graph":[{"@type":"WebPage","@id":"https:\/\/mameko.es\/fr\/t-c","url":"https:\/\/mameko.es\/fr\/t-c","name":"T-C | Mameko","isPartOf":{"@id":"https:\/\/mameko.es\/fr#website"},"datePublished":"2020-11-05T16:53:30+00:00","dateModified":"2022-05-12T20:25:25+00:00","breadcrumb":{"@id":"https:\/\/mameko.es\/fr\/t-c#breadcrumb"},"inLanguage":"fr-FR","potentialAction":[{"@type":"ReadAction","target":["https:\/\/mameko.es\/fr\/t-c"]}]},{"@type":"BreadcrumbList","@id":"https:\/\/mameko.es\/fr\/t-c#breadcrumb","itemListElement":[{"@type":"ListItem","position":1,"name":"Portada","item":"https:\/\/mameko.es\/fr"},{"@type":"ListItem","position":2,"name":"T-C"}]},{"@type":"WebSite","@id":"https:\/\/mameko.es\/fr#website","url":"https:\/\/mameko.es\/fr","name":"Mameko","description":"S\u00e9lection \u00e9coresponsable de produits et de services pour les femmes enceintes","publisher":{"@id":"https:\/\/mameko.es\/fr#organization"},"potentialAction":[{"@type":"SearchAction","target":{"@type":"EntryPoint","urlTemplate":"https:\/\/mameko.es\/fr?s={search_term_string}"},"query-input":{"@type":"PropertyValueSpecification","valueRequired":true,"valueName":"search_term_string"}}],"inLanguage":"fr-FR"},{"@type":"Organization","@id":"https:\/\/mameko.es\/fr#organization","name":"MAMEKO","url":"https:\/\/mameko.es\/fr","logo":{"@type":"ImageObject","inLanguage":"fr-FR","@id":"https:\/\/mameko.es\/fr#\/schema\/logo\/image\/","url":"https:\/\/mameko.es\/wp-content\/uploads\/2020\/12\/D-Mameko-Logo512.png","contentUrl":"https:\/\/mameko.es\/wp-content\/uploads\/2020\/12\/D-Mameko-Logo512.png","width":497,"height":512,"caption":"MAMEKO"},"image":{"@id":"https:\/\/mameko.es\/fr#\/schema\/logo\/image\/"}}]}},"_links":{"self":[{"href":"https:\/\/mameko.es\/fr\/wp-json\/wp\/v2\/pages\/1881","targetHints":{"allow":["GET"]}}],"collection":[{"href":"https:\/\/mameko.es\/fr\/wp-json\/wp\/v2\/pages"}],"about":[{"href":"https:\/\/mameko.es\/fr\/wp-json\/wp\/v2\/types\/page"}],"author":[{"embeddable":true,"href":"https:\/\/mameko.es\/fr\/wp-json\/wp\/v2\/users\/1"}],"replies":[{"embeddable":true,"href":"https:\/\/mameko.es\/fr\/wp-json\/wp\/v2\/comments?post=1881"}],"version-history":[{"count":5,"href":"https:\/\/mameko.es\/fr\/wp-json\/wp\/v2\/pages\/1881\/revisions"}],"predecessor-version":[{"id":2096,"href":"https:\/\/mameko.es\/fr\/wp-json\/wp\/v2\/pages\/1881\/revisions\/2096"}],"wp:attachment":[{"href":"https:\/\/mameko.es\/fr\/wp-json\/wp\/v2\/media?parent=1881"}],"curies":[{"name":"wp","href":"https:\/\/api.w.org\/{rel}","templated":true}]}}