{"id":1865,"date":"2020-12-03T23:33:57","date_gmt":"2020-12-03T23:33:57","guid":{"rendered":"https:\/\/mameko.es\/concept-mameko"},"modified":"2022-06-27T14:06:10","modified_gmt":"2022-06-27T14:06:10","slug":"concept-mameko","status":"publish","type":"page","link":"https:\/\/mameko.es\/fr\/concept-mameko","title":{"rendered":"Concept Mameko"},"content":{"rendered":"<p>[et_pb_section fb_built=&#8221;1&#8243; _builder_version=&#8221;4.16&#8243; _module_preset=&#8221;default&#8221; custom_padding=&#8221;21px||0px|||&#8221; global_colors_info=&#8221;{}&#8221;][et_pb_row _builder_version=&#8221;4.16&#8243; _module_preset=&#8221;default&#8221; background_color=&#8221;#eae0e4&#8243; background_enable_image=&#8221;off&#8221; width=&#8221;100%&#8221; max_width_tablet=&#8221;&#8221; max_width_phone=&#8221;&#8221; max_width_last_edited=&#8221;on|desktop&#8221; custom_margin=&#8221;-22px||||false|false&#8221; custom_padding=&#8221;44px||44px||true|false&#8221; global_colors_info=&#8221;{}&#8221;][et_pb_column type=&#8221;4_4&#8243; _builder_version=&#8221;4.16&#8243; _module_preset=&#8221;default&#8221; global_colors_info=&#8221;{}&#8221;][et_pb_image src=&#8221;https:\/\/mameko.es\/wp-content\/uploads\/2020\/12\/D-Mameko-Logo512.png&#8221; title_text=&#8221;D-Mameko-Logo512&#8243; align=&#8221;center&#8221; _builder_version=&#8221;4.16&#8243; _module_preset=&#8221;default&#8221; background_color=&#8221;#fafaef&#8221; width=&#8221;19%&#8221; width_tablet=&#8221;30%&#8221; width_phone=&#8221;46%&#8221; width_last_edited=&#8221;on|desktop&#8221; custom_margin=&#8221;27px||27px||true|true&#8221; custom_padding=&#8221;20px|25px|20px|25px|true|true&#8221; mix_blend_mode=&#8221;multiply&#8221; global_colors_info=&#8221;{}&#8221;][\/et_pb_image][et_pb_cta title=&#8221;Le Concept Mameko&#8221; button_url=&#8221;https:\/\/mameko.es\/fr\/boutique&#8221; button_text=&#8221;Aller \u00e0 la boutique&#8221; content_tablet=&#8221;<\/p>\n<p>produits \u00e9coresponsables<br \/>services naturels de bien-\u00eatre<br \/>pour les femmes enceintes et les mamans<\/p>\n<p>&#8221; content_phone=&#8221;<\/p>\n<p>produits \u00e9coresponsables<br \/>services naturels de bien-\u00eatre<br \/>pour les femmes enceintes et les mamans<\/p>\n<p>&#8221; content_last_edited=&#8221;on|desktop&#8221; _builder_version=&#8221;4.17.3&#8243; _module_preset=&#8221;default&#8221; header_font=&#8221;PT Sans|||on|||||&#8221; header_text_color=&#8221;#807182&#8243; body_font=&#8221;Comfortaa||||||||&#8221; body_text_color=&#8221;#807182&#8243; use_background_color=&#8221;off&#8221; background_enable_image=&#8221;off&#8221; custom_button=&#8221;on&#8221; button_text_size=&#8221;18px&#8221; button_text_color=&#8221;#807182&#8243; button_bg_color=&#8221;#fafaef&#8221; button_border_color=&#8221;#807182&#8243; button_font=&#8221;PT Sans|||on|||||&#8221; button_icon_color=&#8221;#807182&#8243; custom_padding=&#8221;|25px||25px|false|true&#8221; body_font_size_tablet=&#8221;&#8221; body_font_size_phone=&#8221;&#8221; body_font_size_last_edited=&#8221;on|phone&#8221; box_shadow_style_button=&#8221;preset3&#8243; global_colors_info=&#8221;{}&#8221;]<\/p>\n<p>produits \u00e9coresponsables<br \/>services naturels de bien-\u00eatre<br \/>pour les femmes enceintes &amp; mamans<\/p>\n<p>[\/et_pb_cta][et_pb_image src=&#8221;https:\/\/mameko.es\/wp-content\/uploads\/2021\/11\/Estrella-Forrest.jpg&#8221; title_text=&#8221;Estrella-Forrest&#8221; align=&#8221;center&#8221; _builder_version=&#8221;4.16&#8243; _module_preset=&#8221;default&#8221; max_height=&#8221;387px&#8221; global_colors_info=&#8221;{}&#8221;][\/et_pb_image][et_pb_text content_tablet=&#8221;<\/p>\n<p style=%22text-align: center;%22><strong>MAMEKO propose \u00e9galement des services : l&#8217;\u00e9quipe d&#8217;experts MAMEKO. Bienvenue \u00e0 Toutes et \u00e0 Tous ! <br \/><\/strong><em>Temps de lecture : 1 minute<\/em><strong><br \/><\/strong><\/p>\n<p style=%22text-align: left;%22>Je suis Estrella, heureuse maman de L\u00e9o depuis 2021 !<\/p>\n<p style=%22text-align: left;%22>J&#8217;ai toujours \u00e9t\u00e9 surprise, lorsque je me rendais \u00e0 une baby shower ou que je rendais visite \u00e0 mes amies enceintesou qui venaient de devenir mamans, de constater que les gens offraient souvent des produits d\u00e9di\u00e9s au futur b\u00e9b\u00e9 mais tr\u00e8s rarement \u00e0 la maman. De plus, j&#8217;ai vu que, ne connaissant pas les besoins de la maman, les %22cadeaux surprises%22 \u00e9taient parfois inutiles, dupliqu\u00e9s, de faible dur\u00e9e ou inappropri\u00e9s.<\/p>\n<p style=%22text-align: center;%22>De cette exp\u00e9rience est n\u00e9 <strong>MAMEKO<br \/><\/strong><\/p>\n<p style=%22text-align: center;%22><strong>MAM pour Mamans<br \/>EKO pour \u00c9coresponsable<\/strong><\/p>\n<p style=%22text-align: center;%22>Imaginer, cr\u00e9er ou s\u00e9lectionner des produits et services r\u00e9ellement indispensables, utiles pendant et apr\u00e8s la grossesse. Utiles pour la m\u00e8re mais aussi pour les papas et les b\u00e9b\u00e9s.<\/p>\n<p style=%22text-align: left;%22><strong>Tu pourras t&#8217;offrir ou offrir des cr\u00e9ations :<\/strong><\/p>\n<p style=%22text-align: left;%22><strong>&#8211; utiles, saines et durables<br \/><\/strong><\/p>\n<p style=%22text-align: left;%22><strong>&#8211; 100% organique GOTS et\/ou recycl\u00e9es<br \/><\/strong><\/p>\n<p style=%22text-align: left;%22><strong>&#8211; de confection artisanale \u00e0 Barcelone<br \/><\/strong><\/p>\n<p style=%22text-align: left;%22><strong>&#8211; con\u00e7ues pour satisfaire tous les membres de la nouvelle famille<\/strong><\/p>\n<\/p>\n<p style=%22text-align: left;%22>Je suis la premi\u00e8re \u00e0 tester tous mes produits, car mon projet s&#8217;est construit pendant que j&#8217;attendais mon fils. L\u00e9o est n\u00e9 et nous les utilisons encore quotidiennement.<\/p>\n<p style=%22text-align: left;%22><strong><\/strong><strong>MAMEKO propose \u00e9galement des services : l&#8217;\u00e9quipe d&#8217;Experts MAMEKO.<\/strong><\/p>\n<p>Les familles qui attendent un b\u00e9b\u00e9 ou celles qui viennent d&#8217;accoucher sont plong\u00e9es dans les doutes, les inqui\u00e9tudes, les peurs et les questions.<br \/>Chez MAMEKO, nous avons trouv\u00e9, interview\u00e9 et s\u00e9lectionn\u00e9 des personnes incroyables, mais surtout des professionnels reconnus qui savent r\u00e9pondre ou aider les actuelles et futures mamans.<\/p>\n<p style=%22text-align: left;%22><strong>Nos objectifs :<\/strong><\/p>\n<p style=%22text-align: left;%22>&#8211; <strong>cr\u00e9er une plateforme consciente <\/strong>o\u00f9 les familles se sentent soutenues et conseill\u00e9es<\/p>\n<p style=%22text-align: left;%22>&#8211; <strong>d\u00e9velopper une marque<\/strong> avec <strong>des valeurs<br \/><\/strong> auxquelles les gens peuvent s&#8217;identifier<\/p>\n<p style=%22text-align: left;%22>Que tu sois une future maman, une maman, un(e) conjoint(e), un beau-parent, un fr\u00e8re ou une s\u0153ur, un(e) ami(e), un(e) coll\u00e8gue&#8230; MAMEKO est l&#8217;endroit id\u00e9al pour prendre soin des femmes enceintes ou des mamans, offrant simplicit\u00e9, utilit\u00e9 et qualit\u00e9.<\/p>\n<p style=%22text-align: center;%22><strong><br \/>NOTRE ENGAGEMENT<br \/><\/strong><br \/><strong>Produits 100% organiques certifi\u00e9s GOTS* et recycl\u00e9s<\/strong><br \/>de <strong>confection artisanale<\/strong> <strong>\u00e0 Barcelone<\/strong><br \/><strong>Respectueux de l&#8217;environnement<br \/><\/strong><\/p>\n<p style=%22text-align: center;%22><strong><em><br \/><\/em><\/strong><em>*Global Organic Textile Standard<br \/><\/em><strong> <a href=%22https:\/\/mameko.es\/wp-content\/uploads\/2021\/11\/logo-4f35a520-GOTS.webp%22><img class=%22wp-image-1183 alignnone size-full%22 src=%22https:\/\/mameko.es\/wp-content\/uploads\/2021\/11\/logo-4f35a520-GOTS.webp%22 alt=%22%22 width=%2266%22 height=%2266%22><\/a><\/strong><\/p>\n<p>&#8221; content_phone=&#8221;<\/p>\n<p style=%22text-align: center;%22><strong>Bienvenue \u00e0 Toutes et \u00e0 Tous !<br \/><\/strong><em>Temps de lecture 1 minute<\/em><strong><br \/><\/strong><\/p>\n<p style=%22text-align: left;%22>Je suis Estrella, heureuse maman de L\u00e9o depuis 2021 !<\/p>\n<p style=%22text-align: left;%22>J&#8217;ai toujours \u00e9t\u00e9 surprise, lorsque je me rendais \u00e0 une baby shower ou que je rendais visite \u00e0 mes amies enceintes ou qui venaient de devenir mamans, de constater que les gens offraient souvent des produits d\u00e9di\u00e9s au futur b\u00e9b\u00e9 mais tr\u00e8s rarement \u00e0 la maman. De plus, j&#8217;ai vu que, ne connaissant pas les besoins de la maman, les %22cadeaux surprises%22 \u00e9taient parfois inutiles, dupliqu\u00e9s, de faible dur\u00e9e ou inappropri\u00e9s.<\/p>\n<p style=%22text-align: center;%22>De cette exp\u00e9rience est n\u00e9 <strong>MAMEKO<br \/><\/strong><\/p>\n<p style=%22text-align: center;%22><strong>MAM pour Mamans<br \/>EKO pour Ecoresponsable<\/strong><\/p>\n<p style=%22text-align: center;%22>Imaginer, cr\u00e9er ou s\u00e9lectionner des produits et services r\u00e9ellement indispensables, utiles pendant et apr\u00e8s la grossesse. Utiles pour la m\u00e8re mais aussi pour les papas et les b\u00e9b\u00e9s.<\/p>\n<p style=%22text-align: left;%22><strong>Tu pourras t&#8217;offrir ou offrir des cr\u00e9ations :<\/strong><\/p>\n<p style=%22text-align: left;%22><strong>&#8211; utiles, saines et durables<br \/><\/strong><\/p>\n<p style=%22text-align: left;%22><strong>&#8211; 100% organique GOTS et\/ou recycl\u00e9es<br \/><\/strong><\/p>\n<p style=%22text-align: left;%22><strong>&#8211; de confection artisanale \u00e0 Barcelone<br \/><\/strong><\/p>\n<p style=%22text-align: left;%22><strong>&#8211; con\u00e7ues pour satisfaire tous les membres de la nouvelle famille<\/strong><\/p>\n<p>&nbsp;<\/p>\n<p style=%22text-align: left;%22>Je suis la premi\u00e8re \u00e0 tester tous mes produits, car mon projet s&#8217;est construit pendant que j&#8217;attendais mon fils. L\u00e9o est n\u00e9 et nous les utilisons encore quotidiennement.<\/p>\n<p style=%22text-align: left;%22><strong><\/strong><strong>MAMEKO propose \u00e9galement des services : l&#8217;\u00e9quipe d&#8217;Experts MAMEKO.<\/strong><\/p>\n<p>Les familles qui attendent un b\u00e9b\u00e9 ou celles qui viennent d&#8217;accoucher sont plong\u00e9es dans les doutes, les inqui\u00e9tudes, les peurs et les questions.<br \/>Chez MAMEKO, nous avons trouv\u00e9, interview\u00e9 et s\u00e9lectionn\u00e9 des personnes incroyables, mais surtout des professionnels reconnus qui savent r\u00e9pondre ou aider les actuelles et futures mamans.<\/p>\n<p style=%22text-align: left;%22><strong>Nos objectifs :<\/strong><\/p>\n<p style=%22text-align: left;%22><strong>&#8211; cr\u00e9er une plateforme consciente<\/strong> o\u00f9 les familles se sentent soutenues et conseill\u00e9es<\/p>\n<p style=%22text-align: left;%22>&#8211; <strong>d\u00e9velopper une marque<\/strong> avec des <strong>valeurs<br \/><\/strong> auxquelles les gens peuvent s&#8217;identifier<\/p>\n<p style=%22text-align: left;%22>Que tu sois une future maman, une maman, un(e) conjoint(e), un beau-parent, un fr\u00e8re ou une s\u0153ur, un(e) ami(e), un(e) coll\u00e8gue&#8230; MAMEKO est l&#8217;endroit id\u00e9al pour prendre soin des femmes enceintes ou des mamans, offrant simplicit\u00e9, utilit\u00e9 et qualit\u00e9.<\/p>\n<p style=%22text-align: center;%22><strong><br \/>NOTRE ENGAGEMENT<br \/><\/strong><br \/><strong>Produits certifi\u00e9s GOTS* \u00e0 100% organiques et recycl\u00e9s<\/strong><br \/><strong>Confection artisanale<\/strong> <strong>\u00e0 Barcelone<\/strong><br \/><strong>Respectueux de l&#8217;environnement<br \/><\/strong><\/p>\n<p style=%22text-align: center;%22><strong><em><br \/><\/em><\/strong><em>*Global Organic Textile Standard<br \/><\/em><strong> <a href=%22https:\/\/mameko.es\/wp-content\/uploads\/2021\/11\/logo-4f35a520-GOTS.webp%22><img class=%22wp-image-1183 alignnone size-full%22 src=%22https:\/\/mameko.es\/wp-content\/uploads\/2021\/11\/logo-4f35a520-GOTS.webp%22 alt=%22%22 width=%2266%22 height=%2266%22><\/a><\/strong><\/p>\n<p>&#8221; content_last_edited=&#8221;on|phone&#8221; _builder_version=&#8221;4.17.4&#8243; _module_preset=&#8221;default&#8221; text_text_color=&#8221;#807182&#8243; text_font_size=&#8221;18px&#8221; custom_padding=&#8221;|71px||71px|false|true&#8221; custom_padding_tablet=&#8221;|71px||71px|false|true&#8221; custom_padding_phone=&#8221;|30px||30px|false|true&#8221; custom_padding_last_edited=&#8221;on|phone&#8221; hover_enabled=&#8221;0&#8243; text_font_size_tablet=&#8221;18px&#8221; text_font_size_phone=&#8221;15px&#8221; text_font_size_last_edited=&#8221;on|desktop&#8221; global_colors_info=&#8221;{}&#8221; sticky_enabled=&#8221;0&#8243;]<\/p>\n<p style=\"text-align: center;\"><strong>Bienvenue \u00e0 Toutes et \u00e0 Tous<br \/><\/strong><em>Temps de lecture : 1 minute<\/em><strong><br \/><\/strong><\/p>\n<p style=\"text-align: left;\">Je suis Estrella, heureuse maman de L\u00e9o depuis 2021 !<\/p>\n<p style=\"text-align: left;\">J&#8217;ai toujours \u00e9t\u00e9 surprise, lorsque je me rendais \u00e0 une baby shower ou que je rendais visite \u00e0 mes <strong>amies<\/strong> <strong>enceintes<\/strong> ou qui <strong>venaient de devenir mamans<\/strong>, de constater que les gens <strong>offraient souvent des produits d\u00e9di\u00e9s au futur b\u00e9b\u00e9 mais tr\u00e8s rarement \u00e0 la maman<\/strong>. De plus, j&#8217;ai vu que, ne connaissant pas les besoins de la maman, les &#8220;cadeaux surprises&#8221; \u00e9taient parfois inutiles, dupliqu\u00e9s, de faible dur\u00e9e ou inappropri\u00e9s.<\/p>\n<p style=\"text-align: center;\">De cette exp\u00e9rience est n\u00e9 <strong>MAMEKO<br \/><\/strong><\/p>\n<p style=\"text-align: center;\"><strong>MAM pour Mamans<br \/>EKO pour \u00c9coresponsable<\/strong><\/p>\n<p style=\"text-align: center;\">Imaginer, cr\u00e9er ou s\u00e9lectionner des produits et services r\u00e9ellement indispensables, utiles pendant et apr\u00e8s la grossesse. Utiles pour la m\u00e8re mais aussi pour les papas et les b\u00e9b\u00e9s.<\/p>\n<p style=\"text-align: left;\"><strong>Tu pourras t&#8217;offrir ou offrir des cr\u00e9ations :<\/strong><\/p>\n<p style=\"text-align: left;\"><strong>&#8211; utiles, saines et durables<br \/><\/strong><\/p>\n<p style=\"text-align: left;\"><strong>&#8211; 100% organique GOTS et\/ou recycl\u00e9es<br \/><\/strong><\/p>\n<p style=\"text-align: left;\"><strong>&#8211; de confection artisanale \u00e0 Barcelone<br \/><\/strong><\/p>\n<p style=\"text-align: left;\"><strong>&#8211; con\u00e7ues pour satisfaire tous les membres de la nouvelle famille<\/strong><\/p>\n<p style=\"text-align: left;\"><strong><\/strong><\/p>\n<p style=\"text-align: left;\">Je suis la premi\u00e8re \u00e0 tester tous mes produits, car mon projet s&#8217;est construit pendant que j&#8217;attendais mon fils. L\u00e9o est n\u00e9 et nous les utilisons encore quotidiennement.<\/p>\n<p style=\"text-align: left;\"><strong>MAMEKO propose \u00e9galement des services : l&#8217;\u00e9quipe d&#8217;<\/strong><strong>Experts MAMEKO<\/strong>.<\/p>\n<p>Les familles qui attendent un b\u00e9b\u00e9 ou celles qui viennent d&#8217;accoucher <strong>sont plong\u00e9es dans les doutes<\/strong>, <strong>les inqui\u00e9tudes, les peurs et les questions<\/strong>.<br \/><strong>Chez MAMEKO,<\/strong> nous avons trouv\u00e9, interview\u00e9 et s\u00e9lectionn\u00e9 <strong>des personnes incroyables<\/strong>, mais <strong>surtout des professionnels reconnus<\/strong> qui savent <strong>r\u00e9pondre ou aider<\/strong> les actuelles et futures mamans.<\/p>\n<p style=\"text-align: left;\"><strong>Nos Objectifs :<\/strong><\/p>\n<p style=\"text-align: left;\">&#8211; <strong>cr\u00e9er une plateforme consciente<\/strong> o\u00f9 les familles se sentent soutenues et conseill\u00e9es<\/p>\n<p style=\"text-align: left;\">&#8211; <strong>d\u00e9velopper une marque<\/strong> avec <strong>des valeurs<br \/><\/strong> auxquelles les gens peuvent s&#8217;identifier<\/p>\n<p style=\"text-align: left;\">Que tu sois une future maman, une maman, un(e) conjoint(e), un beau-parent, un fr\u00e8re ou une s\u0153ur, un(e) ami(e), un(e) coll\u00e8gue&#8230; MAMEKO est l&#8217;endroit id\u00e9al pour prendre soin des femmes enceintes ou des mamans, offrant simplicit\u00e9, utilit\u00e9 et qualit\u00e9.<\/p>\n<p style=\"text-align: center;\"><strong><br \/>NOTRE ENGAGEMENT<br \/><\/strong><br \/><strong>Produits 100% organiques certifi\u00e9s GOTS* et recycl\u00e9s<\/strong><br \/><strong>Fabrication artisanale<\/strong> <strong>\u00e0 Barcelone<\/strong><br \/><strong>Respectueux de l&#8217;environnement<br \/><\/strong><\/p>\n<p style=\"text-align: center;\"><strong><em><br \/><\/em><\/strong><em>*Global Organic Textile Standard<br \/><\/em><strong> <a href=\"https:\/\/mameko.es\/wp-content\/uploads\/2021\/11\/logo-4f35a520-GOTS.webp\"><img loading=\"lazy\" decoding=\"async\" class=\"wp-image-1183 alignnone size-full\" src=\"https:\/\/mameko.es\/wp-content\/uploads\/2021\/11\/logo-4f35a520-GOTS.webp\" alt=\"\" width=\"66\" height=\"66\" srcset=\"https:\/\/mameko.es\/wp-content\/uploads\/2021\/11\/logo-4f35a520-GOTS.webp 150w, https:\/\/mameko.es\/wp-content\/uploads\/2021\/11\/logo-4f35a520-GOTS-100x100.webp 100w\" sizes=\"(max-width: 66px) 100vw, 66px\" \/><\/a><\/strong><\/p>\n<p>[\/et_pb_text][et_pb_cta button_url=&#8221;https:\/\/mameko.es\/fr\/boutique&#8221; button_text=&#8221;Aller \u00e0 la boutique&#8221; _builder_version=&#8221;4.17.1&#8243; _module_preset=&#8221;default&#8221; header_font=&#8221;PT Sans|||on|||||&#8221; header_text_color=&#8221;#807182&#8243; body_text_color=&#8221;#807182&#8243; use_background_color=&#8221;off&#8221; background_enable_image=&#8221;off&#8221; custom_button=&#8221;on&#8221; button_text_size=&#8221;18px&#8221; button_text_color=&#8221;#807182&#8243; button_bg_color=&#8221;#fafaef&#8221; button_border_color=&#8221;#807182&#8243; button_font=&#8221;PT Sans|||on|||||&#8221; button_icon_color=&#8221;#807182&#8243; custom_padding=&#8221;|25px||25px|false|true&#8221; box_shadow_style_button=&#8221;preset3&#8243; global_colors_info=&#8221;{}&#8221;][\/et_pb_cta][\/et_pb_column][\/et_pb_row][\/et_pb_section]<\/p>\n","protected":false},"excerpt":{"rendered":"<p>produits \u00e9coresponsablesservices naturels de bien-\u00eatrepour les femmes enceintes &amp; mamansBienvenue \u00e0 Toutes et \u00e0 TousTemps de lecture : 1 minute Je suis Estrella, heureuse maman de L\u00e9o depuis 2021 ! J&#8217;ai toujours \u00e9t\u00e9 surprise, lorsque je me rendais \u00e0 une baby shower ou que je rendais visite \u00e0 mes amies enceintes ou qui venaient de [&hellip;]<\/p>\n","protected":false},"author":1,"featured_media":0,"parent":0,"menu_order":0,"comment_status":"closed","ping_status":"closed","template":"","meta":{"_et_pb_use_builder":"on","_et_pb_old_content":"","_et_gb_content_width":"","inline_featured_image":false,"footnotes":""},"class_list":["post-1865","page","type-page","status-publish","hentry"],"yoast_head":"<!-- This site is optimized with the Yoast SEO plugin v26.3 - https:\/\/yoast.com\/wordpress\/plugins\/seo\/ -->\n<title>Concept Mameko | Mameko<\/title>\n<meta name=\"robots\" content=\"index, follow, max-snippet:-1, max-image-preview:large, max-video-preview:-1\" \/>\n<link rel=\"canonical\" href=\"https:\/\/mameko.es\/fr\/concept-mameko\" \/>\n<meta property=\"og:locale\" content=\"fr_FR\" \/>\n<meta property=\"og:type\" content=\"article\" \/>\n<meta property=\"og:title\" content=\"Concept Mameko | Mameko\" \/>\n<meta property=\"og:description\" content=\"produits \u00e9coresponsablesservices naturels de bien-\u00eatrepour les femmes enceintes &amp; mamansBienvenue \u00e0 Toutes et \u00e0 TousTemps de lecture : 1 minute Je suis Estrella, heureuse maman de L\u00e9o depuis 2021 ! J&#039;ai toujours \u00e9t\u00e9 surprise, lorsque je me rendais \u00e0 une baby shower ou que je rendais visite \u00e0 mes amies enceintes ou qui venaient de [&hellip;]\" \/>\n<meta property=\"og:url\" content=\"https:\/\/mameko.es\/fr\/concept-mameko\" \/>\n<meta property=\"og:site_name\" content=\"Mameko\" \/>\n<meta property=\"article:modified_time\" content=\"2022-06-27T14:06:10+00:00\" \/>\n<meta property=\"og:image\" content=\"https:\/\/mameko.es\/wp-content\/uploads\/2021\/11\/logo-4f35a520-GOTS.webp\" \/>\n<meta name=\"twitter:card\" content=\"summary_large_image\" \/>\n<meta name=\"twitter:label1\" content=\"Dur\u00e9e de lecture estim\u00e9e\" \/>\n\t<meta name=\"twitter:data1\" content=\"8 minutes\" \/>\n<script type=\"application\/ld+json\" class=\"yoast-schema-graph\">{\"@context\":\"https:\/\/schema.org\",\"@graph\":[{\"@type\":\"WebPage\",\"@id\":\"https:\/\/mameko.es\/fr\/concept-mameko\",\"url\":\"https:\/\/mameko.es\/fr\/concept-mameko\",\"name\":\"Concept Mameko | Mameko\",\"isPartOf\":{\"@id\":\"https:\/\/mameko.es\/fr#website\"},\"primaryImageOfPage\":{\"@id\":\"https:\/\/mameko.es\/fr\/concept-mameko#primaryimage\"},\"image\":{\"@id\":\"https:\/\/mameko.es\/fr\/concept-mameko#primaryimage\"},\"thumbnailUrl\":\"https:\/\/mameko.es\/wp-content\/uploads\/2021\/11\/logo-4f35a520-GOTS.webp\",\"datePublished\":\"2020-12-03T23:33:57+00:00\",\"dateModified\":\"2022-06-27T14:06:10+00:00\",\"breadcrumb\":{\"@id\":\"https:\/\/mameko.es\/fr\/concept-mameko#breadcrumb\"},\"inLanguage\":\"fr-FR\",\"potentialAction\":[{\"@type\":\"ReadAction\",\"target\":[\"https:\/\/mameko.es\/fr\/concept-mameko\"]}]},{\"@type\":\"ImageObject\",\"inLanguage\":\"fr-FR\",\"@id\":\"https:\/\/mameko.es\/fr\/concept-mameko#primaryimage\",\"url\":\"https:\/\/mameko.es\/wp-content\/uploads\/2021\/11\/logo-4f35a520-GOTS.webp\",\"contentUrl\":\"https:\/\/mameko.es\/wp-content\/uploads\/2021\/11\/logo-4f35a520-GOTS.webp\"},{\"@type\":\"BreadcrumbList\",\"@id\":\"https:\/\/mameko.es\/fr\/concept-mameko#breadcrumb\",\"itemListElement\":[{\"@type\":\"ListItem\",\"position\":1,\"name\":\"Portada\",\"item\":\"https:\/\/mameko.es\/fr\"},{\"@type\":\"ListItem\",\"position\":2,\"name\":\"Concept Mameko\"}]},{\"@type\":\"WebSite\",\"@id\":\"https:\/\/mameko.es\/fr#website\",\"url\":\"https:\/\/mameko.es\/fr\",\"name\":\"Mameko\",\"description\":\"S\u00e9lection \u00e9coresponsable de produits et de services pour les femmes enceintes\",\"publisher\":{\"@id\":\"https:\/\/mameko.es\/fr#organization\"},\"potentialAction\":[{\"@type\":\"SearchAction\",\"target\":{\"@type\":\"EntryPoint\",\"urlTemplate\":\"https:\/\/mameko.es\/fr?s={search_term_string}\"},\"query-input\":{\"@type\":\"PropertyValueSpecification\",\"valueRequired\":true,\"valueName\":\"search_term_string\"}}],\"inLanguage\":\"fr-FR\"},{\"@type\":\"Organization\",\"@id\":\"https:\/\/mameko.es\/fr#organization\",\"name\":\"MAMEKO\",\"url\":\"https:\/\/mameko.es\/fr\",\"logo\":{\"@type\":\"ImageObject\",\"inLanguage\":\"fr-FR\",\"@id\":\"https:\/\/mameko.es\/fr#\/schema\/logo\/image\/\",\"url\":\"https:\/\/mameko.es\/wp-content\/uploads\/2020\/12\/D-Mameko-Logo512.png\",\"contentUrl\":\"https:\/\/mameko.es\/wp-content\/uploads\/2020\/12\/D-Mameko-Logo512.png\",\"width\":497,\"height\":512,\"caption\":\"MAMEKO\"},\"image\":{\"@id\":\"https:\/\/mameko.es\/fr#\/schema\/logo\/image\/\"}}]}<\/script>\n<!-- \/ Yoast SEO plugin. -->","yoast_head_json":{"title":"Concept Mameko | Mameko","robots":{"index":"index","follow":"follow","max-snippet":"max-snippet:-1","max-image-preview":"max-image-preview:large","max-video-preview":"max-video-preview:-1"},"canonical":"https:\/\/mameko.es\/fr\/concept-mameko","og_locale":"fr_FR","og_type":"article","og_title":"Concept Mameko | Mameko","og_description":"produits \u00e9coresponsablesservices naturels de bien-\u00eatrepour les femmes enceintes &amp; mamansBienvenue \u00e0 Toutes et \u00e0 TousTemps de lecture : 1 minute Je suis Estrella, heureuse maman de L\u00e9o depuis 2021 ! J'ai toujours \u00e9t\u00e9 surprise, lorsque je me rendais \u00e0 une baby shower ou que je rendais visite \u00e0 mes amies enceintes ou qui venaient de [&hellip;]","og_url":"https:\/\/mameko.es\/fr\/concept-mameko","og_site_name":"Mameko","article_modified_time":"2022-06-27T14:06:10+00:00","og_image":[{"url":"https:\/\/mameko.es\/wp-content\/uploads\/2021\/11\/logo-4f35a520-GOTS.webp","type":"","width":"","height":""}],"twitter_card":"summary_large_image","twitter_misc":{"Dur\u00e9e de lecture estim\u00e9e":"8 minutes"},"schema":{"@context":"https:\/\/schema.org","@graph":[{"@type":"WebPage","@id":"https:\/\/mameko.es\/fr\/concept-mameko","url":"https:\/\/mameko.es\/fr\/concept-mameko","name":"Concept Mameko | Mameko","isPartOf":{"@id":"https:\/\/mameko.es\/fr#website"},"primaryImageOfPage":{"@id":"https:\/\/mameko.es\/fr\/concept-mameko#primaryimage"},"image":{"@id":"https:\/\/mameko.es\/fr\/concept-mameko#primaryimage"},"thumbnailUrl":"https:\/\/mameko.es\/wp-content\/uploads\/2021\/11\/logo-4f35a520-GOTS.webp","datePublished":"2020-12-03T23:33:57+00:00","dateModified":"2022-06-27T14:06:10+00:00","breadcrumb":{"@id":"https:\/\/mameko.es\/fr\/concept-mameko#breadcrumb"},"inLanguage":"fr-FR","potentialAction":[{"@type":"ReadAction","target":["https:\/\/mameko.es\/fr\/concept-mameko"]}]},{"@type":"ImageObject","inLanguage":"fr-FR","@id":"https:\/\/mameko.es\/fr\/concept-mameko#primaryimage","url":"https:\/\/mameko.es\/wp-content\/uploads\/2021\/11\/logo-4f35a520-GOTS.webp","contentUrl":"https:\/\/mameko.es\/wp-content\/uploads\/2021\/11\/logo-4f35a520-GOTS.webp"},{"@type":"BreadcrumbList","@id":"https:\/\/mameko.es\/fr\/concept-mameko#breadcrumb","itemListElement":[{"@type":"ListItem","position":1,"name":"Portada","item":"https:\/\/mameko.es\/fr"},{"@type":"ListItem","position":2,"name":"Concept Mameko"}]},{"@type":"WebSite","@id":"https:\/\/mameko.es\/fr#website","url":"https:\/\/mameko.es\/fr","name":"Mameko","description":"S\u00e9lection \u00e9coresponsable de produits et de services pour les femmes enceintes","publisher":{"@id":"https:\/\/mameko.es\/fr#organization"},"potentialAction":[{"@type":"SearchAction","target":{"@type":"EntryPoint","urlTemplate":"https:\/\/mameko.es\/fr?s={search_term_string}"},"query-input":{"@type":"PropertyValueSpecification","valueRequired":true,"valueName":"search_term_string"}}],"inLanguage":"fr-FR"},{"@type":"Organization","@id":"https:\/\/mameko.es\/fr#organization","name":"MAMEKO","url":"https:\/\/mameko.es\/fr","logo":{"@type":"ImageObject","inLanguage":"fr-FR","@id":"https:\/\/mameko.es\/fr#\/schema\/logo\/image\/","url":"https:\/\/mameko.es\/wp-content\/uploads\/2020\/12\/D-Mameko-Logo512.png","contentUrl":"https:\/\/mameko.es\/wp-content\/uploads\/2020\/12\/D-Mameko-Logo512.png","width":497,"height":512,"caption":"MAMEKO"},"image":{"@id":"https:\/\/mameko.es\/fr#\/schema\/logo\/image\/"}}]}},"_links":{"self":[{"href":"https:\/\/mameko.es\/fr\/wp-json\/wp\/v2\/pages\/1865","targetHints":{"allow":["GET"]}}],"collection":[{"href":"https:\/\/mameko.es\/fr\/wp-json\/wp\/v2\/pages"}],"about":[{"href":"https:\/\/mameko.es\/fr\/wp-json\/wp\/v2\/types\/page"}],"author":[{"embeddable":true,"href":"https:\/\/mameko.es\/fr\/wp-json\/wp\/v2\/users\/1"}],"replies":[{"embeddable":true,"href":"https:\/\/mameko.es\/fr\/wp-json\/wp\/v2\/comments?post=1865"}],"version-history":[{"count":6,"href":"https:\/\/mameko.es\/fr\/wp-json\/wp\/v2\/pages\/1865\/revisions"}],"predecessor-version":[{"id":2372,"href":"https:\/\/mameko.es\/fr\/wp-json\/wp\/v2\/pages\/1865\/revisions\/2372"}],"wp:attachment":[{"href":"https:\/\/mameko.es\/fr\/wp-json\/wp\/v2\/media?parent=1865"}],"curies":[{"name":"wp","href":"https:\/\/api.w.org\/{rel}","templated":true}]}}