{"id":1853,"date":"2020-11-24T22:16:51","date_gmt":"2020-11-24T22:16:51","guid":{"rendered":"https:\/\/mameko.es\/accueil"},"modified":"2022-09-05T08:27:22","modified_gmt":"2022-09-05T08:27:22","slug":"accueil","status":"publish","type":"page","link":"https:\/\/mameko.es\/fr\/accueil","title":{"rendered":"Accueil"},"content":{"rendered":"<p>[et_pb_section fb_built=&#8221;1&#8243; fullwidth=&#8221;on&#8221; _builder_version=&#8221;4.16&#8243; _module_preset=&#8221;default&#8221; background_enable_color=&#8221;off&#8221; background_image=&#8221;https:\/\/mameko.es\/wp-content\/uploads\/2021\/11\/Barriga-Mameko.jpg&#8221; background_position=&#8221;center_left&#8221; width_tablet=&#8221;&#8221; width_phone=&#8221;&#8221; width_last_edited=&#8221;on|desktop&#8221; max_width=&#8221;100%&#8221; max_width_tablet=&#8221;100%&#8221; max_width_phone=&#8221;100%&#8221; max_width_last_edited=&#8221;on|desktop&#8221; module_alignment=&#8221;center&#8221; height=&#8221;322px&#8221; height_tablet=&#8221;322px&#8221; height_phone=&#8221;322px&#8221; height_last_edited=&#8221;on|desktop&#8221; custom_margin=&#8221;0px||29px||false|false&#8221; custom_padding=&#8221;0px||||false|false&#8221; global_colors_info=&#8221;{}&#8221;][et_pb_fullwidth_header title_tablet=&#8221;&#8221; title_phone=&#8221;&#8221; title_last_edited=&#8221;on|tablet&#8221; _builder_version=&#8221;4.18.0&#8243; _module_preset=&#8221;default&#8221; title_font=&#8221;Comfortaa|700||on|||||&#8221; title_text_align=&#8221;center&#8221; title_text_color=&#8221;#807182&#8243; title_font_size=&#8221;22px&#8221; title_letter_spacing=&#8221;7px&#8221; title_line_height=&#8221;1.4em&#8221; content_font=&#8221;Comfortaa|700||on|||||&#8221; content_text_align=&#8221;center&#8221; content_text_color=&#8221;#807182&#8243; content_font_size=&#8221;20px&#8221; content_letter_spacing=&#8221;6px&#8221; content_line_height=&#8221;2.2em&#8221; subhead_font=&#8221;Comfortaa|700||on|||||&#8221; subhead_text_align=&#8221;center&#8221; subhead_text_color=&#8221;#807182&#8243; subhead_font_size=&#8221;20px&#8221; subhead_letter_spacing=&#8221;7px&#8221; subhead_line_height=&#8221;1.4em&#8221; background_color=&#8221;rgba(255,255,255,0.64)&#8221; custom_button_one=&#8221;on&#8221; button_one_text_size=&#8221;12px&#8221; button_one_text_color=&#8221;#807182&#8243; button_one_bg_color=&#8221;#ead7d7&#8243; button_one_border_width=&#8221;0px&#8221; button_one_border_radius=&#8221;31px&#8221; button_one_font=&#8221;PT Sans|700||on|||||&#8221; custom_button_two=&#8221;on&#8221; button_two_text_size=&#8221;12px&#8221; button_two_text_color=&#8221;#807182&#8243; button_two_bg_color=&#8221;#ead7d7&#8243; button_two_border_width=&#8221;0px&#8221; button_two_border_radius=&#8221;31px&#8221; button_two_font=&#8221;PT Sans|700||on|||||&#8221; width=&#8221;100%&#8221; module_alignment=&#8221;center&#8221; height=&#8221;349px&#8221; height_tablet=&#8221;349px&#8221; height_phone=&#8221;349px&#8221; height_last_edited=&#8221;on|desktop&#8221; custom_margin=&#8221;0px||0px||true|false&#8221; custom_padding=&#8221;63px|0px|63px|0px|true|true&#8221; content_font_tablet=&#8221;Comfortaa|700||on|||||&#8221; content_font_phone=&#8221;Comfortaa|700||on|||||&#8221; content_font_last_edited=&#8221;on|phone&#8221; content_font_size_tablet=&#8221;20px&#8221; content_font_size_phone=&#8221;12px&#8221; content_font_size_last_edited=&#8221;on|phone&#8221; content_letter_spacing_tablet=&#8221;6px&#8221; content_letter_spacing_phone=&#8221;0px&#8221; content_letter_spacing_last_edited=&#8221;on|phone&#8221; content_line_height_tablet=&#8221;2.2em&#8221; content_line_height_phone=&#8221;2em&#8221; content_line_height_last_edited=&#8221;on|desktop&#8221; subhead_font_tablet=&#8221;Comfortaa|700||||on|||&#8221; subhead_font_phone=&#8221;Comfortaa|||||on|||&#8221; subhead_font_last_edited=&#8221;on|tablet&#8221; subhead_font_size_tablet=&#8221;22px&#8221; subhead_font_size_phone=&#8221;20px&#8221; subhead_font_size_last_edited=&#8221;on|desktop&#8221; button_one_text_size_tablet=&#8221;&#8221; button_one_text_size_phone=&#8221;11px&#8221; button_one_text_size_last_edited=&#8221;on|phone&#8221; button_two_text_size_tablet=&#8221;&#8221; button_two_text_size_phone=&#8221;11px&#8221; button_two_text_size_last_edited=&#8221;on|phone&#8221; global_colors_info=&#8221;{}&#8221;]<\/p>\n<p><strong>produits \u00e9coresponsables<\/strong><\/p>\n<p><strong>services naturels de bien-\u00eatre<\/strong><\/p>\n<p><strong>pour les femmes enceintes &amp; mamans<\/strong><\/p>\n<p>[\/et_pb_fullwidth_header][\/et_pb_section][et_pb_section fb_built=&#8221;1&#8243; _builder_version=&#8221;4.18.0&#8243; _module_preset=&#8221;default&#8221; background_color=&#8221;#EAE0E4&#8243; max_width=&#8221;1080px&#8221; module_alignment=&#8221;center&#8221; custom_margin=&#8221;-29px||100px||false|false&#8221; custom_padding=&#8221;10px||0px|||&#8221; global_colors_info=&#8221;{}&#8221;][et_pb_row column_structure=&#8221;1_2,1_2&#8243; _builder_version=&#8221;4.18.0&#8243; _module_preset=&#8221;default&#8221; width=&#8221;100%&#8221; global_colors_info=&#8221;{}&#8221;][et_pb_column type=&#8221;1_2&#8243; _builder_version=&#8221;4.18.0&#8243; _module_preset=&#8221;default&#8221; global_colors_info=&#8221;{}&#8221;][et_pb_text _builder_version=&#8221;4.18.0&#8243; _module_preset=&#8221;default&#8221; text_font=&#8221;PT Sans||||||||&#8221; text_text_color=&#8221;#807182&#8243; text_font_size=&#8221;18px&#8221; custom_margin=&#8221;|||10px|false|false&#8221; custom_padding=&#8221;||0px|||&#8221; global_colors_info=&#8221;{}&#8221;]<\/p>\n<p><strong>Produits Artisanaux<br \/>Faits \u00e0 Barcelone<br \/>100% Coton Organique<br \/><\/strong><strong>Certifi\u00e9 GOTS<\/strong> (Global Organic Textile Standard)<\/p>\n<p>[\/et_pb_text][et_pb_button button_url=&#8221;https:\/\/mameko.es\/fr\/produits-mameko&#8221; button_text=&#8221;D\u00e9couvrir tous les produits \u2192&#8221; _builder_version=&#8221;4.18.0&#8243; _module_preset=&#8221;default&#8221; custom_button=&#8221;on&#8221; button_text_color=&#8221;#807182&#8243; button_bg_color=&#8221;#FAFAEF&#8221; button_border_width=&#8221;0px&#8221; global_colors_info=&#8221;{}&#8221;][\/et_pb_button][\/et_pb_column][et_pb_column type=&#8221;1_2&#8243; _builder_version=&#8221;4.18.0&#8243; _module_preset=&#8221;default&#8221; global_colors_info=&#8221;{}&#8221;][et_pb_image src=&#8221;https:\/\/mameko.es\/wp-content\/uploads\/2022\/09\/PRODUITS-DALMAU-scaled.jpg&#8221; title_text=&#8221;PRODUITS-DALMAU&#8221; _builder_version=&#8221;4.18.0&#8243; _module_preset=&#8221;default&#8221; global_colors_info=&#8221;{}&#8221;][\/et_pb_image][\/et_pb_column][\/et_pb_row][et_pb_row _builder_version=&#8221;4.16&#8243; _module_preset=&#8221;default&#8221; width=&#8221;100%&#8221; custom_margin=&#8221;||0px||false|false&#8221; custom_padding=&#8221;0px||0px||true|false&#8221; global_colors_info=&#8221;{}&#8221;][et_pb_column type=&#8221;4_4&#8243; _builder_version=&#8221;4.16&#8243; _module_preset=&#8221;default&#8221; global_colors_info=&#8221;{}&#8221;][et_pb_shop type=&#8221;product_category&#8221; posts_number=&#8221;4&#8243; show_pagination=&#8221;on&#8221; include_categories=&#8221;72&#8243; _builder_version=&#8221;4.18.0&#8243; _module_preset=&#8221;default&#8221; title_text_align=&#8221;center&#8221; price_text_align=&#8221;center&#8221; custom_margin=&#8221;||61px||false|false&#8221; global_colors_info=&#8221;{}&#8221;][\/et_pb_shop][\/et_pb_column][\/et_pb_row][\/et_pb_section][et_pb_section fb_built=&#8221;1&#8243; _builder_version=&#8221;4.18.0&#8243; _module_preset=&#8221;default&#8221; background_color=&#8221;#FAFAEF&#8221; max_width=&#8221;1080px&#8221; module_alignment=&#8221;center&#8221; custom_margin=&#8221;-100px||0px||false|false&#8221; custom_padding=&#8221;10px||0px|||&#8221; global_colors_info=&#8221;{}&#8221;][et_pb_row column_structure=&#8221;1_2,1_2&#8243; _builder_version=&#8221;4.18.0&#8243; _module_preset=&#8221;default&#8221; width=&#8221;100%&#8221; global_colors_info=&#8221;{}&#8221;][et_pb_column type=&#8221;1_2&#8243; _builder_version=&#8221;4.18.0&#8243; _module_preset=&#8221;default&#8221; global_colors_info=&#8221;{}&#8221;][et_pb_text _builder_version=&#8221;4.18.0&#8243; _module_preset=&#8221;default&#8221; text_font=&#8221;PT Sans||||||||&#8221; text_text_color=&#8221;#807182&#8243; text_font_size=&#8221;18px&#8221; custom_margin=&#8221;|||10px|false|false&#8221; custom_padding=&#8221;||0px|||&#8221; global_colors_info=&#8221;{}&#8221;]<\/p>\n<p><strong>Accompagnement en groupe ou individuel<br \/>Cours et Ateliers<br \/>Vid\u00e9os Astuces MAMEKO<br \/><\/strong><strong><\/strong><\/p>\n<p>[\/et_pb_text][et_pb_button button_url=&#8221;https:\/\/mameko.es\/fr\/academie-mameko&#8221; button_text=&#8221;D\u00e9couvrir tous les services \u2192&#8221; _builder_version=&#8221;4.18.0&#8243; _module_preset=&#8221;default&#8221; custom_button=&#8221;on&#8221; button_text_color=&#8221;#FAFAEF&#8221; button_bg_color=&#8221;#B6B4C3&#8243; button_border_width=&#8221;0px&#8221; global_colors_info=&#8221;{}&#8221;][\/et_pb_button][\/et_pb_column][et_pb_column type=&#8221;1_2&#8243; _builder_version=&#8221;4.18.0&#8243; _module_preset=&#8221;default&#8221; global_colors_info=&#8221;{}&#8221;][et_pb_image src=&#8221;https:\/\/mameko.es\/wp-content\/uploads\/2022\/09\/SERVICIOS-DALMAU-scaled.jpg&#8221; title_text=&#8221;SERVICIOS-DALMAU&#8221; align=&#8221;right&#8221; align_tablet=&#8221;right&#8221; align_phone=&#8221;center&#8221; align_last_edited=&#8221;on|phone&#8221; _builder_version=&#8221;4.18.0&#8243; _module_preset=&#8221;default&#8221; max_height=&#8221;373px&#8221; max_height_tablet=&#8221;373px&#8221; max_height_phone=&#8221;373px&#8221; max_height_last_edited=&#8221;on|phone&#8221; hover_enabled=&#8221;0&#8243; global_colors_info=&#8221;{}&#8221; sticky_enabled=&#8221;0&#8243;][\/et_pb_image][\/et_pb_column][\/et_pb_row][et_pb_row _builder_version=&#8221;4.16&#8243; _module_preset=&#8221;default&#8221; width=&#8221;100%&#8221; custom_margin=&#8221;||0px||false|false&#8221; custom_padding=&#8221;0px||0px||true|false&#8221; global_colors_info=&#8221;{}&#8221;][et_pb_column type=&#8221;4_4&#8243; _builder_version=&#8221;4.16&#8243; _module_preset=&#8221;default&#8221; global_colors_info=&#8221;{}&#8221;][et_pb_shop type=&#8221;product_category&#8221; posts_number=&#8221;4&#8243; show_pagination=&#8221;on&#8221; include_categories=&#8221;58,92,75&#8243; _builder_version=&#8221;4.18.0&#8243; _module_preset=&#8221;default&#8221; title_text_align=&#8221;center&#8221; price_text_align=&#8221;center&#8221; custom_margin=&#8221;||61px||false|false&#8221; global_colors_info=&#8221;{}&#8221;][\/et_pb_shop][\/et_pb_column][\/et_pb_row][\/et_pb_section]<\/p>\n","protected":false},"excerpt":{"rendered":"<p>produits \u00e9coresponsables services naturels de bien-\u00eatre pour les femmes enceintes &amp; mamansProduits ArtisanauxFaits \u00e0 Barcelone100% Coton OrganiqueCertifi\u00e9 GOTS (Global Organic Textile Standard)Accompagnement en groupe ou individuelCours et AteliersVid\u00e9os Astuces MAMEKO<\/p>\n","protected":false},"author":1,"featured_media":0,"parent":0,"menu_order":0,"comment_status":"closed","ping_status":"closed","template":"","meta":{"_et_pb_use_builder":"on","_et_pb_old_content":"","_et_gb_content_width":"","inline_featured_image":false,"footnotes":""},"class_list":["post-1853","page","type-page","status-publish","hentry"],"yoast_head":"<!-- This site is optimized with the Yoast SEO plugin v26.3 - https:\/\/yoast.com\/wordpress\/plugins\/seo\/ -->\n<title>Accueil | Mameko - Services et cadeaux pour les femmes enceintes<\/title>\n<meta name=\"description\" content=\"Si tu es enceinte ou si tu veux offrir un cadeau, tu trouveras ici une s\u00e9lection \u00e9coresponsable de services et de cadeaux pour les femmes enceintes et les nouvelles mamans.\" \/>\n<meta name=\"robots\" content=\"index, follow, max-snippet:-1, max-image-preview:large, max-video-preview:-1\" \/>\n<link rel=\"canonical\" href=\"https:\/\/mameko.es\/fr\/accueil\" \/>\n<meta property=\"og:locale\" content=\"fr_FR\" \/>\n<meta property=\"og:type\" content=\"article\" \/>\n<meta property=\"og:title\" content=\"Accueil | Mameko - Services et cadeaux pour les femmes enceintes\" \/>\n<meta property=\"og:description\" content=\"Si tu es enceinte ou si tu veux offrir un cadeau, tu trouveras ici une s\u00e9lection \u00e9coresponsable de services et de cadeaux pour les femmes enceintes et les nouvelles mamans.\" \/>\n<meta property=\"og:url\" content=\"https:\/\/mameko.es\/fr\/accueil\" \/>\n<meta property=\"og:site_name\" content=\"Mameko\" \/>\n<meta property=\"article:modified_time\" content=\"2022-09-05T08:27:22+00:00\" \/>\n<meta name=\"twitter:card\" content=\"summary_large_image\" \/>\n<meta name=\"twitter:label1\" content=\"Dur\u00e9e de lecture estim\u00e9e\" \/>\n\t<meta name=\"twitter:data1\" content=\"5 minutes\" \/>\n<script type=\"application\/ld+json\" class=\"yoast-schema-graph\">{\"@context\":\"https:\/\/schema.org\",\"@graph\":[{\"@type\":\"WebPage\",\"@id\":\"https:\/\/mameko.es\/fr\/accueil\",\"url\":\"https:\/\/mameko.es\/fr\/accueil\",\"name\":\"Accueil | Mameko - Services et cadeaux pour les femmes enceintes\",\"isPartOf\":{\"@id\":\"https:\/\/mameko.es\/fr#website\"},\"datePublished\":\"2020-11-24T22:16:51+00:00\",\"dateModified\":\"2022-09-05T08:27:22+00:00\",\"description\":\"Si tu es enceinte ou si tu veux offrir un cadeau, tu trouveras ici une s\u00e9lection \u00e9coresponsable de services et de cadeaux pour les femmes enceintes et les nouvelles mamans.\",\"breadcrumb\":{\"@id\":\"https:\/\/mameko.es\/fr\/accueil#breadcrumb\"},\"inLanguage\":\"fr-FR\",\"potentialAction\":[{\"@type\":\"ReadAction\",\"target\":[\"https:\/\/mameko.es\/fr\/accueil\"]}]},{\"@type\":\"BreadcrumbList\",\"@id\":\"https:\/\/mameko.es\/fr\/accueil#breadcrumb\",\"itemListElement\":[{\"@type\":\"ListItem\",\"position\":1,\"name\":\"Portada\",\"item\":\"https:\/\/mameko.es\/fr\"},{\"@type\":\"ListItem\",\"position\":2,\"name\":\"Accueil\"}]},{\"@type\":\"WebSite\",\"@id\":\"https:\/\/mameko.es\/fr#website\",\"url\":\"https:\/\/mameko.es\/fr\",\"name\":\"Mameko\",\"description\":\"S\u00e9lection \u00e9coresponsable de produits et de services pour les femmes enceintes\",\"publisher\":{\"@id\":\"https:\/\/mameko.es\/fr#organization\"},\"potentialAction\":[{\"@type\":\"SearchAction\",\"target\":{\"@type\":\"EntryPoint\",\"urlTemplate\":\"https:\/\/mameko.es\/fr?s={search_term_string}\"},\"query-input\":{\"@type\":\"PropertyValueSpecification\",\"valueRequired\":true,\"valueName\":\"search_term_string\"}}],\"inLanguage\":\"fr-FR\"},{\"@type\":\"Organization\",\"@id\":\"https:\/\/mameko.es\/fr#organization\",\"name\":\"MAMEKO\",\"url\":\"https:\/\/mameko.es\/fr\",\"logo\":{\"@type\":\"ImageObject\",\"inLanguage\":\"fr-FR\",\"@id\":\"https:\/\/mameko.es\/fr#\/schema\/logo\/image\/\",\"url\":\"https:\/\/mameko.es\/wp-content\/uploads\/2020\/12\/D-Mameko-Logo512.png\",\"contentUrl\":\"https:\/\/mameko.es\/wp-content\/uploads\/2020\/12\/D-Mameko-Logo512.png\",\"width\":497,\"height\":512,\"caption\":\"MAMEKO\"},\"image\":{\"@id\":\"https:\/\/mameko.es\/fr#\/schema\/logo\/image\/\"}}]}<\/script>\n<!-- \/ Yoast SEO plugin. -->","yoast_head_json":{"title":"Accueil | Mameko - Services et cadeaux pour les femmes enceintes","description":"Si tu es enceinte ou si tu veux offrir un cadeau, tu trouveras ici une s\u00e9lection \u00e9coresponsable de services et de cadeaux pour les femmes enceintes et les nouvelles mamans.","robots":{"index":"index","follow":"follow","max-snippet":"max-snippet:-1","max-image-preview":"max-image-preview:large","max-video-preview":"max-video-preview:-1"},"canonical":"https:\/\/mameko.es\/fr\/accueil","og_locale":"fr_FR","og_type":"article","og_title":"Accueil | Mameko - Services et cadeaux pour les femmes enceintes","og_description":"Si tu es enceinte ou si tu veux offrir un cadeau, tu trouveras ici une s\u00e9lection \u00e9coresponsable de services et de cadeaux pour les femmes enceintes et les nouvelles mamans.","og_url":"https:\/\/mameko.es\/fr\/accueil","og_site_name":"Mameko","article_modified_time":"2022-09-05T08:27:22+00:00","twitter_card":"summary_large_image","twitter_misc":{"Dur\u00e9e de lecture estim\u00e9e":"5 minutes"},"schema":{"@context":"https:\/\/schema.org","@graph":[{"@type":"WebPage","@id":"https:\/\/mameko.es\/fr\/accueil","url":"https:\/\/mameko.es\/fr\/accueil","name":"Accueil | Mameko - Services et cadeaux pour les femmes enceintes","isPartOf":{"@id":"https:\/\/mameko.es\/fr#website"},"datePublished":"2020-11-24T22:16:51+00:00","dateModified":"2022-09-05T08:27:22+00:00","description":"Si tu es enceinte ou si tu veux offrir un cadeau, tu trouveras ici une s\u00e9lection \u00e9coresponsable de services et de cadeaux pour les femmes enceintes et les nouvelles mamans.","breadcrumb":{"@id":"https:\/\/mameko.es\/fr\/accueil#breadcrumb"},"inLanguage":"fr-FR","potentialAction":[{"@type":"ReadAction","target":["https:\/\/mameko.es\/fr\/accueil"]}]},{"@type":"BreadcrumbList","@id":"https:\/\/mameko.es\/fr\/accueil#breadcrumb","itemListElement":[{"@type":"ListItem","position":1,"name":"Portada","item":"https:\/\/mameko.es\/fr"},{"@type":"ListItem","position":2,"name":"Accueil"}]},{"@type":"WebSite","@id":"https:\/\/mameko.es\/fr#website","url":"https:\/\/mameko.es\/fr","name":"Mameko","description":"S\u00e9lection \u00e9coresponsable de produits et de services pour les femmes enceintes","publisher":{"@id":"https:\/\/mameko.es\/fr#organization"},"potentialAction":[{"@type":"SearchAction","target":{"@type":"EntryPoint","urlTemplate":"https:\/\/mameko.es\/fr?s={search_term_string}"},"query-input":{"@type":"PropertyValueSpecification","valueRequired":true,"valueName":"search_term_string"}}],"inLanguage":"fr-FR"},{"@type":"Organization","@id":"https:\/\/mameko.es\/fr#organization","name":"MAMEKO","url":"https:\/\/mameko.es\/fr","logo":{"@type":"ImageObject","inLanguage":"fr-FR","@id":"https:\/\/mameko.es\/fr#\/schema\/logo\/image\/","url":"https:\/\/mameko.es\/wp-content\/uploads\/2020\/12\/D-Mameko-Logo512.png","contentUrl":"https:\/\/mameko.es\/wp-content\/uploads\/2020\/12\/D-Mameko-Logo512.png","width":497,"height":512,"caption":"MAMEKO"},"image":{"@id":"https:\/\/mameko.es\/fr#\/schema\/logo\/image\/"}}]}},"_links":{"self":[{"href":"https:\/\/mameko.es\/fr\/wp-json\/wp\/v2\/pages\/1853","targetHints":{"allow":["GET"]}}],"collection":[{"href":"https:\/\/mameko.es\/fr\/wp-json\/wp\/v2\/pages"}],"about":[{"href":"https:\/\/mameko.es\/fr\/wp-json\/wp\/v2\/types\/page"}],"author":[{"embeddable":true,"href":"https:\/\/mameko.es\/fr\/wp-json\/wp\/v2\/users\/1"}],"replies":[{"embeddable":true,"href":"https:\/\/mameko.es\/fr\/wp-json\/wp\/v2\/comments?post=1853"}],"version-history":[{"count":19,"href":"https:\/\/mameko.es\/fr\/wp-json\/wp\/v2\/pages\/1853\/revisions"}],"predecessor-version":[{"id":2661,"href":"https:\/\/mameko.es\/fr\/wp-json\/wp\/v2\/pages\/1853\/revisions\/2661"}],"wp:attachment":[{"href":"https:\/\/mameko.es\/fr\/wp-json\/wp\/v2\/media?parent=1853"}],"curies":[{"name":"wp","href":"https:\/\/api.w.org\/{rel}","templated":true}]}}